{"id":1089,"date":"2017-06-14T01:39:14","date_gmt":"2017-06-13T23:39:14","guid":{"rendered":"https:\/\/www.norpaper.com\/technique\/"},"modified":"2022-06-26T00:07:55","modified_gmt":"2022-06-25T22:07:55","slug":"technique","status":"publish","type":"page","link":"https:\/\/www.norpaper.com\/de\/technique\/","title":{"rendered":"Technik"},"content":{"rendered":"<!--themify_builder_content-->\n<div id=\"themify_builder_content-1089\" data-postid=\"1089\" class=\"themify_builder_content themify_builder_content-1089 themify_builder tf_clear\">\n    \t<!-- module_row -->\n\t<div  data-desktop-padding=\"6px,6px\" data-css_id=\"ryw1696\" data-lazy=\"1\" class=\"module_row themify_builder_row fullcover fullwidth_row_container tb_ryw1696 tb_first tf_clearfix wow\" data-tf-animation=\"fadeIn\" >\n\t    <div class=\"builder_row_cover tf_abs\"><\/div>\t\t<div class=\"row_inner col_align_top col-count-1 tf_box tf_w tf_rel\">\n\t\t\t<div  data-lazy=\"1\" class=\"module_column tb-column col-full   first tb_puez030 tf_box\">\n\t\t\t    \t        <div class=\"tb-column-inner tf_box tf_w\">\n\t\t    <!-- module text -->\n<div  class=\"module module-text tb_2xye087    wow\" data-tf-animation=\"fadeInUp\" data-lazy=\"1\">\n        <div  class=\"tb_text_wrap\">\n    <h2>Zur Hochleistung dank unserer Belegschaft<\/h2>    <\/div>\n<\/div>\n<!-- \/module text -->\t        <\/div>\n\t    \t<\/div>\n\t\t    <\/div>\n\t    <!-- \/row_inner -->\n\t<\/div>\n\t<!-- \/module_row -->\n\t\t<!-- module_row -->\n\t<div  data-lazy=\"1\" class=\"module_row themify_builder_row tb_ig6g014 tf_clearfix\" >\n\t    \t\t<div class=\"row_inner col_align_top col-count-1 tf_box tf_w tf_rel\">\n\t\t\t<div  data-lazy=\"1\" class=\"module_column tb-column col-full   first tb_ztub780 tf_box\">\n\t\t\t    \t        <div class=\"tb-column-inner tf_box tf_w\">\n\t\t    <!-- module text -->\n<div  class=\"module module-text tb_1n9v371   \" data-lazy=\"1\">\n        <div  class=\"tb_text_wrap\">\n    <h5>Dank kontinuierlich get\u00e4tigten Investitionen entspricht technische Ausstattung von NorPaper perfekt den Anforderungen des Marktes.<\/h5>    <\/div>\n<\/div>\n<!-- \/module text -->\t        <\/div>\n\t    \t<\/div>\n\t\t    <\/div>\n\t    <!-- \/row_inner -->\n\t<\/div>\n\t<!-- \/module_row -->\n\t\t<!-- module_row -->\n\t<div  data-css_id=\"ppsw737\" data-lazy=\"1\" class=\"module_row themify_builder_row fullwidth tb_ppsw737 tf_clearfix\" >\n\t    \t\t<div class=\"row_inner col_align_middle gutter-none col-count-2 tf_box tf_w tf_rel\">\n\t\t\t<div  data-lazy=\"1\" class=\"module_column tb-column col4-2  first tb_tkhv808 fullcover tf_box\">\n\t\t\t    \t<\/div>\n\t\t<div  data-lazy=\"1\" class=\"module_column tb-column col4-2  last tb_igkt855 tf_box\">\n\t\t\t    \t        <div class=\"tb-column-inner tf_box tf_w\">\n\t\t    <!-- module text -->\n<div  class=\"module module-text tb_i3sj083   \" data-lazy=\"1\">\n        <div  class=\"tb_text_wrap\">\n    <h3>Unsere erste &#8220;Energiequelle&#8221;: der Mensch<\/h3>\r\n<p>Das Fachwissen als auch die Innovationsf\u00e4higkeit unserer Belegschaft erm\u00f6glicht einen konkurrenzf\u00e4higen Produktionsprozess, der leistungsstarke Produkte entsprechend der Kundenanforderungen erstellt. <\/p>\r\n    <\/div>\n<\/div>\n<!-- \/module text -->\t        <\/div>\n\t    \t<\/div>\n\t\t    <\/div>\n\t    <!-- \/row_inner -->\n\t<\/div>\n\t<!-- \/module_row -->\n\t\t<!-- module_row -->\n\t<div  data-css_id=\"kzjs307\" data-lazy=\"1\" class=\"module_row themify_builder_row fullwidth tb_kzjs307 tf_clearfix hide-tablet hide-mobile\" >\n\t    \t\t<div class=\"row_inner col_align_middle gutter-none col-count-2 tf_box tf_w tf_rel\">\n\t\t\t<div  data-lazy=\"1\" class=\"module_column tb-column col4-2  first tb_lnvj133 tf_box\">\n\t\t\t    \t        <div class=\"tb-column-inner tf_box tf_w\">\n\t\t    <!-- module text -->\n<div  class=\"module module-text tb_ibv2803   \" data-lazy=\"1\">\n        <div  class=\"tb_text_wrap\">\n    Nach sorgf\u00e4ltiger Auswahl der Rohmaterialien und einem optimierten Herstellungsprozess, erstellt NorPaper Produkte, die den Kundenbed\u00fcrfnissen entsprechen. NorPaper scheut sich nicht davor in die Ausstattung als auch die Weiterbildung der Mitarbeiter zu investieren. Dies ist unter anderem ein Erfolgsgeheimnis des Unternehmens und warum das Unternehmen in der Papierindustrie als Referenz (Benchmark) gesehen wird.    <\/div>\n<\/div>\n<!-- \/module text -->\t        <\/div>\n\t    \t<\/div>\n\t\t<div  data-lazy=\"1\" class=\"module_column tb-column col4-2  last tb_5wrt370 fullcover tf_box\">\n\t\t\t    \t<\/div>\n\t\t    <\/div>\n\t    <!-- \/row_inner -->\n\t<\/div>\n\t<!-- \/module_row -->\n\t\t<!-- module_row -->\n\t<div  data-css_id=\"mon1767\" data-lazy=\"1\" class=\"module_row themify_builder_row fullwidth tb_mon1767 tf_clearfix hide-desktop\" >\n\t    \t\t<div class=\"row_inner col_align_middle gutter-none col-count-2 direction-rtl tf_box tf_w tf_rel\"  data-desktop_dir=\"rtl\">\n\t\t\t<div  data-lazy=\"1\" class=\"module_column tb-column col4-2  last tb_m62d138 tf_box\">\n\t\t\t    \t        <div class=\"tb-column-inner tf_box tf_w\">\n\t\t    <!-- module text -->\n<div  class=\"module module-text tb_3x9c830   \" data-lazy=\"1\">\n        <div  class=\"tb_text_wrap\">\n    Nach sorgf\u00e4ltiger Auswahl der Rohmaterialien und einem optimierten Herstellungsprozess, erstellt NorPaper Produkte, die den Kundenbed\u00fcrfnissen entsprechen. NorPaper scheut sich nicht davor in die Ausstattung als auch die Weiterbildung der Mitarbeiter zu investieren. Dies ist unter anderem ein Erfolgsgeheimnis des Unternehmens und warum das Unternehmen in der Papierindustrie als Referenz (Benchmark) gesehen wird.    <\/div>\n<\/div>\n<!-- \/module text -->\t        <\/div>\n\t    \t<\/div>\n\t\t<div  data-lazy=\"1\" class=\"module_column tb-column col4-2  first tb_m9uc811 fullcover tf_box\">\n\t\t\t    \t<\/div>\n\t\t    <\/div>\n\t    <!-- \/row_inner -->\n\t<\/div>\n\t<!-- \/module_row -->\n\t\t<!-- module_row -->\n\t<div  data-css_id=\"4xzu744\" data-lazy=\"1\" class=\"module_row themify_builder_row fullwidth tb_4xzu744 tf_clearfix\" >\n\t    \t\t<div class=\"row_inner col_align_middle gutter-none col-count-2 tf_box tf_w tf_rel\">\n\t\t\t<div  data-lazy=\"1\" class=\"module_column tb-column col4-2  first tb_pyea376 fullcover tf_box\">\n\t\t\t    \t<\/div>\n\t\t<div  data-lazy=\"1\" class=\"module_column tb-column col4-2  last tb_7qq6804 tf_box\">\n\t\t\t    \t        <div class=\"tb-column-inner tf_box tf_w\">\n\t\t    <!-- module text -->\n<div  class=\"module module-text tb_qjsl000   \" data-lazy=\"1\">\n        <div  class=\"tb_text_wrap\">\n    <h3>Entf\u00e4rbungsanlage<\/h3><p>An unserem Standort in Blendecques erstellt NorPaper aus Altpapier seine eigene wei\u00dfe Paste her. Dank seiner Entf\u00e4rbungsanlage ist das Unternehmen in der Lage den Wei\u00dfheitsgrad je Bedarf sowie die Regelm\u00e4\u00dfigkeit des Farbtones zu bestimmen.<\/p>    <\/div>\n<\/div>\n<!-- \/module text -->\t        <\/div>\n\t    \t<\/div>\n\t\t    <\/div>\n\t    <!-- \/row_inner -->\n\t<\/div>\n\t<!-- \/module_row -->\n\t\t<!-- module_row -->\n\t<div  data-css_id=\"6oi4723\" data-lazy=\"1\" class=\"module_row themify_builder_row fullwidth tb_6oi4723 tf_clearfix hide-tablet hide-mobile\" >\n\t    \t\t<div class=\"row_inner col_align_middle gutter-none col-count-2 tf_box tf_w tf_rel\">\n\t\t\t<div  data-lazy=\"1\" class=\"module_column tb-column col4-2  first tb_y7yr058 tf_box\">\n\t\t\t    \t        <div class=\"tb-column-inner tf_box tf_w\">\n\t\t    <!-- module text -->\n<div  class=\"module module-text tb_4423875   \" data-lazy=\"1\">\n        <div  class=\"tb_text_wrap\">\n    <h3>Maschinen<\/h3>\r\n<p>4 Papiermaschinen mit einer Produktionskapazit\u00e4t von 230 000 Tonnen (ungebleicht und wei\u00df) :<\/p>\r\n<ul>\r\n<li>Maschine 1 (Swing Maschine &#8211; optimale Breite 280 cm): Herstellung von Papier &#8220;Testline ungebleicht&#8221; als auch &#8220;Testliner wei\u00df&#8221;.<\/li>\r\n<li>Maschine 2 (Swing Maschine &#8211; optimale Breite 250 cm): Herstellung von Papier &#8220;Testline ungebleicht&#8221; als auch &#8220;Testliner wei\u00df&#8221;.<\/li>\r\n<li>Maschine 4 (optimale Breite 215cm): Herstellung von wei\u00dfen Testliner.<\/li>\r\n<li>Maschine 6 (optimale Breite 215cm): Herstellung von wei\u00dfen Testliner.<\/li>\r\n<\/ul>\r\n    <\/div>\n<\/div>\n<!-- \/module text -->\t        <\/div>\n\t    \t<\/div>\n\t\t<div  data-lazy=\"1\" class=\"module_column tb-column col4-2  last tb_td1q358 fullcover tf_box\">\n\t\t\t    \t<\/div>\n\t\t    <\/div>\n\t    <!-- \/row_inner -->\n\t<\/div>\n\t<!-- \/module_row -->\n\t\t<!-- module_row -->\n\t<div  data-css_id=\"4tbm700\" data-lazy=\"1\" class=\"module_row themify_builder_row fullwidth tb_4tbm700 tf_clearfix hide-desktop\" >\n\t    \t\t<div class=\"row_inner col_align_middle gutter-none col-count-2 direction-rtl tf_box tf_w tf_rel\"  data-desktop_dir=\"rtl\">\n\t\t\t<div  data-lazy=\"1\" class=\"module_column tb-column col4-2  last tb_6g1a860 tf_box\">\n\t\t\t    \t        <div class=\"tb-column-inner tf_box tf_w\">\n\t\t    <!-- module text -->\n<div  class=\"module module-text tb_6zc1406   \" data-lazy=\"1\">\n        <div  class=\"tb_text_wrap\">\n    <h3>Maschinen<\/h3>\r\n<p>4 Papiermaschinen mit einer Produktionskapazit\u00e4t von 230 000 Tonnen (ungebleicht und wei\u00df) :<\/p>\r\n<ul>\r\n<li>Maschine 1 (Swing Maschine &#8211; optimale Breite 280 cm): Herstellung von Papier &#8220;Testline ungebleicht&#8221; als auch &#8220;Testliner wei\u00df&#8221;.<\/li>\r\n<li>Maschine 2 (Swing Maschine &#8211; optimale Breite 250 cm): Herstellung von Papier &#8220;Testline ungebleicht&#8221; als auch &#8220;Testliner wei\u00df&#8221;.<\/li>\r\n<li>Maschine 4 (optimale Breite 215cm): Herstellung von wei\u00dfen Testliner.<\/li>\r\n<li>Maschine 6 (optimale Breite 215cm): Herstellung von wei\u00dfen Testliner.<\/li>\r\n<\/ul>\r\n    <\/div>\n<\/div>\n<!-- \/module text -->\t        <\/div>\n\t    \t<\/div>\n\t\t<div  data-lazy=\"1\" class=\"module_column tb-column col4-2  first tb_v8af606 fullcover tf_box\">\n\t\t\t    \t<\/div>\n\t\t    <\/div>\n\t    <!-- \/row_inner -->\n\t<\/div>\n\t<!-- \/module_row -->\n\t<\/div>\n<!--\/themify_builder_content-->","protected":false},"excerpt":{"rendered":"<p>Zur Hochleistung dank unserer Belegschaft Dank kontinuierlich get\u00e4tigten Investitionen entspricht technische Ausstattung von NorPaper perfekt den Anforderungen des Marktes. Unsere erste &#8220;Energiequelle&#8221;: der Mensch Das Fachwissen als auch die Innovationsf\u00e4higkeit unserer Belegschaft erm\u00f6glicht einen konkurrenzf\u00e4higen Produktionsprozess, der leistungsstarke Produkte entsprechend der Kundenanforderungen erstellt. Nach sorgf\u00e4ltiger Auswahl der Rohmaterialien und einem optimierten Herstellungsprozess, erstellt NorPaper Produkte, [&hellip;]<\/p>\n","protected":false},"author":1,"featured_media":0,"parent":0,"menu_order":0,"comment_status":"closed","ping_status":"closed","template":"","meta":{"footnotes":""},"class_list":["post-1089","page","type-page","status-publish","hentry","has-post-title","has-post-date","has-post-category","has-post-tag","has-post-comment","has-post-author",""],"yoast_head":"<!-- This site is optimized with the Yoast SEO plugin v18.9 - https:\/\/yoast.com\/wordpress\/plugins\/seo\/ -->\n<title>NorPaper - Technik: Zur Hochleistung dank unserer Belegschaft<\/title>\n<meta name=\"description\" content=\"Die Werkzeuge von NorPaper sind dank sorgf\u00e4ltig ausgearbeiteter Investitionspl\u00e4ne perfekt auf ihren Markt abgestimmt.\" \/>\n<meta name=\"robots\" content=\"index, follow, max-snippet:-1, max-image-preview:large, max-video-preview:-1\" \/>\n<link rel=\"canonical\" href=\"https:\/\/www.norpaper.com\/de\/technique\/\" \/>\n<meta property=\"og:locale\" content=\"de_DE\" \/>\n<meta property=\"og:type\" content=\"article\" \/>\n<meta property=\"og:title\" content=\"NorPaper - Technik: Zur Hochleistung dank unserer Belegschaft\" \/>\n<meta property=\"og:description\" content=\"Die Werkzeuge von NorPaper sind dank sorgf\u00e4ltig ausgearbeiteter Investitionspl\u00e4ne perfekt auf ihren Markt abgestimmt.\" \/>\n<meta property=\"og:url\" content=\"https:\/\/www.norpaper.com\/de\/technique\/\" \/>\n<meta property=\"og:site_name\" content=\"NorPaper\" \/>\n<meta property=\"article:modified_time\" content=\"2022-06-25T22:07:55+00:00\" \/>\n<meta name=\"twitter:card\" content=\"summary_large_image\" \/>\n<script type=\"application\/ld+json\" class=\"yoast-schema-graph\">{\"@context\":\"https:\/\/schema.org\",\"@graph\":[{\"@type\":\"WebSite\",\"@id\":\"https:\/\/www.norpaper.com\/#website\",\"url\":\"https:\/\/www.norpaper.com\/\",\"name\":\"NorPaper\",\"description\":\"Un site utilisant WordPress\",\"potentialAction\":[{\"@type\":\"SearchAction\",\"target\":{\"@type\":\"EntryPoint\",\"urlTemplate\":\"https:\/\/www.norpaper.com\/?s={search_term_string}\"},\"query-input\":\"required name=search_term_string\"}],\"inLanguage\":\"de\"},{\"@type\":\"WebPage\",\"@id\":\"https:\/\/www.norpaper.com\/de\/technique\/#webpage\",\"url\":\"https:\/\/www.norpaper.com\/de\/technique\/\",\"name\":\"NorPaper - Technik: Zur Hochleistung dank unserer Belegschaft\",\"isPartOf\":{\"@id\":\"https:\/\/www.norpaper.com\/#website\"},\"datePublished\":\"2017-06-13T23:39:14+00:00\",\"dateModified\":\"2022-06-25T22:07:55+00:00\",\"description\":\"Die Werkzeuge von NorPaper sind dank sorgf\u00e4ltig ausgearbeiteter Investitionspl\u00e4ne perfekt auf ihren Markt abgestimmt.\",\"breadcrumb\":{\"@id\":\"https:\/\/www.norpaper.com\/de\/technique\/#breadcrumb\"},\"inLanguage\":\"de\",\"potentialAction\":[{\"@type\":\"ReadAction\",\"target\":[\"https:\/\/www.norpaper.com\/de\/technique\/\"]}]},{\"@type\":\"BreadcrumbList\",\"@id\":\"https:\/\/www.norpaper.com\/de\/technique\/#breadcrumb\",\"itemListElement\":[{\"@type\":\"ListItem\",\"position\":1,\"name\":\"Technik\"}]}]}<\/script>\n<!-- \/ Yoast SEO plugin. -->","yoast_head_json":{"title":"NorPaper - Technik: Zur Hochleistung dank unserer Belegschaft","description":"Die Werkzeuge von NorPaper sind dank sorgf\u00e4ltig ausgearbeiteter Investitionspl\u00e4ne perfekt auf ihren Markt abgestimmt.","robots":{"index":"index","follow":"follow","max-snippet":"max-snippet:-1","max-image-preview":"max-image-preview:large","max-video-preview":"max-video-preview:-1"},"canonical":"https:\/\/www.norpaper.com\/de\/technique\/","og_locale":"de_DE","og_type":"article","og_title":"NorPaper - Technik: Zur Hochleistung dank unserer Belegschaft","og_description":"Die Werkzeuge von NorPaper sind dank sorgf\u00e4ltig ausgearbeiteter Investitionspl\u00e4ne perfekt auf ihren Markt abgestimmt.","og_url":"https:\/\/www.norpaper.com\/de\/technique\/","og_site_name":"NorPaper","article_modified_time":"2022-06-25T22:07:55+00:00","twitter_card":"summary_large_image","schema":{"@context":"https:\/\/schema.org","@graph":[{"@type":"WebSite","@id":"https:\/\/www.norpaper.com\/#website","url":"https:\/\/www.norpaper.com\/","name":"NorPaper","description":"Un site utilisant WordPress","potentialAction":[{"@type":"SearchAction","target":{"@type":"EntryPoint","urlTemplate":"https:\/\/www.norpaper.com\/?s={search_term_string}"},"query-input":"required name=search_term_string"}],"inLanguage":"de"},{"@type":"WebPage","@id":"https:\/\/www.norpaper.com\/de\/technique\/#webpage","url":"https:\/\/www.norpaper.com\/de\/technique\/","name":"NorPaper - Technik: Zur Hochleistung dank unserer Belegschaft","isPartOf":{"@id":"https:\/\/www.norpaper.com\/#website"},"datePublished":"2017-06-13T23:39:14+00:00","dateModified":"2022-06-25T22:07:55+00:00","description":"Die Werkzeuge von NorPaper sind dank sorgf\u00e4ltig ausgearbeiteter Investitionspl\u00e4ne perfekt auf ihren Markt abgestimmt.","breadcrumb":{"@id":"https:\/\/www.norpaper.com\/de\/technique\/#breadcrumb"},"inLanguage":"de","potentialAction":[{"@type":"ReadAction","target":["https:\/\/www.norpaper.com\/de\/technique\/"]}]},{"@type":"BreadcrumbList","@id":"https:\/\/www.norpaper.com\/de\/technique\/#breadcrumb","itemListElement":[{"@type":"ListItem","position":1,"name":"Technik"}]}]}},"builder_content":"<h2>Zur Hochleistung dank unserer Belegschaft<\/h2>\n<h5>Dank kontinuierlich get\u00e4tigten Investitionen entspricht technische Ausstattung von NorPaper perfekt den Anforderungen des Marktes.<\/h5>\n<h3>Unsere erste \"Energiequelle\": der Mensch<\/h3>\n<p>Das Fachwissen als auch die Innovationsf\u00e4higkeit unserer Belegschaft erm\u00f6glicht einen konkurrenzf\u00e4higen Produktionsprozess, der leistungsstarke Produkte entsprechend der Kundenanforderungen erstellt. <\/p>\nNach sorgf\u00e4ltiger Auswahl der Rohmaterialien und einem optimierten Herstellungsprozess, erstellt NorPaper Produkte, die den Kundenbed\u00fcrfnissen entsprechen. NorPaper scheut sich nicht davor in die Ausstattung als auch die Weiterbildung der Mitarbeiter zu investieren. Dies ist unter anderem ein Erfolgsgeheimnis des Unternehmens und warum das Unternehmen in der Papierindustrie als Referenz (Benchmark) gesehen wird.\nNach sorgf\u00e4ltiger Auswahl der Rohmaterialien und einem optimierten Herstellungsprozess, erstellt NorPaper Produkte, die den Kundenbed\u00fcrfnissen entsprechen. NorPaper scheut sich nicht davor in die Ausstattung als auch die Weiterbildung der Mitarbeiter zu investieren. Dies ist unter anderem ein Erfolgsgeheimnis des Unternehmens und warum das Unternehmen in der Papierindustrie als Referenz (Benchmark) gesehen wird.\n<h3>Entf\u00e4rbungsanlage<\/h3><p>An unserem Standort in Blendecques erstellt NorPaper aus Altpapier seine eigene wei\u00dfe Paste her. Dank seiner Entf\u00e4rbungsanlage ist das Unternehmen in der Lage den Wei\u00dfheitsgrad je Bedarf sowie die Regelm\u00e4\u00dfigkeit des Farbtones zu bestimmen.<\/p>\n<h3>Maschinen<\/h3>\n<p>4 Papiermaschinen mit einer Produktionskapazit\u00e4t von 230 000 Tonnen (ungebleicht und wei\u00df) :<\/p>\n<ul>\n<li>Maschine 1 (Swing Maschine - optimale Breite 280 cm): Herstellung von Papier \"Testline ungebleicht\" als auch \"Testliner wei\u00df\".<\/li>\n<li>Maschine 2 (Swing Maschine - optimale Breite 250 cm): Herstellung von Papier \"Testline ungebleicht\" als auch \"Testliner wei\u00df\".<\/li>\n<li>Maschine 4 (optimale Breite 215cm): Herstellung von wei\u00dfen Testliner.<\/li>\n<li>Maschine 6 (optimale Breite 215cm): Herstellung von wei\u00dfen Testliner.<\/li>\n<\/ul>\n<h3>Maschinen<\/h3>\n<p>4 Papiermaschinen mit einer Produktionskapazit\u00e4t von 230 000 Tonnen (ungebleicht und wei\u00df) :<\/p>\n<ul>\n<li>Maschine 1 (Swing Maschine - optimale Breite 280 cm): Herstellung von Papier \"Testline ungebleicht\" als auch \"Testliner wei\u00df\".<\/li>\n<li>Maschine 2 (Swing Maschine - optimale Breite 250 cm): Herstellung von Papier \"Testline ungebleicht\" als auch \"Testliner wei\u00df\".<\/li>\n<li>Maschine 4 (optimale Breite 215cm): Herstellung von wei\u00dfen Testliner.<\/li>\n<li>Maschine 6 (optimale Breite 215cm): Herstellung von wei\u00dfen Testliner.<\/li>\n<\/ul>","_links":{"self":[{"href":"https:\/\/www.norpaper.com\/de\/wp-json\/wp\/v2\/pages\/1089","targetHints":{"allow":["GET"]}}],"collection":[{"href":"https:\/\/www.norpaper.com\/de\/wp-json\/wp\/v2\/pages"}],"about":[{"href":"https:\/\/www.norpaper.com\/de\/wp-json\/wp\/v2\/types\/page"}],"author":[{"embeddable":true,"href":"https:\/\/www.norpaper.com\/de\/wp-json\/wp\/v2\/users\/1"}],"replies":[{"embeddable":true,"href":"https:\/\/www.norpaper.com\/de\/wp-json\/wp\/v2\/comments?post=1089"}],"version-history":[{"count":10,"href":"https:\/\/www.norpaper.com\/de\/wp-json\/wp\/v2\/pages\/1089\/revisions"}],"predecessor-version":[{"id":1409,"href":"https:\/\/www.norpaper.com\/de\/wp-json\/wp\/v2\/pages\/1089\/revisions\/1409"}],"wp:attachment":[{"href":"https:\/\/www.norpaper.com\/de\/wp-json\/wp\/v2\/media?parent=1089"}],"curies":[{"name":"wp","href":"https:\/\/api.w.org\/{rel}","templated":true}]}}