{"id":1144,"date":"2017-07-03T23:42:13","date_gmt":"2017-07-03T21:42:13","guid":{"rendered":"https:\/\/www.norpaper.com\/standort-nantes\/"},"modified":"2022-06-25T23:54:00","modified_gmt":"2022-06-25T21:54:00","slug":"standort-nantes","status":"publish","type":"page","link":"https:\/\/www.norpaper.com\/de\/standort-nantes\/","title":{"rendered":"Der Standort in Nantes"},"content":{"rendered":"<!--themify_builder_content-->\n<div id=\"themify_builder_content-1144\" data-postid=\"1144\" class=\"themify_builder_content themify_builder_content-1144 themify_builder tf_clear\">\n    \t<!-- module_row -->\n\t<div  data-desktop-padding=\"6px,6px\" data-css_id=\"7895977\" data-lazy=\"1\" class=\"module_row themify_builder_row fullcover fullwidth_row_container tb_7895977 tb_first tf_clearfix wow\" data-tf-animation=\"fadeIn\" >\n\t    <div class=\"builder_row_cover tf_abs\"><\/div>\t\t<div class=\"row_inner col_align_top col-count-1 tf_box tf_w tf_rel\">\n\t\t\t<div  data-lazy=\"1\" class=\"module_column tb-column col-full first tb_a6ag022 tf_box\">\n\t\t\t    \t        <div class=\"tb-column-inner tf_box tf_w\">\n\t\t    <!-- module text -->\n<div  class=\"module module-text tb_glex099    wow\" data-tf-animation=\"fadeInUp\" data-lazy=\"1\">\n        <div  class=\"tb_text_wrap\">\n    <h2>Der Standort in Nantes<\/h2>    <\/div>\n<\/div>\n<!-- \/module text -->\t        <\/div>\n\t    \t<\/div>\n\t\t    <\/div>\n\t    <!-- \/row_inner -->\n\t<\/div>\n\t<!-- \/module_row -->\n\t\t<!-- module_row -->\n\t<div  data-css_id=\"6wm6000\" data-lazy=\"1\" class=\"module_row themify_builder_row fullwidth tb_6wm6000 tf_clearfix\" >\n\t    \t\t<div class=\"row_inner col_align_middle col-count-3 tf_box tf_w tf_rel\">\n\t\t\t<div  data-lazy=\"1\" class=\"module_column tb-column col3-1 first tb_ol4t309 tf_box\">\n\t\t\t    \t        <div class=\"tb-column-inner tf_box tf_w\">\n\t\t    <!-- module timeline -->\n<div  id=\"tb_dwrf001\" class=\"module tf_hidden tf_lazy module-timeline tb_dwrf001 layout-list \" data-lazy=\"1\">\n    <ul class=\"tf_rel\">\n\t\t\t<li id=\"timeline-0\" class=\"tf_clearfix timeline-post with-icon \">\n\t\t\t<span class=\"module-timeline-date tf_box tf_textr\">\n\t\t\t\t1938\t\t\t<\/span>\n\t\t\t<div class=\"module-timeline-dot\"><\/div>\n\t\t\t\t\t\t    \t\t\t\t    <div class=\"module-timeline-icon\" style=\"background-color:#28b4e5;\"><i><svg  aria-hidden=\"true\" class=\"tf_fa tf-fas-industry\"><use href=\"#tf-fas-industry\"><\/use><\/svg><\/i><\/div>\n\t\t\t    \t\t\t\t\t\t<div class=\"module-timeline-content-wrap tf_right tf_box\">\n\t\t\t\t<div class=\"module-timeline-content\">\n\t\t\t\t    \t\t\t\t\t\t<h2 class=\"module-timeline-title\">    \n\t\t\t\t\t\t\t\t\t\t\t\t\t\t\tUnternehmensgr\u00fcndung\t\t\t\t\t\t\t\t\t\t\t\t\t<\/h2>\n\t\t\t\t    \t\t\t\t    \t\t\t\t    \t\t\t\t\t\t<div class=\"entry-content\" itemprop=\"articleBody\">\n\t\t\t\t\t\t\tGr\u00fcndung von Beghin Say\t\t\t\t\t\t<\/div><!-- \/.entry-content -->\n\t\t\t\t    \t\t\t\t<\/div><!-- \/.timeline-content -->\n\t\t\t<\/div><!-- \/.timeline-content-wrap -->\n\t\t<\/li>\n\t\t\t<li id=\"timeline-1\" class=\"tf_clearfix timeline-post with-icon \">\n\t\t\t<span class=\"module-timeline-date tf_box tf_textr\">\n\t\t\t\t1989\t\t\t<\/span>\n\t\t\t<div class=\"module-timeline-dot\"><\/div>\n\t\t\t\t\t\t    \t\t\t\t    <div class=\"module-timeline-icon\" style=\"background-color:#cbd401;\"><i><svg  aria-hidden=\"true\" class=\"tf_fa tf-fas-industry\"><use href=\"#tf-fas-industry\"><\/use><\/svg><\/i><\/div>\n\t\t\t    \t\t\t\t\t\t<div class=\"module-timeline-content-wrap tf_right tf_box\">\n\t\t\t\t<div class=\"module-timeline-content\">\n\t\t\t\t    \t\t\t\t\t\t<h2 class=\"module-timeline-title\">    \n\t\t\t\t\t\t\t\t\t\t\t\t\t\t\t\u00dcbernanhme durch Otor\t\t\t\t\t\t\t\t\t\t\t\t\t<\/h2>\n\t\t\t\t    \t\t\t\t    \t\t\t\t    \t\t\t\t\t\t<div class=\"entry-content\" itemprop=\"articleBody\">\n\t\t\t\t\t\t\tFranz\u00f6sischer Marktf\u00fchrer und Wegbereiter von White Top Testliner, in erster Linie  ausgerichtet auf &#8220;Pre-print&#8221;\t\t\t\t\t\t<\/div><!-- \/.entry-content -->\n\t\t\t\t    \t\t\t\t<\/div><!-- \/.timeline-content -->\n\t\t\t<\/div><!-- \/.timeline-content-wrap -->\n\t\t<\/li>\n\t\t\t<li id=\"timeline-2\" class=\"tf_clearfix timeline-post with-icon \">\n\t\t\t<span class=\"module-timeline-date tf_box tf_textr\">\n\t\t\t\t2005\t\t\t<\/span>\n\t\t\t<div class=\"module-timeline-dot\"><\/div>\n\t\t\t\t\t\t    \t\t\t\t    <div class=\"module-timeline-icon\" style=\"background-color:#28b4e5;\"><i><svg  aria-hidden=\"true\" class=\"tf_fa tf-fas-money\"><use href=\"#tf-fas-money\"><\/use><\/svg><\/i><\/div>\n\t\t\t    \t\t\t\t\t\t<div class=\"module-timeline-content-wrap tf_right tf_box\">\n\t\t\t\t<div class=\"module-timeline-content\">\n\t\t\t\t    \t\t\t\t\t\t<h2 class=\"module-timeline-title\">    \n\t\t\t\t\t\t\t\t\t\t\t\t\t\t\tGruppe DS Smith\t\t\t\t\t\t\t\t\t\t\t\t\t<\/h2>\n\t\t\t\t    \t\t\t\t    \t\t\t\t    \t\t\t\t\t\t<div class=\"entry-content\" itemprop=\"articleBody\">\n\t\t\t\t\t\t\tAnteilseigner, europ\u00e4ischer Marktf\u00fchrer f\u00fcr Papier und Kartonverpackung\t\t\t\t\t\t<\/div><!-- \/.entry-content -->\n\t\t\t\t    \t\t\t\t<\/div><!-- \/.timeline-content -->\n\t\t\t<\/div><!-- \/.timeline-content-wrap -->\n\t\t<\/li>\n\t\t\t<li id=\"timeline-3\" class=\"tf_clearfix timeline-post with-icon \">\n\t\t\t<span class=\"module-timeline-date tf_box tf_textr\">\n\t\t\t\t2015\t\t\t<\/span>\n\t\t\t<div class=\"module-timeline-dot\"><\/div>\n\t\t\t\t\t\t    \t\t\t\t    <div class=\"module-timeline-icon\" style=\"background-color:#cbd401;\"><i><svg  aria-hidden=\"true\" class=\"tf_fa tf-fas-money\"><use href=\"#tf-fas-money\"><\/use><\/svg><\/i><\/div>\n\t\t\t    \t\t\t\t\t\t<div class=\"module-timeline-content-wrap tf_right tf_box\">\n\t\t\t\t<div class=\"module-timeline-content\">\n\t\t\t\t    \t\t\t\t\t\t<h2 class=\"module-timeline-title\">    \n\t\t\t\t\t\t\t\t\t\t\t\t\t\t\tNorPaper Nantes\t\t\t\t\t\t\t\t\t\t\t\t\t<\/h2>\n\t\t\t\t    \t\t\t\t    \t\t\t\t    \t\t\t\t\t\t<div class=\"entry-content\" itemprop=\"articleBody\">\n\t\t\t\t\t\t\t\u00dcbernahme des Unternehmens durch OpenGate Capital unter dem Namen NorPaper Nantes\t\t\t\t\t\t<\/div><!-- \/.entry-content -->\n\t\t\t\t    \t\t\t\t<\/div><!-- \/.timeline-content -->\n\t\t\t<\/div><!-- \/.timeline-content-wrap -->\n\t\t<\/li>\n\t<\/ul><\/div>\n<!-- \/module timeline -->\t        <\/div>\n\t    \t<\/div>\n\t\t<div  data-lazy=\"1\" class=\"module_column tb-column col3-1 middle tb_nu6z133 tf_box\">\n\t\t\t    \t        <div class=\"tb-column-inner tf_box tf_w\">\n\t\t    <!-- module image -->\n<div  class=\"module module-image tb_antp944   image-top tf_mw\" data-lazy=\"1\">\n        <div class=\"image-wrap tf_rel tf_mw\">\n\t\t    <img decoding=\"async\" src=\"https:\/\/www.norpaper.com\/wp-content\/uploads\/2017\/07\/site-nantes.jpg\" title=\"Der Standort in Nantes\" alt=\"Der Standort in Nantes\">\t\n\t\t<\/div>\n\t<!-- \/image-wrap -->\n    \n    \t<\/div>\n<!-- \/module image -->\t        <\/div>\n\t    \t<\/div>\n\t\t<div  data-lazy=\"1\" class=\"module_column tb-column col3-1 last tb_qmqb000 tf_box\">\n\t\t\t    \t        <div class=\"tb-column-inner tf_box tf_w\">\n\t\t    <!-- module text -->\n<div  class=\"module module-text tb_vk5x940   \" data-lazy=\"1\">\n        <div  class=\"tb_text_wrap\">\n    <ul><li style=\"text-align: left;\">Hauptsitz: Nantes (Loire Atlantique), Frankreich<\/li><li style=\"text-align: left;\">Gesch\u00e4ftsfeld: Papierherstellung f\u00fcr Wellpappe<\/li><li>Herstellungskapazit\u00e4t: 77 000 Tonnen \/ Jahr<\/li><li>Unternehmensfl\u00e4che: 18 000 m\u00b2<\/li><li>Gesch\u00e4ftsumsatz: 22.5 Mio. EUR in 2016<\/li><li>Mitarbeiterstand: 67 Mitarbeiter<\/li><li>Positionierung: Papierfabrik spezialisiert auf die Herstellung von unbeschichteten WTTL f\u00fcr eine Pre-Print Anwendung, 100% integriert in die Gruppe DS Smith<\/li><\/ul>    <\/div>\n<\/div>\n<!-- \/module text -->\t        <\/div>\n\t    \t<\/div>\n\t\t    <\/div>\n\t    <!-- \/row_inner -->\n\t<\/div>\n\t<!-- \/module_row -->\n\t\t<!-- module_row -->\n\t<div  data-lazy=\"1\" class=\"module_row themify_builder_row tb_bmyk009 tf_clearfix\" >\n\t    \t\t<div class=\"row_inner col_align_top gutter-none col-count-1 tf_box tf_w tf_rel\">\n\t\t\t<div  data-lazy=\"1\" class=\"module_column tb-column col-full first tb_txnh400 tf_box\">\n\t\t\t    \t        <div class=\"tb-column-inner tf_box tf_w\">\n\t\t    <!-- module text -->\n<div  class=\"module module-text tb_ju7i349   \" data-lazy=\"1\">\n        <div  class=\"tb_text_wrap\">\n    <h3>PAPIERAUFBEREITUNGSMASCHINEN<\/h3>    <\/div>\n<\/div>\n<!-- \/module text -->\t        <\/div>\n\t    \t<\/div>\n\t\t    <\/div>\n\t    <!-- \/row_inner -->\n\t<\/div>\n\t<!-- \/module_row -->\n\t\t<!-- module_row -->\n\t<div  data-lazy=\"1\" class=\"module_row themify_builder_row tb_o9rs959 tf_clearfix\" >\n\t    \t\t<div class=\"row_inner col_align_top gutter-none col-count-1 tf_box tf_w tf_rel\">\n\t\t\t<div  data-lazy=\"1\" class=\"module_column tb-column col-full first tb_2jyd903 fullcover tf_box\">\n\t\t\t    \t        <div class=\"tb-column-inner tf_box tf_w\">\n\t\t    \t<div  data-lazy=\"1\" class=\"module_subrow themify_builder_sub_row tb_u8et409 tf_w tf_clearfix\">\n\t    \t\t<div class=\"subrow_inner col_align_top col-count-2 tf_box tf_w\">\n\t\t\t<div  data-lazy=\"1\" class=\"sub_column module_column tf_box col4-2 first tb_aa0o340\"> \n\t    \t    \t        <div class=\"tb-column-inner tf_box tf_w\">\n\t\t    <!-- module image -->\n<div  class=\"module module-image tb_vung444 circle  image-center tf_mw\" data-lazy=\"1\">\n        <div class=\"image-wrap tf_rel tf_mw\">\n\t\t    <img loading=\"lazy\" decoding=\"async\" src=\"https:\/\/www.norpaper.com\/wp-content\/uploads\/2017\/08\/NorPaper_Nantes-6-325x243.jpg\" width=\"325\" height=\"243\" title=\"1 Schicht f\u00fcr ungebleichte Paste\" alt=\"Unterst\u00fctzung, Linie A, mit einer t\u00e4glichen Kapazit\u00e4t von 155 Tonen \/ Tag\">\t\n\t\t<\/div>\n\t<!-- \/image-wrap -->\n    \n    \t<div class=\"image-content\">\n\t    \t\t\t<h3 class=\"image-title\">\n\t\t\t\t\t\t\t\t\t1 Schicht f\u00fcr ungebleichte Paste\t\t\t\t\t\t\t<\/h3>\n\t    \n\t    \t\t<div class=\"image-caption tb_text_wrap\">\n\t\t    Unterst\u00fctzung, Linie A, mit einer t\u00e4glichen Kapazit\u00e4t von 155 Tonen \/ Tag\t    <\/div>\n\t    <!-- \/image-caption -->\n\t    \t<\/div>\n\t<!-- \/image-content -->\n    \t<\/div>\n<!-- \/module image -->\t        <\/div>\n\t    \t<\/div>\n\t\t<div  data-lazy=\"1\" class=\"sub_column module_column tf_box col4-2 last tb_r45i300\"> \n\t    \t    \t        <div class=\"tb-column-inner tf_box tf_w\">\n\t\t    <!-- module image -->\n<div  class=\"module module-image tb_sc3o040 circle  image-center tf_mw\" data-lazy=\"1\">\n        <div class=\"image-wrap tf_rel tf_mw\">\n\t\t    <img loading=\"lazy\" decoding=\"async\" src=\"https:\/\/www.norpaper.com\/wp-content\/uploads\/2017\/08\/NorPaper_Nantes-4-325x243.jpg\" width=\"325\" height=\"243\" title=\"1 Schicht f\u00fcr wei\u00dfe Paste\" alt=\"Wei\u00df, Linie B, mit einer t\u00e4glichen Kapazit\u00e4t von 70 Tonen \/ Tag\">\t\n\t\t<\/div>\n\t<!-- \/image-wrap -->\n    \n    \t<div class=\"image-content\">\n\t    \t\t\t<h3 class=\"image-title\">\n\t\t\t\t\t\t\t\t\t1 Schicht f\u00fcr wei\u00dfe Paste\t\t\t\t\t\t\t<\/h3>\n\t    \n\t    \t\t<div class=\"image-caption tb_text_wrap\">\n\t\t    Wei\u00df, Linie B, mit einer t\u00e4glichen Kapazit\u00e4t von 70 Tonen \/ Tag\t    <\/div>\n\t    <!-- \/image-caption -->\n\t    \t<\/div>\n\t<!-- \/image-content -->\n    \t<\/div>\n<!-- \/module image -->\t        <\/div>\n\t    \t<\/div>\n\t\t    <\/div>\n\t<\/div><!-- \/themify_builder_sub_row -->\n\t\t        <\/div>\n\t    \t<\/div>\n\t\t    <\/div>\n\t    <!-- \/row_inner -->\n\t<\/div>\n\t<!-- \/module_row -->\n\t\t<!-- module_row -->\n\t<div  data-lazy=\"1\" class=\"module_row themify_builder_row tb_l0sh346 tf_clearfix\" >\n\t    \t\t<div class=\"row_inner col_align_top gutter-none col-count-1 tf_box tf_w tf_rel\">\n\t\t\t<div  data-lazy=\"1\" class=\"module_column tb-column col-full first tb_htm9493 tf_box\">\n\t\t\t    \t        <div class=\"tb-column-inner tf_box tf_w\">\n\t\t    <!-- module text -->\n<div  class=\"module module-text tb_rdwv000   \" data-lazy=\"1\">\n        <div  class=\"tb_text_wrap\">\n    <h3>UNSERE MASCHINE UND VERARBEITUNG<\/h3>    <\/div>\n<\/div>\n<!-- \/module text -->\t        <\/div>\n\t    \t<\/div>\n\t\t    <\/div>\n\t    <!-- \/row_inner -->\n\t<\/div>\n\t<!-- \/module_row -->\n\t\t<!-- module_row -->\n\t<div  data-lazy=\"1\" class=\"module_row themify_builder_row tb_f6as349 tf_clearfix\" >\n\t    \t\t<div class=\"row_inner col_align_top gutter-none col-count-1 tf_box tf_w tf_rel\">\n\t\t\t<div  data-lazy=\"1\" class=\"module_column tb-column col-full first tb_jp1a764 tf_box\">\n\t\t\t    \t        <div class=\"tb-column-inner tf_box tf_w\">\n\t\t    \t<div  data-lazy=\"1\" class=\"module_subrow themify_builder_sub_row tb_70gc000 tf_w tf_clearfix\">\n\t    \t\t<div class=\"subrow_inner col_align_top col-count-2 tf_box tf_w\">\n\t\t\t<div  data-lazy=\"1\" class=\"sub_column module_column tf_box col4-2 first tb_g799140\"> \n\t    \t    \t        <div class=\"tb-column-inner tf_box tf_w\">\n\t\t    <!-- module image -->\n<div  class=\"module module-image tb_p4zp088 circle  image-center tf_mw\" data-lazy=\"1\">\n        <div class=\"image-wrap tf_rel tf_mw\">\n\t\t    <img loading=\"lazy\" decoding=\"async\" src=\"https:\/\/www.norpaper.com\/wp-content\/uploads\/2017\/08\/NorPaper_Nantes-8-325x243.jpg\" width=\"325\" height=\"243\" title=\"MAP 1\" alt=\"mit einer optimalen Breite von 2.80m - 60 000 Tonnen\">\t\n\t\t<\/div>\n\t<!-- \/image-wrap -->\n    \n    \t<div class=\"image-content\">\n\t    \t\t\t<h3 class=\"image-title\">\n\t\t\t\t\t\t\t\t\tMAP 1\t\t\t\t\t\t\t<\/h3>\n\t    \n\t    \t\t<div class=\"image-caption tb_text_wrap\">\n\t\t    mit einer optimalen Breite von 2.80m &#8211; 60 000 Tonnen\t    <\/div>\n\t    <!-- \/image-caption -->\n\t    \t<\/div>\n\t<!-- \/image-content -->\n    \t<\/div>\n<!-- \/module image -->\t        <\/div>\n\t    \t<\/div>\n\t\t<div  data-lazy=\"1\" class=\"sub_column module_column tf_box col4-2 last tb_d1fb970\"> \n\t    \t    \t        <div class=\"tb-column-inner tf_box tf_w\">\n\t\t    <!-- module image -->\n<div  class=\"module module-image tb_3k8u349 circle  image-center tf_mw\" data-lazy=\"1\">\n        <div class=\"image-wrap tf_rel tf_mw\">\n\t\t    <img loading=\"lazy\" decoding=\"async\" src=\"https:\/\/www.norpaper.com\/wp-content\/uploads\/2017\/09\/Bobineuse_Nantes-325x240.jpg\" width=\"325\" height=\"240\" title=\"SPULMASCHINE\" alt=\"1100 m \/ Minute\">\t\n\t\t<\/div>\n\t<!-- \/image-wrap -->\n    \n    \t<div class=\"image-content\">\n\t    \t\t\t<h3 class=\"image-title\">\n\t\t\t\t\t\t\t\t\tSPULMASCHINE\t\t\t\t\t\t\t<\/h3>\n\t    \n\t    \t\t<div class=\"image-caption tb_text_wrap\">\n\t\t    1100 m \/ Minute\t    <\/div>\n\t    <!-- \/image-caption -->\n\t    \t<\/div>\n\t<!-- \/image-content -->\n    \t<\/div>\n<!-- \/module image -->\t        <\/div>\n\t    \t<\/div>\n\t\t    <\/div>\n\t<\/div><!-- \/themify_builder_sub_row -->\n\t\t        <\/div>\n\t    \t<\/div>\n\t\t    <\/div>\n\t    <!-- \/row_inner -->\n\t<\/div>\n\t<!-- \/module_row -->\n\t<\/div>\n<!--\/themify_builder_content-->","protected":false},"excerpt":{"rendered":"<p>Der Standort in Nantes 1938 Unternehmensgr\u00fcndung Gr\u00fcndung von Beghin Say 1989 \u00dcbernanhme durch Otor Franz\u00f6sischer Marktf\u00fchrer und Wegbereiter von White Top Testliner, in erster Linie ausgerichtet auf &#8220;Pre-print&#8221; 2005 Gruppe DS Smith Anteilseigner, europ\u00e4ischer Marktf\u00fchrer f\u00fcr Papier und Kartonverpackung 2015 NorPaper Nantes \u00dcbernahme des Unternehmens durch OpenGate Capital unter dem Namen NorPaper Nantes Hauptsitz: Nantes [&hellip;]<\/p>\n","protected":false},"author":1,"featured_media":0,"parent":0,"menu_order":0,"comment_status":"closed","ping_status":"closed","template":"","meta":{"footnotes":""},"class_list":["post-1144","page","type-page","status-publish","hentry","has-post-title","has-post-date","has-post-category","has-post-tag","has-post-comment","has-post-author",""],"yoast_head":"<!-- This site is optimized with the Yoast SEO plugin v18.9 - https:\/\/yoast.com\/wordpress\/plugins\/seo\/ -->\n<title>Der standort in Nantes - Norpaper<\/title>\n<meta name=\"description\" content=\"Erfahren Sie mehr \u00fcber den NorPaper-Standort in Nantes, der auf die Herstellung von Wellpappenrohpapier mit einer Produktionskapazit\u00e4t von 77.000 Tonnen \/ Jahr spezialisiert ist.\" \/>\n<meta name=\"robots\" content=\"index, follow, max-snippet:-1, max-image-preview:large, max-video-preview:-1\" \/>\n<link rel=\"canonical\" href=\"https:\/\/www.norpaper.com\/de\/standort-nantes\/\" \/>\n<meta property=\"og:locale\" content=\"de_DE\" \/>\n<meta property=\"og:type\" content=\"article\" \/>\n<meta property=\"og:title\" content=\"Der standort in Nantes - Norpaper\" \/>\n<meta property=\"og:description\" content=\"Erfahren Sie mehr \u00fcber den NorPaper-Standort in Nantes, der auf die Herstellung von Wellpappenrohpapier mit einer Produktionskapazit\u00e4t von 77.000 Tonnen \/ Jahr spezialisiert ist.\" \/>\n<meta property=\"og:url\" content=\"https:\/\/www.norpaper.com\/de\/standort-nantes\/\" \/>\n<meta property=\"og:site_name\" content=\"NorPaper\" \/>\n<meta property=\"article:modified_time\" content=\"2022-06-25T21:54:00+00:00\" \/>\n<meta property=\"og:image\" content=\"https:\/\/www.norpaper.com\/wp-content\/uploads\/2017\/07\/site-nantes.jpg\" \/>\n<meta name=\"twitter:card\" content=\"summary_large_image\" \/>\n<meta name=\"twitter:label1\" content=\"Gesch\u00e4tzte Lesezeit\" \/>\n\t<meta name=\"twitter:data1\" content=\"2\u00a0Minuten\" \/>\n<script type=\"application\/ld+json\" class=\"yoast-schema-graph\">{\"@context\":\"https:\/\/schema.org\",\"@graph\":[{\"@type\":\"WebSite\",\"@id\":\"https:\/\/www.norpaper.com\/#website\",\"url\":\"https:\/\/www.norpaper.com\/\",\"name\":\"NorPaper\",\"description\":\"Un site utilisant WordPress\",\"potentialAction\":[{\"@type\":\"SearchAction\",\"target\":{\"@type\":\"EntryPoint\",\"urlTemplate\":\"https:\/\/www.norpaper.com\/?s={search_term_string}\"},\"query-input\":\"required name=search_term_string\"}],\"inLanguage\":\"de\"},{\"@type\":\"ImageObject\",\"inLanguage\":\"de\",\"@id\":\"https:\/\/www.norpaper.com\/de\/standort-nantes\/#primaryimage\",\"url\":\"https:\/\/www.norpaper.com\/wp-content\/uploads\/2017\/07\/site-nantes.jpg\",\"contentUrl\":\"https:\/\/www.norpaper.com\/wp-content\/uploads\/2017\/07\/site-nantes.jpg\"},{\"@type\":\"WebPage\",\"@id\":\"https:\/\/www.norpaper.com\/de\/standort-nantes\/#webpage\",\"url\":\"https:\/\/www.norpaper.com\/de\/standort-nantes\/\",\"name\":\"Der standort in Nantes - Norpaper\",\"isPartOf\":{\"@id\":\"https:\/\/www.norpaper.com\/#website\"},\"primaryImageOfPage\":{\"@id\":\"https:\/\/www.norpaper.com\/de\/standort-nantes\/#primaryimage\"},\"datePublished\":\"2017-07-03T21:42:13+00:00\",\"dateModified\":\"2022-06-25T21:54:00+00:00\",\"description\":\"Erfahren Sie mehr \u00fcber den NorPaper-Standort in Nantes, der auf die Herstellung von Wellpappenrohpapier mit einer Produktionskapazit\u00e4t von 77.000 Tonnen \/ Jahr spezialisiert ist.\",\"breadcrumb\":{\"@id\":\"https:\/\/www.norpaper.com\/de\/standort-nantes\/#breadcrumb\"},\"inLanguage\":\"de\",\"potentialAction\":[{\"@type\":\"ReadAction\",\"target\":[\"https:\/\/www.norpaper.com\/de\/standort-nantes\/\"]}]},{\"@type\":\"BreadcrumbList\",\"@id\":\"https:\/\/www.norpaper.com\/de\/standort-nantes\/#breadcrumb\",\"itemListElement\":[{\"@type\":\"ListItem\",\"position\":1,\"name\":\"Der Standort in Nantes\"}]}]}<\/script>\n<!-- \/ Yoast SEO plugin. -->","yoast_head_json":{"title":"Der standort in Nantes - Norpaper","description":"Erfahren Sie mehr \u00fcber den NorPaper-Standort in Nantes, der auf die Herstellung von Wellpappenrohpapier mit einer Produktionskapazit\u00e4t von 77.000 Tonnen \/ Jahr spezialisiert ist.","robots":{"index":"index","follow":"follow","max-snippet":"max-snippet:-1","max-image-preview":"max-image-preview:large","max-video-preview":"max-video-preview:-1"},"canonical":"https:\/\/www.norpaper.com\/de\/standort-nantes\/","og_locale":"de_DE","og_type":"article","og_title":"Der standort in Nantes - Norpaper","og_description":"Erfahren Sie mehr \u00fcber den NorPaper-Standort in Nantes, der auf die Herstellung von Wellpappenrohpapier mit einer Produktionskapazit\u00e4t von 77.000 Tonnen \/ Jahr spezialisiert ist.","og_url":"https:\/\/www.norpaper.com\/de\/standort-nantes\/","og_site_name":"NorPaper","article_modified_time":"2022-06-25T21:54:00+00:00","og_image":[{"url":"https:\/\/www.norpaper.com\/wp-content\/uploads\/2017\/07\/site-nantes.jpg"}],"twitter_card":"summary_large_image","twitter_misc":{"Gesch\u00e4tzte Lesezeit":"2\u00a0Minuten"},"schema":{"@context":"https:\/\/schema.org","@graph":[{"@type":"WebSite","@id":"https:\/\/www.norpaper.com\/#website","url":"https:\/\/www.norpaper.com\/","name":"NorPaper","description":"Un site utilisant WordPress","potentialAction":[{"@type":"SearchAction","target":{"@type":"EntryPoint","urlTemplate":"https:\/\/www.norpaper.com\/?s={search_term_string}"},"query-input":"required name=search_term_string"}],"inLanguage":"de"},{"@type":"ImageObject","inLanguage":"de","@id":"https:\/\/www.norpaper.com\/de\/standort-nantes\/#primaryimage","url":"https:\/\/www.norpaper.com\/wp-content\/uploads\/2017\/07\/site-nantes.jpg","contentUrl":"https:\/\/www.norpaper.com\/wp-content\/uploads\/2017\/07\/site-nantes.jpg"},{"@type":"WebPage","@id":"https:\/\/www.norpaper.com\/de\/standort-nantes\/#webpage","url":"https:\/\/www.norpaper.com\/de\/standort-nantes\/","name":"Der standort in Nantes - Norpaper","isPartOf":{"@id":"https:\/\/www.norpaper.com\/#website"},"primaryImageOfPage":{"@id":"https:\/\/www.norpaper.com\/de\/standort-nantes\/#primaryimage"},"datePublished":"2017-07-03T21:42:13+00:00","dateModified":"2022-06-25T21:54:00+00:00","description":"Erfahren Sie mehr \u00fcber den NorPaper-Standort in Nantes, der auf die Herstellung von Wellpappenrohpapier mit einer Produktionskapazit\u00e4t von 77.000 Tonnen \/ Jahr spezialisiert ist.","breadcrumb":{"@id":"https:\/\/www.norpaper.com\/de\/standort-nantes\/#breadcrumb"},"inLanguage":"de","potentialAction":[{"@type":"ReadAction","target":["https:\/\/www.norpaper.com\/de\/standort-nantes\/"]}]},{"@type":"BreadcrumbList","@id":"https:\/\/www.norpaper.com\/de\/standort-nantes\/#breadcrumb","itemListElement":[{"@type":"ListItem","position":1,"name":"Der Standort in Nantes"}]}]}},"builder_content":"<h2>Der Standort in Nantes<\/h2>\n<ul> <li id=\"timeline-0\"> 1938 <i><svg aria-hidden=\"true\"><use href=\"#tf-fas-industry\"><\/use><\/svg><\/i> <h2> Unternehmensgr\u00fcndung <\/h2> Gr\u00fcndung von Beghin Say <\/li> <li id=\"timeline-1\"> 1989 <i><svg aria-hidden=\"true\"><use href=\"#tf-fas-industry\"><\/use><\/svg><\/i> <h2> \u00dcbernanhme durch Otor <\/h2> Franz\u00f6sischer Marktf\u00fchrer und Wegbereiter von White Top Testliner, in erster Linie ausgerichtet auf \"Pre-print\" <\/li> <li id=\"timeline-2\"> 2005 <i><svg aria-hidden=\"true\"><use href=\"#tf-fas-money\"><\/use><\/svg><\/i> <h2> Gruppe DS Smith <\/h2> Anteilseigner, europ\u00e4ischer Marktf\u00fchrer f\u00fcr Papier und Kartonverpackung <\/li> <li id=\"timeline-3\"> 2015 <i><svg aria-hidden=\"true\"><use href=\"#tf-fas-money\"><\/use><\/svg><\/i> <h2> NorPaper Nantes <\/h2> \u00dcbernahme des Unternehmens durch OpenGate Capital unter dem Namen NorPaper Nantes <\/li> <\/ul>\n<img src=\"https:\/\/www.norpaper.com\/wp-content\/uploads\/2017\/07\/site-nantes.jpg\" title=\"Der Standort in Nantes\" alt=\"Der Standort in Nantes\">\n<ul><li style=\"text-align: left;\">Hauptsitz: Nantes (Loire Atlantique), Frankreich<\/li><li style=\"text-align: left;\">Gesch\u00e4ftsfeld: Papierherstellung f\u00fcr Wellpappe<\/li><li>Herstellungskapazit\u00e4t: 77 000 Tonnen \/ Jahr<\/li><li>Unternehmensfl\u00e4che: 18 000 m\u00b2<\/li><li>Gesch\u00e4ftsumsatz: 22.5 Mio. EUR in 2016<\/li><li>Mitarbeiterstand: 67 Mitarbeiter<\/li><li>Positionierung: Papierfabrik spezialisiert auf die Herstellung von unbeschichteten WTTL f\u00fcr eine Pre-Print Anwendung, 100% integriert in die Gruppe DS Smith<\/li><\/ul>\n<h3>PAPIERAUFBEREITUNGSMASCHINEN<\/h3>\n<img src=\"https:\/\/www.norpaper.com\/wp-content\/uploads\/2017\/08\/NorPaper_Nantes-6-325x243.jpg\" width=\"325\" height=\"243\" title=\"1 Schicht f\u00fcr ungebleichte Paste\" alt=\"Unterst\u00fctzung, Linie A, mit einer t\u00e4glichen Kapazit\u00e4t von 155 Tonen \/ Tag\"> <h3> 1 Schicht f\u00fcr ungebleichte Paste <\/h3> Unterst\u00fctzung, Linie A, mit einer t\u00e4glichen Kapazit\u00e4t von 155 Tonen \/ Tag\n<img src=\"https:\/\/www.norpaper.com\/wp-content\/uploads\/2017\/08\/NorPaper_Nantes-4-325x243.jpg\" width=\"325\" height=\"243\" title=\"1 Schicht f\u00fcr wei\u00dfe Paste\" alt=\"Wei\u00df, Linie B, mit einer t\u00e4glichen Kapazit\u00e4t von 70 Tonen \/ Tag\"> <h3> 1 Schicht f\u00fcr wei\u00dfe Paste <\/h3> Wei\u00df, Linie B, mit einer t\u00e4glichen Kapazit\u00e4t von 70 Tonen \/ Tag\n<h3>UNSERE MASCHINE UND VERARBEITUNG<\/h3>\n<img src=\"https:\/\/www.norpaper.com\/wp-content\/uploads\/2017\/08\/NorPaper_Nantes-8-325x243.jpg\" width=\"325\" height=\"243\" title=\"MAP 1\" alt=\"mit einer optimalen Breite von 2.80m - 60 000 Tonnen\"> <h3> MAP 1 <\/h3> mit einer optimalen Breite von 2.80m - 60 000 Tonnen\n<img src=\"https:\/\/www.norpaper.com\/wp-content\/uploads\/2017\/09\/Bobineuse_Nantes-325x240.jpg\" width=\"325\" height=\"240\" title=\"SPULMASCHINE\" alt=\"1100 m \/ Minute\"> <h3> SPULMASCHINE <\/h3> 1100 m \/ Minute","_links":{"self":[{"href":"https:\/\/www.norpaper.com\/de\/wp-json\/wp\/v2\/pages\/1144","targetHints":{"allow":["GET"]}}],"collection":[{"href":"https:\/\/www.norpaper.com\/de\/wp-json\/wp\/v2\/pages"}],"about":[{"href":"https:\/\/www.norpaper.com\/de\/wp-json\/wp\/v2\/types\/page"}],"author":[{"embeddable":true,"href":"https:\/\/www.norpaper.com\/de\/wp-json\/wp\/v2\/users\/1"}],"replies":[{"embeddable":true,"href":"https:\/\/www.norpaper.com\/de\/wp-json\/wp\/v2\/comments?post=1144"}],"version-history":[{"count":7,"href":"https:\/\/www.norpaper.com\/de\/wp-json\/wp\/v2\/pages\/1144\/revisions"}],"predecessor-version":[{"id":1395,"href":"https:\/\/www.norpaper.com\/de\/wp-json\/wp\/v2\/pages\/1144\/revisions\/1395"}],"wp:attachment":[{"href":"https:\/\/www.norpaper.com\/de\/wp-json\/wp\/v2\/media?parent=1144"}],"curies":[{"name":"wp","href":"https:\/\/api.w.org\/{rel}","templated":true}]}}