{"id":1155,"date":"2017-06-14T02:13:14","date_gmt":"2017-06-14T00:13:14","guid":{"rendered":"https:\/\/www.norpaper.com\/service-client\/"},"modified":"2022-06-26T00:07:59","modified_gmt":"2022-06-25T22:07:59","slug":"service-client","status":"publish","type":"page","link":"https:\/\/www.norpaper.com\/de\/service-client\/","title":{"rendered":"Kundenservice"},"content":{"rendered":"<p><\/p>\r\n\r<!--themify_builder_content-->\n<div id=\"themify_builder_content-1155\" data-postid=\"1155\" class=\"themify_builder_content themify_builder_content-1155 themify_builder tf_clear\">\n    \t<!-- module_row -->\n\t<div  data-desktop-padding=\"6px,6px\" data-css_id=\"gnxs848\" data-lazy=\"1\" class=\"module_row themify_builder_row fullcover fullwidth_row_container tb_gnxs848 tb_first tf_clearfix wow\" data-tf-animation=\"fadeIn\" >\n\t    <div class=\"builder_row_cover tf_abs\"><\/div>\t\t<div class=\"row_inner col_align_top col-count-1 tf_box tf_w tf_rel\">\n\t\t\t<div  data-lazy=\"1\" class=\"module_column tb-column col-full   first tb_zckb074 tf_box\">\n\t\t\t    \t        <div class=\"tb-column-inner tf_box tf_w\">\n\t\t    <!-- module text -->\n<div  class=\"module module-text tb_8k0q040    wow\" data-tf-animation=\"fadeInUp\" data-lazy=\"1\">\n        <div  class=\"tb_text_wrap\">\n    <h3>Einhaltung der Fristen dank einer ganzheitlichen Logistik !<\/h3>    <\/div>\n<\/div>\n<!-- \/module text -->\t        <\/div>\n\t    \t<\/div>\n\t\t    <\/div>\n\t    <!-- \/row_inner -->\n\t<\/div>\n\t<!-- \/module_row -->\n\t\t<!-- module_row -->\n\t<div  data-lazy=\"1\" class=\"module_row themify_builder_row tb_8eqp604 tf_clearfix\" >\n\t    \t\t<div class=\"row_inner col_align_top col-count-1 tf_box tf_w tf_rel\">\n\t\t\t<div  data-lazy=\"1\" class=\"module_column tb-column col-full   first tb_y3bp806 tf_box\">\n\t\t\t    \t        <div class=\"tb-column-inner tf_box tf_w\">\n\t\t    <!-- module text -->\n<div  class=\"module module-text tb_4l5w806   \" data-lazy=\"1\">\n        <div  class=\"tb_text_wrap\">\n    <h5>Reaktionsf\u00e4higkeit, Flexibilit\u00e4t, Qualit\u00e4t und Kreativit\u00e4t stehen f\u00fcr unsere Teams bei NorPaper &#8211; von der Produktion bis zum Verkauf.<\/h5>\r\n<p>\u00a0<\/p>\r\n<h5>Mehr als nur ein Lieferant &#8211; NorPaper ist ein echter Partner, der sich dazu berufen f\u00fchlt, den Kunden w\u00e4hrend der gesamten Wertsch\u00f6pfungskette zufrieden zu stellen. Dabei setzt das Unternehmen auf eine sorgf\u00e4ltige Kontrolle seiner Logistikkette.<\/h5>\r\n    <\/div>\n<\/div>\n<!-- \/module text -->\t        <\/div>\n\t    \t<\/div>\n\t\t    <\/div>\n\t    <!-- \/row_inner -->\n\t<\/div>\n\t<!-- \/module_row -->\n\t\t<!-- module_row -->\n\t<div  data-css_id=\"pyyg700\" data-lazy=\"1\" class=\"module_row themify_builder_row fullwidth tb_pyyg700 tf_clearfix\" >\n\t    \t\t<div class=\"row_inner col_align_top gutter-none col-count-1 tf_box tf_w tf_rel\">\n\t\t\t<div  data-lazy=\"1\" class=\"module_column tb-column col-full   first tb_5a3w094 fullcover tf_box\">\n\t\t\t    \t<\/div>\n\t\t    <\/div>\n\t    <!-- \/row_inner -->\n\t<\/div>\n\t<!-- \/module_row -->\n\t<\/div>\n<!--\/themify_builder_content-->","protected":false},"excerpt":{"rendered":"<p>Einhaltung der Fristen dank einer ganzheitlichen Logistik ! Reaktionsf\u00e4higkeit, Flexibilit\u00e4t, Qualit\u00e4t und Kreativit\u00e4t stehen f\u00fcr unsere Teams bei NorPaper &#8211; von der Produktion bis zum Verkauf. \u00a0 Mehr als nur ein Lieferant &#8211; NorPaper ist ein echter Partner, der sich dazu berufen f\u00fchlt, den Kunden w\u00e4hrend der gesamten Wertsch\u00f6pfungskette zufrieden zu stellen. Dabei setzt das [&hellip;]<\/p>\n","protected":false},"author":1,"featured_media":0,"parent":0,"menu_order":0,"comment_status":"closed","ping_status":"closed","template":"","meta":{"footnotes":""},"class_list":["post-1155","page","type-page","status-publish","hentry","has-post-title","has-post-date","has-post-category","has-post-tag","has-post-comment","has-post-author",""],"yoast_head":"<!-- This site is optimized with the Yoast SEO plugin v18.9 - https:\/\/yoast.com\/wordpress\/plugins\/seo\/ -->\n<title>NorPaper - Einhaltung der Fristen dank einer ganzheitlichen Logistik !<\/title>\n<meta name=\"description\" content=\"Reaktionsf\u00e4higkeit, Flexibilit\u00e4t, Qualit\u00e4t und Kreativit\u00e4t stehen f\u00fcr unsere Teams bei NorPaper \u2013 von der Produktion bis zum Verkauf...\" \/>\n<meta name=\"robots\" content=\"index, follow, max-snippet:-1, max-image-preview:large, max-video-preview:-1\" \/>\n<link rel=\"canonical\" href=\"https:\/\/www.norpaper.com\/de\/service-client\/\" \/>\n<meta property=\"og:locale\" content=\"de_DE\" \/>\n<meta property=\"og:type\" content=\"article\" \/>\n<meta property=\"og:title\" content=\"NorPaper - Einhaltung der Fristen dank einer ganzheitlichen Logistik !\" \/>\n<meta property=\"og:description\" content=\"Reaktionsf\u00e4higkeit, Flexibilit\u00e4t, Qualit\u00e4t und Kreativit\u00e4t stehen f\u00fcr unsere Teams bei NorPaper \u2013 von der Produktion bis zum Verkauf...\" \/>\n<meta property=\"og:url\" content=\"https:\/\/www.norpaper.com\/de\/service-client\/\" \/>\n<meta property=\"og:site_name\" content=\"NorPaper\" \/>\n<meta property=\"article:modified_time\" content=\"2022-06-25T22:07:59+00:00\" \/>\n<meta name=\"twitter:card\" content=\"summary_large_image\" \/>\n<meta name=\"twitter:label1\" content=\"Gesch\u00e4tzte Lesezeit\" \/>\n\t<meta name=\"twitter:data1\" content=\"1\u00a0Minute\" \/>\n<script type=\"application\/ld+json\" class=\"yoast-schema-graph\">{\"@context\":\"https:\/\/schema.org\",\"@graph\":[{\"@type\":\"WebSite\",\"@id\":\"https:\/\/www.norpaper.com\/#website\",\"url\":\"https:\/\/www.norpaper.com\/\",\"name\":\"NorPaper\",\"description\":\"Un site utilisant WordPress\",\"potentialAction\":[{\"@type\":\"SearchAction\",\"target\":{\"@type\":\"EntryPoint\",\"urlTemplate\":\"https:\/\/www.norpaper.com\/?s={search_term_string}\"},\"query-input\":\"required name=search_term_string\"}],\"inLanguage\":\"de\"},{\"@type\":\"WebPage\",\"@id\":\"https:\/\/www.norpaper.com\/de\/service-client\/#webpage\",\"url\":\"https:\/\/www.norpaper.com\/de\/service-client\/\",\"name\":\"NorPaper - Einhaltung der Fristen dank einer ganzheitlichen Logistik !\",\"isPartOf\":{\"@id\":\"https:\/\/www.norpaper.com\/#website\"},\"datePublished\":\"2017-06-14T00:13:14+00:00\",\"dateModified\":\"2022-06-25T22:07:59+00:00\",\"description\":\"Reaktionsf\u00e4higkeit, Flexibilit\u00e4t, Qualit\u00e4t und Kreativit\u00e4t stehen f\u00fcr unsere Teams bei NorPaper \u2013 von der Produktion bis zum Verkauf...\",\"breadcrumb\":{\"@id\":\"https:\/\/www.norpaper.com\/de\/service-client\/#breadcrumb\"},\"inLanguage\":\"de\",\"potentialAction\":[{\"@type\":\"ReadAction\",\"target\":[\"https:\/\/www.norpaper.com\/de\/service-client\/\"]}]},{\"@type\":\"BreadcrumbList\",\"@id\":\"https:\/\/www.norpaper.com\/de\/service-client\/#breadcrumb\",\"itemListElement\":[{\"@type\":\"ListItem\",\"position\":1,\"name\":\"Kundenservice\"}]}]}<\/script>\n<!-- \/ Yoast SEO plugin. -->","yoast_head_json":{"title":"NorPaper - Einhaltung der Fristen dank einer ganzheitlichen Logistik !","description":"Reaktionsf\u00e4higkeit, Flexibilit\u00e4t, Qualit\u00e4t und Kreativit\u00e4t stehen f\u00fcr unsere Teams bei NorPaper \u2013 von der Produktion bis zum Verkauf...","robots":{"index":"index","follow":"follow","max-snippet":"max-snippet:-1","max-image-preview":"max-image-preview:large","max-video-preview":"max-video-preview:-1"},"canonical":"https:\/\/www.norpaper.com\/de\/service-client\/","og_locale":"de_DE","og_type":"article","og_title":"NorPaper - Einhaltung der Fristen dank einer ganzheitlichen Logistik !","og_description":"Reaktionsf\u00e4higkeit, Flexibilit\u00e4t, Qualit\u00e4t und Kreativit\u00e4t stehen f\u00fcr unsere Teams bei NorPaper \u2013 von der Produktion bis zum Verkauf...","og_url":"https:\/\/www.norpaper.com\/de\/service-client\/","og_site_name":"NorPaper","article_modified_time":"2022-06-25T22:07:59+00:00","twitter_card":"summary_large_image","twitter_misc":{"Gesch\u00e4tzte Lesezeit":"1\u00a0Minute"},"schema":{"@context":"https:\/\/schema.org","@graph":[{"@type":"WebSite","@id":"https:\/\/www.norpaper.com\/#website","url":"https:\/\/www.norpaper.com\/","name":"NorPaper","description":"Un site utilisant WordPress","potentialAction":[{"@type":"SearchAction","target":{"@type":"EntryPoint","urlTemplate":"https:\/\/www.norpaper.com\/?s={search_term_string}"},"query-input":"required name=search_term_string"}],"inLanguage":"de"},{"@type":"WebPage","@id":"https:\/\/www.norpaper.com\/de\/service-client\/#webpage","url":"https:\/\/www.norpaper.com\/de\/service-client\/","name":"NorPaper - Einhaltung der Fristen dank einer ganzheitlichen Logistik !","isPartOf":{"@id":"https:\/\/www.norpaper.com\/#website"},"datePublished":"2017-06-14T00:13:14+00:00","dateModified":"2022-06-25T22:07:59+00:00","description":"Reaktionsf\u00e4higkeit, Flexibilit\u00e4t, Qualit\u00e4t und Kreativit\u00e4t stehen f\u00fcr unsere Teams bei NorPaper \u2013 von der Produktion bis zum Verkauf...","breadcrumb":{"@id":"https:\/\/www.norpaper.com\/de\/service-client\/#breadcrumb"},"inLanguage":"de","potentialAction":[{"@type":"ReadAction","target":["https:\/\/www.norpaper.com\/de\/service-client\/"]}]},{"@type":"BreadcrumbList","@id":"https:\/\/www.norpaper.com\/de\/service-client\/#breadcrumb","itemListElement":[{"@type":"ListItem","position":1,"name":"Kundenservice"}]}]}},"builder_content":"<h3>Einhaltung der Fristen dank einer ganzheitlichen Logistik !<\/h3>\n<h5>Reaktionsf\u00e4higkeit, Flexibilit\u00e4t, Qualit\u00e4t und Kreativit\u00e4t stehen f\u00fcr unsere Teams bei NorPaper - von der Produktion bis zum Verkauf.<\/h5>\n<p>\u00a0<\/p>\n<h5>Mehr als nur ein Lieferant - NorPaper ist ein echter Partner, der sich dazu berufen f\u00fchlt, den Kunden w\u00e4hrend der gesamten Wertsch\u00f6pfungskette zufrieden zu stellen. Dabei setzt das Unternehmen auf eine sorgf\u00e4ltige Kontrolle seiner Logistikkette.<\/h5>","_links":{"self":[{"href":"https:\/\/www.norpaper.com\/de\/wp-json\/wp\/v2\/pages\/1155","targetHints":{"allow":["GET"]}}],"collection":[{"href":"https:\/\/www.norpaper.com\/de\/wp-json\/wp\/v2\/pages"}],"about":[{"href":"https:\/\/www.norpaper.com\/de\/wp-json\/wp\/v2\/types\/page"}],"author":[{"embeddable":true,"href":"https:\/\/www.norpaper.com\/de\/wp-json\/wp\/v2\/users\/1"}],"replies":[{"embeddable":true,"href":"https:\/\/www.norpaper.com\/de\/wp-json\/wp\/v2\/comments?post=1155"}],"version-history":[{"count":9,"href":"https:\/\/www.norpaper.com\/de\/wp-json\/wp\/v2\/pages\/1155\/revisions"}],"predecessor-version":[{"id":1410,"href":"https:\/\/www.norpaper.com\/de\/wp-json\/wp\/v2\/pages\/1155\/revisions\/1410"}],"wp:attachment":[{"href":"https:\/\/www.norpaper.com\/de\/wp-json\/wp\/v2\/media?parent=1155"}],"curies":[{"name":"wp","href":"https:\/\/api.w.org\/{rel}","templated":true}]}}