{"id":1164,"date":"2017-06-14T01:29:33","date_gmt":"2017-06-13T23:29:33","guid":{"rendered":"https:\/\/www.norpaper.com\/qualitat\/"},"modified":"2022-06-26T00:08:44","modified_gmt":"2022-06-25T22:08:44","slug":"qualitat","status":"publish","type":"page","link":"https:\/\/www.norpaper.com\/de\/qualitat\/","title":{"rendered":"Qualit\u00e4t"},"content":{"rendered":"<p><\/p>\r\n\r<!--themify_builder_content-->\n<div id=\"themify_builder_content-1164\" data-postid=\"1164\" class=\"themify_builder_content themify_builder_content-1164 themify_builder tf_clear\">\n    \t<!-- module_row -->\n\t<div  data-desktop-padding=\"6px,6px\" data-css_id=\"o0mc001\" data-lazy=\"1\" class=\"module_row themify_builder_row fullcover fullwidth_row_container tb_o0mc001 tb_first tf_clearfix wow\" data-tf-animation=\"fadeIn\" >\n\t    <div class=\"builder_row_cover tf_abs\"><\/div>\t\t<div class=\"row_inner col_align_top col-count-1 tf_box tf_w tf_rel\">\n\t\t\t<div  data-lazy=\"1\" class=\"module_column tb-column col-full   first tb_69ki203 tf_box\">\n\t\t\t    \t        <div class=\"tb-column-inner tf_box tf_w\">\n\t\t    <!-- module text -->\n<div  class=\"module module-text tb_jefv201    wow\" data-tf-animation=\"fadeInUp\" data-lazy=\"1\">\n        <div  class=\"tb_text_wrap\">\n    <h2>Qualit\u00e4t<\/h2>    <\/div>\n<\/div>\n<!-- \/module text -->\t        <\/div>\n\t    \t<\/div>\n\t\t    <\/div>\n\t    <!-- \/row_inner -->\n\t<\/div>\n\t<!-- \/module_row -->\n\t\t<!-- module_row -->\n\t<div  data-css_id=\"2yts555\" data-lazy=\"1\" class=\"module_row themify_builder_row fullwidth tb_2yts555 tf_clearfix\" >\n\t    \t\t<div class=\"row_inner col_align_top col-count-1 tf_box tf_w tf_rel\">\n\t\t\t<div  data-lazy=\"1\" class=\"module_column tb-column col-full   first tb_xj4k400 tf_box\">\n\t\t\t    \t        <div class=\"tb-column-inner tf_box tf_w\">\n\t\t    <!-- module text -->\n<div  class=\"module module-text tb_3v3z080   \" data-lazy=\"1\">\n        <div  class=\"tb_text_wrap\">\n    <h5>NorPaper ist ISO 9001-Version 2015 zertifiziert, die es unter anderem erm\u00f6glicht, die Zufriedenheit der Kunden zu messen.<\/h5>    <\/div>\n<\/div>\n<!-- \/module text -->\t        <\/div>\n\t    \t<\/div>\n\t\t    <\/div>\n\t    <!-- \/row_inner -->\n\t<\/div>\n\t<!-- \/module_row -->\n\t\t<!-- module_row -->\n\t<div  data-css_id=\"wksf050\" data-lazy=\"1\" class=\"module_row themify_builder_row fullwidth tb_wksf050 tf_clearfix\" >\n\t    \t\t<div class=\"row_inner col_align_middle gutter-none col-count-2 tf_box tf_w tf_rel\">\n\t\t\t<div  data-lazy=\"1\" class=\"module_column tb-column col4-2  first tb_7cki505 fullcover tf_box\">\n\t\t\t    \t<\/div>\n\t\t<div  data-lazy=\"1\" class=\"module_column tb-column col4-2  last tb_esur464 tf_box\">\n\t\t\t    \t        <div class=\"tb-column-inner tf_box tf_w\">\n\t\t    <!-- module text -->\n<div  class=\"module module-text tb_z1lq505   \" data-lazy=\"1\">\n        <div  class=\"tb_text_wrap\">\n    <h3>Unser Qualit\u00e4tsgedanke<\/h3>\r\n<p>NorPaper Avot-Vall\u00e9e besitzt ein eigenes Pr\u00fcflabor. Das Papier wird von unseren Experten analysiert und entsprechend der Kundenanfordernissen gepr\u00fcft.<\/p>\r\n    <\/div>\n<\/div>\n<!-- \/module text -->\t        <\/div>\n\t    \t<\/div>\n\t\t    <\/div>\n\t    <!-- \/row_inner -->\n\t<\/div>\n\t<!-- \/module_row -->\n\t\t<!-- module_row -->\n\t<div  data-css_id=\"157x500\" data-lazy=\"1\" class=\"module_row themify_builder_row fullwidth tb_157x500 tf_clearfix hide-tablet hide-mobile\" >\n\t    \t\t<div class=\"row_inner col_align_middle gutter-none col-count-2 tf_box tf_w tf_rel\">\n\t\t\t<div  data-lazy=\"1\" class=\"module_column tb-column col4-2  first tb_bpcr544 tf_box\">\n\t\t\t    \t        <div class=\"tb-column-inner tf_box tf_w\">\n\t\t    <!-- module text -->\n<div  class=\"module module-text tb_m2dn005   \" data-lazy=\"1\">\n        <div  class=\"tb_text_wrap\">\n    <h3>Kontinuierlicher Verbesserungsprozess<\/h3>\r\n<p>Jeder Mitarbeiter im Unternehmen tr\u00e4gt durch dessen Einsatz zur Steigerung der Qualit\u00e4t bei. Um von einer Idee zur Umsetzung zu kommen, wurden bei NorPaper eigene Arbeitsgruppen ins Leben gerufen.<\/p>\r\n    <\/div>\n<\/div>\n<!-- \/module text -->\t        <\/div>\n\t    \t<\/div>\n\t\t<div  data-lazy=\"1\" class=\"module_column tb-column col4-2  last tb_5u31001 fullcover tf_box\">\n\t\t\t    \t<\/div>\n\t\t    <\/div>\n\t    <!-- \/row_inner -->\n\t<\/div>\n\t<!-- \/module_row -->\n\t\t<!-- module_row -->\n\t<div  data-css_id=\"m3l1416\" data-lazy=\"1\" class=\"module_row themify_builder_row fullwidth tb_m3l1416 tf_clearfix hide-desktop\" >\n\t    \t\t<div class=\"row_inner col_align_middle gutter-none col-count-2 direction-rtl tf_box tf_w tf_rel\"  data-desktop_dir=\"rtl\">\n\t\t\t<div  data-lazy=\"1\" class=\"module_column tb-column col4-2  last tb_4dcj500 tf_box\">\n\t\t\t    \t        <div class=\"tb-column-inner tf_box tf_w\">\n\t\t    <!-- module text -->\n<div  class=\"module module-text tb_zeum606   \" data-lazy=\"1\">\n        <div  class=\"tb_text_wrap\">\n    <h3>Kontinuierlicher Verbesserungsprozess<\/h3>\r\n<p>Jeder Mitarbeiter im Unternehmen tr\u00e4gt durch dessen Einsatz zur Steigerung der Qualit\u00e4t bei. Um von einer Idee zur Umsetzung zu kommen, wurden bei NorPaper eigene Arbeitsgruppen ins Leben gerufen.<\/p>\r\n    <\/div>\n<\/div>\n<!-- \/module text -->\t        <\/div>\n\t    \t<\/div>\n\t\t<div  data-lazy=\"1\" class=\"module_column tb-column col4-2  first tb_n9r2140 fullcover tf_box\">\n\t\t\t    \t<\/div>\n\t\t    <\/div>\n\t    <!-- \/row_inner -->\n\t<\/div>\n\t<!-- \/module_row -->\n\t\t<!-- module_row -->\n\t<div  data-css_id=\"c92g451\" data-lazy=\"1\" class=\"module_row themify_builder_row fullwidth tb_c92g451 tf_clearfix\" >\n\t    \t\t<div class=\"row_inner col_align_middle gutter-none col-count-2 tf_box tf_w tf_rel\">\n\t\t\t<div  data-lazy=\"1\" class=\"module_column tb-column col4-2  first tb_u1l4000 fullcover tf_box\">\n\t\t\t    \t<\/div>\n\t\t<div  data-lazy=\"1\" class=\"module_column tb-column col4-2  last tb_uwyf900 tf_box\">\n\t\t\t    \t        <div class=\"tb-column-inner tf_box tf_w\">\n\t\t    <!-- module text -->\n<div  class=\"module module-text tb_2xsy800   \" data-lazy=\"1\">\n        <div  class=\"tb_text_wrap\">\n    <h3>Umweltpolitik: die Methodik \u00ab 5S \u00bb<\/h3>\r\n<p>Verbesserung der Arbeitsbedingungen: h\u00f6here Sicherheit, effizientere Arbeitsschritte, Versch\u00f6nerung des Arbeitsbereiches, Sauberkeit im Betrieb.<\/p>\r\n    <\/div>\n<\/div>\n<!-- \/module text -->\t        <\/div>\n\t    \t<\/div>\n\t\t    <\/div>\n\t    <!-- \/row_inner -->\n\t<\/div>\n\t<!-- \/module_row -->\n\t\t<!-- module_row -->\n\t<div  data-css_id=\"bl7q884\" data-lazy=\"1\" class=\"module_row themify_builder_row fullwidth tb_bl7q884 tf_clearfix hide-tablet hide-mobile\" >\n\t    \t\t<div class=\"row_inner col_align_middle gutter-none col-count-2 tf_box tf_w tf_rel\">\n\t\t\t<div  data-lazy=\"1\" class=\"module_column tb-column col4-2  first tb_8ik8011 tf_box\">\n\t\t\t    \t        <div class=\"tb-column-inner tf_box tf_w\">\n\t\t    <!-- module text -->\n<div  class=\"module module-text tb_1zz5911   \" data-lazy=\"1\">\n        <div  class=\"tb_text_wrap\">\n    <h3>Qualit\u00e4t des Personals: darauf kann man bauen&#8230;<\/h3>\r\n<p>Stets auf der Qualit\u00e4t verpflichtet, gibt es bei uns im Unternehmen eine betriebliche Berufsausbildung.<\/p>\r\n    <\/div>\n<\/div>\n<!-- \/module text -->\t        <\/div>\n\t    \t<\/div>\n\t\t<div  data-lazy=\"1\" class=\"module_column tb-column col4-2  last tb_5euo949 fullcover tf_box\">\n\t\t\t    \t<\/div>\n\t\t    <\/div>\n\t    <!-- \/row_inner -->\n\t<\/div>\n\t<!-- \/module_row -->\n\t\t<!-- module_row -->\n\t<div  data-css_id=\"hju3491\" data-lazy=\"1\" class=\"module_row themify_builder_row fullwidth tb_hju3491 tf_clearfix hide-desktop\" >\n\t    \t\t<div class=\"row_inner col_align_middle gutter-none col-count-2 direction-rtl tf_box tf_w tf_rel\"  data-desktop_dir=\"rtl\">\n\t\t\t<div  data-lazy=\"1\" class=\"module_column tb-column col4-2  last tb_d3wj180 tf_box\">\n\t\t\t    \t        <div class=\"tb-column-inner tf_box tf_w\">\n\t\t    <!-- module text -->\n<div  class=\"module module-text tb_g01w004   \" data-lazy=\"1\">\n        <div  class=\"tb_text_wrap\">\n    <h3>Qualit\u00e4t des Personals: darauf kann man bauen&#8230;<\/h3>\r\n<p>Stets auf der Qualit\u00e4t verpflichtet, gibt es bei uns im Unternehmen eine betriebliche Berufsausbildung.<\/p>\r\n    <\/div>\n<\/div>\n<!-- \/module text -->\t        <\/div>\n\t    \t<\/div>\n\t\t<div  data-lazy=\"1\" class=\"module_column tb-column col4-2  first tb_qksl006 fullcover tf_box\">\n\t\t\t    \t<\/div>\n\t\t    <\/div>\n\t    <!-- \/row_inner -->\n\t<\/div>\n\t<!-- \/module_row -->\n\t<\/div>\n<!--\/themify_builder_content-->","protected":false},"excerpt":{"rendered":"<p>Qualit\u00e4t NorPaper ist ISO 9001-Version 2015 zertifiziert, die es unter anderem erm\u00f6glicht, die Zufriedenheit der Kunden zu messen. Unser Qualit\u00e4tsgedanke NorPaper Avot-Vall\u00e9e besitzt ein eigenes Pr\u00fcflabor. Das Papier wird von unseren Experten analysiert und entsprechend der Kundenanfordernissen gepr\u00fcft. Kontinuierlicher Verbesserungsprozess Jeder Mitarbeiter im Unternehmen tr\u00e4gt durch dessen Einsatz zur Steigerung der Qualit\u00e4t bei. Um von [&hellip;]<\/p>\n","protected":false},"author":1,"featured_media":0,"parent":0,"menu_order":0,"comment_status":"closed","ping_status":"closed","template":"","meta":{"footnotes":""},"class_list":["post-1164","page","type-page","status-publish","hentry","has-post-title","has-post-date","has-post-category","has-post-tag","has-post-comment","has-post-author",""],"yoast_head":"<!-- This site is optimized with the Yoast SEO plugin v18.9 - https:\/\/yoast.com\/wordpress\/plugins\/seo\/ -->\n<title>NorPaper - Qualit\u00e4t<\/title>\n<meta name=\"description\" content=\"NorPaper ist ISO 9001-Version 2015 zertifiziert, die es unter anderem erm\u00f6glicht, die Zufriedenheit der Kunden zu messen.\" \/>\n<meta name=\"robots\" content=\"index, follow, max-snippet:-1, max-image-preview:large, max-video-preview:-1\" \/>\n<link rel=\"canonical\" href=\"https:\/\/www.norpaper.com\/de\/qualitat\/\" \/>\n<meta property=\"og:locale\" content=\"de_DE\" \/>\n<meta property=\"og:type\" content=\"article\" \/>\n<meta property=\"og:title\" content=\"NorPaper - Qualit\u00e4t\" \/>\n<meta property=\"og:description\" content=\"NorPaper ist ISO 9001-Version 2015 zertifiziert, die es unter anderem erm\u00f6glicht, die Zufriedenheit der Kunden zu messen.\" \/>\n<meta property=\"og:url\" content=\"https:\/\/www.norpaper.com\/de\/qualitat\/\" \/>\n<meta property=\"og:site_name\" content=\"NorPaper\" \/>\n<meta property=\"article:modified_time\" content=\"2022-06-25T22:08:44+00:00\" \/>\n<meta name=\"twitter:card\" content=\"summary_large_image\" \/>\n<meta name=\"twitter:label1\" content=\"Gesch\u00e4tzte Lesezeit\" \/>\n\t<meta name=\"twitter:data1\" content=\"1\u00a0Minute\" \/>\n<script type=\"application\/ld+json\" class=\"yoast-schema-graph\">{\"@context\":\"https:\/\/schema.org\",\"@graph\":[{\"@type\":\"WebSite\",\"@id\":\"https:\/\/www.norpaper.com\/#website\",\"url\":\"https:\/\/www.norpaper.com\/\",\"name\":\"NorPaper\",\"description\":\"Un site utilisant WordPress\",\"potentialAction\":[{\"@type\":\"SearchAction\",\"target\":{\"@type\":\"EntryPoint\",\"urlTemplate\":\"https:\/\/www.norpaper.com\/?s={search_term_string}\"},\"query-input\":\"required name=search_term_string\"}],\"inLanguage\":\"de\"},{\"@type\":\"WebPage\",\"@id\":\"https:\/\/www.norpaper.com\/de\/qualitat\/#webpage\",\"url\":\"https:\/\/www.norpaper.com\/de\/qualitat\/\",\"name\":\"NorPaper - Qualit\u00e4t\",\"isPartOf\":{\"@id\":\"https:\/\/www.norpaper.com\/#website\"},\"datePublished\":\"2017-06-13T23:29:33+00:00\",\"dateModified\":\"2022-06-25T22:08:44+00:00\",\"description\":\"NorPaper ist ISO 9001-Version 2015 zertifiziert, die es unter anderem erm\u00f6glicht, die Zufriedenheit der Kunden zu messen.\",\"breadcrumb\":{\"@id\":\"https:\/\/www.norpaper.com\/de\/qualitat\/#breadcrumb\"},\"inLanguage\":\"de\",\"potentialAction\":[{\"@type\":\"ReadAction\",\"target\":[\"https:\/\/www.norpaper.com\/de\/qualitat\/\"]}]},{\"@type\":\"BreadcrumbList\",\"@id\":\"https:\/\/www.norpaper.com\/de\/qualitat\/#breadcrumb\",\"itemListElement\":[{\"@type\":\"ListItem\",\"position\":1,\"name\":\"Qualit\u00e4t\"}]}]}<\/script>\n<!-- \/ Yoast SEO plugin. -->","yoast_head_json":{"title":"NorPaper - Qualit\u00e4t","description":"NorPaper ist ISO 9001-Version 2015 zertifiziert, die es unter anderem erm\u00f6glicht, die Zufriedenheit der Kunden zu messen.","robots":{"index":"index","follow":"follow","max-snippet":"max-snippet:-1","max-image-preview":"max-image-preview:large","max-video-preview":"max-video-preview:-1"},"canonical":"https:\/\/www.norpaper.com\/de\/qualitat\/","og_locale":"de_DE","og_type":"article","og_title":"NorPaper - Qualit\u00e4t","og_description":"NorPaper ist ISO 9001-Version 2015 zertifiziert, die es unter anderem erm\u00f6glicht, die Zufriedenheit der Kunden zu messen.","og_url":"https:\/\/www.norpaper.com\/de\/qualitat\/","og_site_name":"NorPaper","article_modified_time":"2022-06-25T22:08:44+00:00","twitter_card":"summary_large_image","twitter_misc":{"Gesch\u00e4tzte Lesezeit":"1\u00a0Minute"},"schema":{"@context":"https:\/\/schema.org","@graph":[{"@type":"WebSite","@id":"https:\/\/www.norpaper.com\/#website","url":"https:\/\/www.norpaper.com\/","name":"NorPaper","description":"Un site utilisant WordPress","potentialAction":[{"@type":"SearchAction","target":{"@type":"EntryPoint","urlTemplate":"https:\/\/www.norpaper.com\/?s={search_term_string}"},"query-input":"required name=search_term_string"}],"inLanguage":"de"},{"@type":"WebPage","@id":"https:\/\/www.norpaper.com\/de\/qualitat\/#webpage","url":"https:\/\/www.norpaper.com\/de\/qualitat\/","name":"NorPaper - Qualit\u00e4t","isPartOf":{"@id":"https:\/\/www.norpaper.com\/#website"},"datePublished":"2017-06-13T23:29:33+00:00","dateModified":"2022-06-25T22:08:44+00:00","description":"NorPaper ist ISO 9001-Version 2015 zertifiziert, die es unter anderem erm\u00f6glicht, die Zufriedenheit der Kunden zu messen.","breadcrumb":{"@id":"https:\/\/www.norpaper.com\/de\/qualitat\/#breadcrumb"},"inLanguage":"de","potentialAction":[{"@type":"ReadAction","target":["https:\/\/www.norpaper.com\/de\/qualitat\/"]}]},{"@type":"BreadcrumbList","@id":"https:\/\/www.norpaper.com\/de\/qualitat\/#breadcrumb","itemListElement":[{"@type":"ListItem","position":1,"name":"Qualit\u00e4t"}]}]}},"builder_content":"<h2>Qualit\u00e4t<\/h2>\n<h5>NorPaper ist ISO 9001-Version 2015 zertifiziert, die es unter anderem erm\u00f6glicht, die Zufriedenheit der Kunden zu messen.<\/h5>\n<h3>Unser Qualit\u00e4tsgedanke<\/h3>\n<p>NorPaper Avot-Vall\u00e9e besitzt ein eigenes Pr\u00fcflabor. Das Papier wird von unseren Experten analysiert und entsprechend der Kundenanfordernissen gepr\u00fcft.<\/p>\n<h3>Kontinuierlicher Verbesserungsprozess<\/h3>\n<p>Jeder Mitarbeiter im Unternehmen tr\u00e4gt durch dessen Einsatz zur Steigerung der Qualit\u00e4t bei. Um von einer Idee zur Umsetzung zu kommen, wurden bei NorPaper eigene Arbeitsgruppen ins Leben gerufen.<\/p>\n<h3>Kontinuierlicher Verbesserungsprozess<\/h3>\n<p>Jeder Mitarbeiter im Unternehmen tr\u00e4gt durch dessen Einsatz zur Steigerung der Qualit\u00e4t bei. Um von einer Idee zur Umsetzung zu kommen, wurden bei NorPaper eigene Arbeitsgruppen ins Leben gerufen.<\/p>\n<h3>Umweltpolitik: die Methodik \u00ab 5S \u00bb<\/h3>\n<p>Verbesserung der Arbeitsbedingungen: h\u00f6here Sicherheit, effizientere Arbeitsschritte, Versch\u00f6nerung des Arbeitsbereiches, Sauberkeit im Betrieb.<\/p>\n<h3>Qualit\u00e4t des Personals: darauf kann man bauen...<\/h3>\n<p>Stets auf der Qualit\u00e4t verpflichtet, gibt es bei uns im Unternehmen eine betriebliche Berufsausbildung.<\/p>\n<h3>Qualit\u00e4t des Personals: darauf kann man bauen...<\/h3>\n<p>Stets auf der Qualit\u00e4t verpflichtet, gibt es bei uns im Unternehmen eine betriebliche Berufsausbildung.<\/p>","_links":{"self":[{"href":"https:\/\/www.norpaper.com\/de\/wp-json\/wp\/v2\/pages\/1164","targetHints":{"allow":["GET"]}}],"collection":[{"href":"https:\/\/www.norpaper.com\/de\/wp-json\/wp\/v2\/pages"}],"about":[{"href":"https:\/\/www.norpaper.com\/de\/wp-json\/wp\/v2\/types\/page"}],"author":[{"embeddable":true,"href":"https:\/\/www.norpaper.com\/de\/wp-json\/wp\/v2\/users\/1"}],"replies":[{"embeddable":true,"href":"https:\/\/www.norpaper.com\/de\/wp-json\/wp\/v2\/comments?post=1164"}],"version-history":[{"count":7,"href":"https:\/\/www.norpaper.com\/de\/wp-json\/wp\/v2\/pages\/1164\/revisions"}],"predecessor-version":[{"id":1411,"href":"https:\/\/www.norpaper.com\/de\/wp-json\/wp\/v2\/pages\/1164\/revisions\/1411"}],"wp:attachment":[{"href":"https:\/\/www.norpaper.com\/de\/wp-json\/wp\/v2\/media?parent=1164"}],"curies":[{"name":"wp","href":"https:\/\/api.w.org\/{rel}","templated":true}]}}