{"id":1151,"date":"2017-07-03T23:42:13","date_gmt":"2017-07-03T21:42:13","guid":{"rendered":"https:\/\/www.norpaper.com\/planta-de-nantes\/"},"modified":"2022-06-25T23:55:30","modified_gmt":"2022-06-25T21:55:30","slug":"planta-de-nantes","status":"publish","type":"page","link":"https:\/\/www.norpaper.com\/es\/planta-de-nantes\/","title":{"rendered":"Planta de Nantes"},"content":{"rendered":"<!--themify_builder_content-->\n<div id=\"themify_builder_content-1151\" data-postid=\"1151\" class=\"themify_builder_content themify_builder_content-1151 themify_builder tf_clear\">\n    \t<!-- module_row -->\n\t<div  data-desktop-padding=\"6px,6px\" data-css_id=\"7895977\" data-lazy=\"1\" class=\"module_row themify_builder_row fullcover fullwidth_row_container tb_7895977 tb_first tf_clearfix wow\" data-tf-animation=\"fadeIn\" >\n\t    <div class=\"builder_row_cover tf_abs\"><\/div>\t\t<div class=\"row_inner col_align_top col-count-1 tf_box tf_w tf_rel\">\n\t\t\t<div  data-lazy=\"1\" class=\"module_column tb-column col-full first tb_a6ag022 tf_box\">\n\t\t\t    \t        <div class=\"tb-column-inner tf_box tf_w\">\n\t\t    <!-- module text -->\n<div  class=\"module module-text tb_glex099    wow\" data-tf-animation=\"fadeInUp\" data-lazy=\"1\">\n        <div  class=\"tb_text_wrap\">\n    <h2>Planta de Nantes<\/h2>    <\/div>\n<\/div>\n<!-- \/module text -->\t        <\/div>\n\t    \t<\/div>\n\t\t    <\/div>\n\t    <!-- \/row_inner -->\n\t<\/div>\n\t<!-- \/module_row -->\n\t\t<!-- module_row -->\n\t<div  data-css_id=\"6wm6000\" data-lazy=\"1\" class=\"module_row themify_builder_row fullwidth tb_6wm6000 tf_clearfix\" >\n\t    \t\t<div class=\"row_inner col_align_middle col-count-3 tf_box tf_w tf_rel\">\n\t\t\t<div  data-lazy=\"1\" class=\"module_column tb-column col3-1 first tb_ol4t309 tf_box\">\n\t\t\t    \t        <div class=\"tb-column-inner tf_box tf_w\">\n\t\t    <!-- module timeline -->\n<div  id=\"tb_dwrf001\" class=\"module tf_hidden tf_lazy module-timeline tb_dwrf001 layout-list \" data-lazy=\"1\">\n    <ul class=\"tf_rel\">\n\t\t\t<li id=\"timeline-0\" class=\"tf_clearfix timeline-post with-icon \">\n\t\t\t<span class=\"module-timeline-date tf_box tf_textr\">\n\t\t\t\t1938\t\t\t<\/span>\n\t\t\t<div class=\"module-timeline-dot\"><\/div>\n\t\t\t\t\t\t    \t\t\t\t    <div class=\"module-timeline-icon\" style=\"background-color:#28b4e5;\"><i><svg  aria-hidden=\"true\" class=\"tf_fa tf-fas-industry\"><use href=\"#tf-fas-industry\"><\/use><\/svg><\/i><\/div>\n\t\t\t    \t\t\t\t\t\t<div class=\"module-timeline-content-wrap tf_right tf_box\">\n\t\t\t\t<div class=\"module-timeline-content\">\n\t\t\t\t    \t\t\t\t\t\t<h2 class=\"module-timeline-title\">    \n\t\t\t\t\t\t\t\t\t\t\t\t\t\t\tFundaci\u00f3n de la empresa\t\t\t\t\t\t\t\t\t\t\t\t\t<\/h2>\n\t\t\t\t    \t\t\t\t    \t\t\t\t    \t\t\t\t\t\t<div class=\"entry-content\" itemprop=\"articleBody\">\n\t\t\t\t\t\t\tFundaci\u00f3n de la empresa Beghin Say\t\t\t\t\t\t<\/div><!-- \/.entry-content -->\n\t\t\t\t    \t\t\t\t<\/div><!-- \/.timeline-content -->\n\t\t\t<\/div><!-- \/.timeline-content-wrap -->\n\t\t<\/li>\n\t\t\t<li id=\"timeline-1\" class=\"tf_clearfix timeline-post with-icon \">\n\t\t\t<span class=\"module-timeline-date tf_box tf_textr\">\n\t\t\t\t1989\t\t\t<\/span>\n\t\t\t<div class=\"module-timeline-dot\"><\/div>\n\t\t\t\t\t\t    \t\t\t\t    <div class=\"module-timeline-icon\" style=\"background-color:#cbd401;\"><i><svg  aria-hidden=\"true\" class=\"tf_fa tf-fas-industry\"><use href=\"#tf-fas-industry\"><\/use><\/svg><\/i><\/div>\n\t\t\t    \t\t\t\t\t\t<div class=\"module-timeline-content-wrap tf_right tf_box\">\n\t\t\t\t<div class=\"module-timeline-content\">\n\t\t\t\t    \t\t\t\t\t\t<h2 class=\"module-timeline-title\">    \n\t\t\t\t\t\t\t\t\t\t\t\t\t\t\tRecuperaci\u00f3n de Otor\t\t\t\t\t\t\t\t\t\t\t\t\t<\/h2>\n\t\t\t\t    \t\t\t\t    \t\t\t\t    \t\t\t\t\t\t<div class=\"entry-content\" itemprop=\"articleBody\">\n\t\t\t\t\t\t\tL\u00edder franc\u00e9s y precursor de White Top Testliner, principalmente orientado para preprint\t\t\t\t\t\t<\/div><!-- \/.entry-content -->\n\t\t\t\t    \t\t\t\t<\/div><!-- \/.timeline-content -->\n\t\t\t<\/div><!-- \/.timeline-content-wrap -->\n\t\t<\/li>\n\t\t\t<li id=\"timeline-2\" class=\"tf_clearfix timeline-post with-icon \">\n\t\t\t<span class=\"module-timeline-date tf_box tf_textr\">\n\t\t\t\t2005\t\t\t<\/span>\n\t\t\t<div class=\"module-timeline-dot\"><\/div>\n\t\t\t\t\t\t    \t\t\t\t    <div class=\"module-timeline-icon\" style=\"background-color:#28b4e5;\"><i><svg  aria-hidden=\"true\" class=\"tf_fa tf-fas-money\"><use href=\"#tf-fas-money\"><\/use><\/svg><\/i><\/div>\n\t\t\t    \t\t\t\t\t\t<div class=\"module-timeline-content-wrap tf_right tf_box\">\n\t\t\t\t<div class=\"module-timeline-content\">\n\t\t\t\t    \t\t\t\t\t\t<h2 class=\"module-timeline-title\">    \n\t\t\t\t\t\t\t\t\t\t\t\t\t\t\tGroupo DS Smith\t\t\t\t\t\t\t\t\t\t\t\t\t<\/h2>\n\t\t\t\t    \t\t\t\t    \t\t\t\t    \t\t\t\t\t\t<div class=\"entry-content\" itemprop=\"articleBody\">\n\t\t\t\t\t\t\tAccionista, l\u00edder europeo de papeles y de cart\u00f3n de embalaje\t\t\t\t\t\t<\/div><!-- \/.entry-content -->\n\t\t\t\t    \t\t\t\t<\/div><!-- \/.timeline-content -->\n\t\t\t<\/div><!-- \/.timeline-content-wrap -->\n\t\t<\/li>\n\t\t\t<li id=\"timeline-3\" class=\"tf_clearfix timeline-post with-icon \">\n\t\t\t<span class=\"module-timeline-date tf_box tf_textr\">\n\t\t\t\t2015\t\t\t<\/span>\n\t\t\t<div class=\"module-timeline-dot\"><\/div>\n\t\t\t\t\t\t    \t\t\t\t    <div class=\"module-timeline-icon\" style=\"background-color:#cbd401;\"><i><svg  aria-hidden=\"true\" class=\"tf_fa tf-fas-money\"><use href=\"#tf-fas-money\"><\/use><\/svg><\/i><\/div>\n\t\t\t    \t\t\t\t\t\t<div class=\"module-timeline-content-wrap tf_right tf_box\">\n\t\t\t\t<div class=\"module-timeline-content\">\n\t\t\t\t    \t\t\t\t\t\t<h2 class=\"module-timeline-title\">    \n\t\t\t\t\t\t\t\t\t\t\t\t\t\t\tNorPaper Nantes\t\t\t\t\t\t\t\t\t\t\t\t\t<\/h2>\n\t\t\t\t    \t\t\t\t    \t\t\t\t    \t\t\t\t\t\t<div class=\"entry-content\" itemprop=\"articleBody\">\n\t\t\t\t\t\t\tAdquisici\u00f3n de la empresa por OpenGate Capital bajo el nombre de NorPaper Nantes\t\t\t\t\t\t<\/div><!-- \/.entry-content -->\n\t\t\t\t    \t\t\t\t<\/div><!-- \/.timeline-content -->\n\t\t\t<\/div><!-- \/.timeline-content-wrap -->\n\t\t<\/li>\n\t<\/ul><\/div>\n<!-- \/module timeline -->\t        <\/div>\n\t    \t<\/div>\n\t\t<div  data-lazy=\"1\" class=\"module_column tb-column col3-1 middle tb_nu6z133 tf_box\">\n\t\t\t    \t        <div class=\"tb-column-inner tf_box tf_w\">\n\t\t    <!-- module image -->\n<div  class=\"module module-image tb_antp944   image-top tf_mw\" data-lazy=\"1\">\n        <div class=\"image-wrap tf_rel tf_mw\">\n\t\t    <img decoding=\"async\" src=\"https:\/\/www.norpaper.com\/wp-content\/uploads\/2017\/07\/site-nantes.jpg\" title=\"Planta de Nantes\" alt=\"Planta de Nantes\">\t\n\t\t<\/div>\n\t<!-- \/image-wrap -->\n    \n    \t<\/div>\n<!-- \/module image -->\t        <\/div>\n\t    \t<\/div>\n\t\t<div  data-lazy=\"1\" class=\"module_column tb-column col3-1 last tb_qmqb000 tf_box\">\n\t\t\t    \t        <div class=\"tb-column-inner tf_box tf_w\">\n\t\t    <!-- module text -->\n<div  class=\"module module-text tb_vk5x940   \" data-lazy=\"1\">\n        <div  class=\"tb_text_wrap\">\n    <ul><li style=\"text-align: left;\">Sede: Nantes (Loire Atlantique), Francia<\/li><li style=\"text-align: left;\">Actividad: Fabricaci\u00f3n de papel para ondular<\/li><li>Capacidad de producci\u00f3n: 77.000 toneladas \/ a\u00f1o<\/li><li>Superficie de la sede: 18.000 m\u00b2<\/li><li>Volumen de negocios : 22.5 Millones de euros en 2016<\/li><li>Efectivo: 67 trabajadores<\/li><li>Situaci\u00f3n: Papelera especializada en la fabricaci\u00f3n de WTTL non couch\u00e9 para una aplicaci\u00f3n Preprint, 100% integrada al grupo DSSmith<\/li><\/ul>    <\/div>\n<\/div>\n<!-- \/module text -->\t        <\/div>\n\t    \t<\/div>\n\t\t    <\/div>\n\t    <!-- \/row_inner -->\n\t<\/div>\n\t<!-- \/module_row -->\n\t\t<!-- module_row -->\n\t<div  data-lazy=\"1\" class=\"module_row themify_builder_row tb_bmyk009 tf_clearfix\" >\n\t    \t\t<div class=\"row_inner col_align_top gutter-none col-count-1 tf_box tf_w tf_rel\">\n\t\t\t<div  data-lazy=\"1\" class=\"module_column tb-column col-full first tb_txnh400 tf_box\">\n\t\t\t    \t        <div class=\"tb-column-inner tf_box tf_w\">\n\t\t    <!-- module text -->\n<div  class=\"module module-text tb_ju7i349   \" data-lazy=\"1\">\n        <div  class=\"tb_text_wrap\">\n    <h3>NUESTRAS DESPULPADORAS DE PAPEL<\/h3>    <\/div>\n<\/div>\n<!-- \/module text -->\t        <\/div>\n\t    \t<\/div>\n\t\t    <\/div>\n\t    <!-- \/row_inner -->\n\t<\/div>\n\t<!-- \/module_row -->\n\t\t<!-- module_row -->\n\t<div  data-lazy=\"1\" class=\"module_row themify_builder_row tb_o9rs959 tf_clearfix\" >\n\t    \t\t<div class=\"row_inner col_align_top gutter-none col-count-1 tf_box tf_w tf_rel\">\n\t\t\t<div  data-lazy=\"1\" class=\"module_column tb-column col-full first tb_2jyd903 fullcover tf_box\">\n\t\t\t    \t        <div class=\"tb-column-inner tf_box tf_w\">\n\t\t    \t<div  data-lazy=\"1\" class=\"module_subrow themify_builder_sub_row tb_u8et409 tf_w tf_clearfix\">\n\t    \t\t<div class=\"subrow_inner col_align_top col-count-2 tf_box tf_w\">\n\t\t\t<div  data-lazy=\"1\" class=\"sub_column module_column tf_box col4-2 first tb_aa0o340\"> \n\t    \t    \t        <div class=\"tb-column-inner tf_box tf_w\">\n\t\t    <!-- module image -->\n<div  class=\"module module-image tb_vung444 circle  image-center tf_mw\" data-lazy=\"1\">\n        <div class=\"image-wrap tf_rel tf_mw\">\n\t\t    <img loading=\"lazy\" decoding=\"async\" src=\"https:\/\/www.norpaper.com\/wp-content\/uploads\/2017\/08\/NorPaper_Nantes-6-325x243.jpg\" width=\"325\" height=\"243\" title=\"1 preparaci\u00f3n de pasta cruda\" alt=\"Soporte, l\u00ednea A, capacidad diaria de 155 toneladas \/ d\u00eda\">\t\n\t\t<\/div>\n\t<!-- \/image-wrap -->\n    \n    \t<div class=\"image-content\">\n\t    \t\t\t<h3 class=\"image-title\">\n\t\t\t\t\t\t\t\t\t1 preparaci\u00f3n de pasta cruda\t\t\t\t\t\t\t<\/h3>\n\t    \n\t    \t\t<div class=\"image-caption tb_text_wrap\">\n\t\t    Soporte, l\u00ednea A, capacidad diaria de 155 toneladas \/ d\u00eda\t    <\/div>\n\t    <!-- \/image-caption -->\n\t    \t<\/div>\n\t<!-- \/image-content -->\n    \t<\/div>\n<!-- \/module image -->\t        <\/div>\n\t    \t<\/div>\n\t\t<div  data-lazy=\"1\" class=\"sub_column module_column tf_box col4-2 last tb_r45i300\"> \n\t    \t    \t        <div class=\"tb-column-inner tf_box tf_w\">\n\t\t    <!-- module image -->\n<div  class=\"module module-image tb_sc3o040 circle  image-center tf_mw\" data-lazy=\"1\">\n        <div class=\"image-wrap tf_rel tf_mw\">\n\t\t    <img loading=\"lazy\" decoding=\"async\" src=\"https:\/\/www.norpaper.com\/wp-content\/uploads\/2017\/08\/NorPaper_Nantes-4-325x243.jpg\" width=\"325\" height=\"243\" title=\"1 preparaci\u00f3n para pasta blanca\" alt=\"Blanco , l\u00ednea B, capacidad diaria de 70 toneladas \/ d\u00eda\">\t\n\t\t<\/div>\n\t<!-- \/image-wrap -->\n    \n    \t<div class=\"image-content\">\n\t    \t\t\t<h3 class=\"image-title\">\n\t\t\t\t\t\t\t\t\t1 preparaci\u00f3n para pasta blanca\t\t\t\t\t\t\t<\/h3>\n\t    \n\t    \t\t<div class=\"image-caption tb_text_wrap\">\n\t\t    Blanco , l\u00ednea B, capacidad diaria de 70 toneladas \/ d\u00eda\t    <\/div>\n\t    <!-- \/image-caption -->\n\t    \t<\/div>\n\t<!-- \/image-content -->\n    \t<\/div>\n<!-- \/module image -->\t        <\/div>\n\t    \t<\/div>\n\t\t    <\/div>\n\t<\/div><!-- \/themify_builder_sub_row -->\n\t\t        <\/div>\n\t    \t<\/div>\n\t\t    <\/div>\n\t    <!-- \/row_inner -->\n\t<\/div>\n\t<!-- \/module_row -->\n\t\t<!-- module_row -->\n\t<div  data-lazy=\"1\" class=\"module_row themify_builder_row tb_l0sh346 tf_clearfix\" >\n\t    \t\t<div class=\"row_inner col_align_top gutter-none col-count-1 tf_box tf_w tf_rel\">\n\t\t\t<div  data-lazy=\"1\" class=\"module_column tb-column col-full first tb_htm9493 tf_box\">\n\t\t\t    \t        <div class=\"tb-column-inner tf_box tf_w\">\n\t\t    <!-- module text -->\n<div  class=\"module module-text tb_rdwv000   \" data-lazy=\"1\">\n        <div  class=\"tb_text_wrap\">\n    <h3>NUESTRA MAQUINA Y ACABADO<\/h3>    <\/div>\n<\/div>\n<!-- \/module text -->\t        <\/div>\n\t    \t<\/div>\n\t\t    <\/div>\n\t    <!-- \/row_inner -->\n\t<\/div>\n\t<!-- \/module_row -->\n\t\t<!-- module_row -->\n\t<div  data-lazy=\"1\" class=\"module_row themify_builder_row tb_f6as349 tf_clearfix\" >\n\t    \t\t<div class=\"row_inner col_align_top gutter-none col-count-1 tf_box tf_w tf_rel\">\n\t\t\t<div  data-lazy=\"1\" class=\"module_column tb-column col-full first tb_jp1a764 tf_box\">\n\t\t\t    \t        <div class=\"tb-column-inner tf_box tf_w\">\n\t\t    \t<div  data-lazy=\"1\" class=\"module_subrow themify_builder_sub_row tb_70gc000 tf_w tf_clearfix\">\n\t    \t\t<div class=\"subrow_inner col_align_top col-count-2 tf_box tf_w\">\n\t\t\t<div  data-lazy=\"1\" class=\"sub_column module_column tf_box col4-2 first tb_g799140\"> \n\t    \t    \t        <div class=\"tb-column-inner tf_box tf_w\">\n\t\t    <!-- module image -->\n<div  class=\"module module-image tb_p4zp088 circle  image-center tf_mw\" data-lazy=\"1\">\n        <div class=\"image-wrap tf_rel tf_mw\">\n\t\t    <img loading=\"lazy\" decoding=\"async\" src=\"https:\/\/www.norpaper.com\/wp-content\/uploads\/2017\/08\/NorPaper_Nantes-8-325x243.jpg\" width=\"325\" height=\"243\" title=\"MAP 1\" alt=\"Ancho \u00f3ptimo 2.80m \u2013 60.000 toneladas\">\t\n\t\t<\/div>\n\t<!-- \/image-wrap -->\n    \n    \t<div class=\"image-content\">\n\t    \t\t\t<h3 class=\"image-title\">\n\t\t\t\t\t\t\t\t\tMAP 1\t\t\t\t\t\t\t<\/h3>\n\t    \n\t    \t\t<div class=\"image-caption tb_text_wrap\">\n\t\t    Ancho \u00f3ptimo 2.80m \u2013 60.000 toneladas\t    <\/div>\n\t    <!-- \/image-caption -->\n\t    \t<\/div>\n\t<!-- \/image-content -->\n    \t<\/div>\n<!-- \/module image -->\t        <\/div>\n\t    \t<\/div>\n\t\t<div  data-lazy=\"1\" class=\"sub_column module_column tf_box col4-2 last tb_d1fb970\"> \n\t    \t    \t        <div class=\"tb-column-inner tf_box tf_w\">\n\t\t    <!-- module image -->\n<div  class=\"module module-image tb_3k8u349 circle  image-center tf_mw\" data-lazy=\"1\">\n        <div class=\"image-wrap tf_rel tf_mw\">\n\t\t    <img loading=\"lazy\" decoding=\"async\" src=\"https:\/\/www.norpaper.com\/wp-content\/uploads\/2017\/09\/Bobineuse_Nantes-325x240.jpg\" width=\"325\" height=\"240\" title=\"BOBINADORA\" alt=\"1100 m \/ minutos\">\t\n\t\t<\/div>\n\t<!-- \/image-wrap -->\n    \n    \t<div class=\"image-content\">\n\t    \t\t\t<h3 class=\"image-title\">\n\t\t\t\t\t\t\t\t\tBOBINADORA\t\t\t\t\t\t\t<\/h3>\n\t    \n\t    \t\t<div class=\"image-caption tb_text_wrap\">\n\t\t    1100 m \/ minutos\t    <\/div>\n\t    <!-- \/image-caption -->\n\t    \t<\/div>\n\t<!-- \/image-content -->\n    \t<\/div>\n<!-- \/module image -->\t        <\/div>\n\t    \t<\/div>\n\t\t    <\/div>\n\t<\/div><!-- \/themify_builder_sub_row -->\n\t\t        <\/div>\n\t    \t<\/div>\n\t\t    <\/div>\n\t    <!-- \/row_inner -->\n\t<\/div>\n\t<!-- \/module_row -->\n\t<\/div>\n<!--\/themify_builder_content-->","protected":false},"excerpt":{"rendered":"<p>Planta de Nantes 1938 Fundaci\u00f3n de la empresa Fundaci\u00f3n de la empresa Beghin Say 1989 Recuperaci\u00f3n de Otor L\u00edder franc\u00e9s y precursor de White Top Testliner, principalmente orientado para preprint 2005 Groupo DS Smith Accionista, l\u00edder europeo de papeles y de cart\u00f3n de embalaje 2015 NorPaper Nantes Adquisici\u00f3n de la empresa por OpenGate Capital bajo [&hellip;]<\/p>\n","protected":false},"author":1,"featured_media":0,"parent":0,"menu_order":0,"comment_status":"closed","ping_status":"closed","template":"","meta":{"footnotes":""},"class_list":["post-1151","page","type-page","status-publish","hentry","has-post-title","has-post-date","has-post-category","has-post-tag","has-post-comment","has-post-author",""],"yoast_head":"<!-- This site is optimized with the Yoast SEO plugin v18.9 - https:\/\/yoast.com\/wordpress\/plugins\/seo\/ -->\n<title>Planta de Nantes - Norpaper<\/title>\n<meta name=\"description\" content=\"D\u00e9couvrez le site NorPaper de Nantes, sp\u00e9cialis\u00e9 dans la fabrication de papier pour ondul\u00e9 avec une capacit\u00e9 de production de 77 000 tonnes \/ an.\" \/>\n<meta name=\"robots\" content=\"index, follow, max-snippet:-1, max-image-preview:large, max-video-preview:-1\" \/>\n<link rel=\"canonical\" href=\"https:\/\/www.norpaper.com\/es\/planta-de-nantes\/\" \/>\n<meta property=\"og:locale\" content=\"es_ES\" \/>\n<meta property=\"og:type\" content=\"article\" \/>\n<meta property=\"og:title\" content=\"Planta de Nantes - Norpaper\" \/>\n<meta property=\"og:description\" content=\"D\u00e9couvrez le site NorPaper de Nantes, sp\u00e9cialis\u00e9 dans la fabrication de papier pour ondul\u00e9 avec une capacit\u00e9 de production de 77 000 tonnes \/ an.\" \/>\n<meta property=\"og:url\" content=\"https:\/\/www.norpaper.com\/es\/planta-de-nantes\/\" \/>\n<meta property=\"og:site_name\" content=\"NorPaper\" \/>\n<meta property=\"article:modified_time\" content=\"2022-06-25T21:55:30+00:00\" \/>\n<meta property=\"og:image\" content=\"https:\/\/www.norpaper.com\/wp-content\/uploads\/2017\/07\/site-nantes.jpg\" \/>\n<meta name=\"twitter:card\" content=\"summary_large_image\" \/>\n<meta name=\"twitter:label1\" content=\"Tiempo de lectura\" \/>\n\t<meta name=\"twitter:data1\" content=\"2 minutos\" \/>\n<script type=\"application\/ld+json\" class=\"yoast-schema-graph\">{\"@context\":\"https:\/\/schema.org\",\"@graph\":[{\"@type\":\"WebSite\",\"@id\":\"https:\/\/www.norpaper.com\/#website\",\"url\":\"https:\/\/www.norpaper.com\/\",\"name\":\"NorPaper\",\"description\":\"Un site utilisant WordPress\",\"potentialAction\":[{\"@type\":\"SearchAction\",\"target\":{\"@type\":\"EntryPoint\",\"urlTemplate\":\"https:\/\/www.norpaper.com\/?s={search_term_string}\"},\"query-input\":\"required name=search_term_string\"}],\"inLanguage\":\"es\"},{\"@type\":\"ImageObject\",\"inLanguage\":\"es\",\"@id\":\"https:\/\/www.norpaper.com\/es\/planta-de-nantes\/#primaryimage\",\"url\":\"https:\/\/www.norpaper.com\/wp-content\/uploads\/2017\/07\/site-nantes.jpg\",\"contentUrl\":\"https:\/\/www.norpaper.com\/wp-content\/uploads\/2017\/07\/site-nantes.jpg\"},{\"@type\":\"WebPage\",\"@id\":\"https:\/\/www.norpaper.com\/es\/planta-de-nantes\/#webpage\",\"url\":\"https:\/\/www.norpaper.com\/es\/planta-de-nantes\/\",\"name\":\"Planta de Nantes - Norpaper\",\"isPartOf\":{\"@id\":\"https:\/\/www.norpaper.com\/#website\"},\"primaryImageOfPage\":{\"@id\":\"https:\/\/www.norpaper.com\/es\/planta-de-nantes\/#primaryimage\"},\"datePublished\":\"2017-07-03T21:42:13+00:00\",\"dateModified\":\"2022-06-25T21:55:30+00:00\",\"description\":\"D\u00e9couvrez le site NorPaper de Nantes, sp\u00e9cialis\u00e9 dans la fabrication de papier pour ondul\u00e9 avec une capacit\u00e9 de production de 77 000 tonnes \/ an.\",\"breadcrumb\":{\"@id\":\"https:\/\/www.norpaper.com\/es\/planta-de-nantes\/#breadcrumb\"},\"inLanguage\":\"es\",\"potentialAction\":[{\"@type\":\"ReadAction\",\"target\":[\"https:\/\/www.norpaper.com\/es\/planta-de-nantes\/\"]}]},{\"@type\":\"BreadcrumbList\",\"@id\":\"https:\/\/www.norpaper.com\/es\/planta-de-nantes\/#breadcrumb\",\"itemListElement\":[{\"@type\":\"ListItem\",\"position\":1,\"name\":\"Planta de Nantes\"}]}]}<\/script>\n<!-- \/ Yoast SEO plugin. -->","yoast_head_json":{"title":"Planta de Nantes - Norpaper","description":"D\u00e9couvrez le site NorPaper de Nantes, sp\u00e9cialis\u00e9 dans la fabrication de papier pour ondul\u00e9 avec une capacit\u00e9 de production de 77 000 tonnes \/ an.","robots":{"index":"index","follow":"follow","max-snippet":"max-snippet:-1","max-image-preview":"max-image-preview:large","max-video-preview":"max-video-preview:-1"},"canonical":"https:\/\/www.norpaper.com\/es\/planta-de-nantes\/","og_locale":"es_ES","og_type":"article","og_title":"Planta de Nantes - Norpaper","og_description":"D\u00e9couvrez le site NorPaper de Nantes, sp\u00e9cialis\u00e9 dans la fabrication de papier pour ondul\u00e9 avec une capacit\u00e9 de production de 77 000 tonnes \/ an.","og_url":"https:\/\/www.norpaper.com\/es\/planta-de-nantes\/","og_site_name":"NorPaper","article_modified_time":"2022-06-25T21:55:30+00:00","og_image":[{"url":"https:\/\/www.norpaper.com\/wp-content\/uploads\/2017\/07\/site-nantes.jpg"}],"twitter_card":"summary_large_image","twitter_misc":{"Tiempo de lectura":"2 minutos"},"schema":{"@context":"https:\/\/schema.org","@graph":[{"@type":"WebSite","@id":"https:\/\/www.norpaper.com\/#website","url":"https:\/\/www.norpaper.com\/","name":"NorPaper","description":"Un site utilisant WordPress","potentialAction":[{"@type":"SearchAction","target":{"@type":"EntryPoint","urlTemplate":"https:\/\/www.norpaper.com\/?s={search_term_string}"},"query-input":"required name=search_term_string"}],"inLanguage":"es"},{"@type":"ImageObject","inLanguage":"es","@id":"https:\/\/www.norpaper.com\/es\/planta-de-nantes\/#primaryimage","url":"https:\/\/www.norpaper.com\/wp-content\/uploads\/2017\/07\/site-nantes.jpg","contentUrl":"https:\/\/www.norpaper.com\/wp-content\/uploads\/2017\/07\/site-nantes.jpg"},{"@type":"WebPage","@id":"https:\/\/www.norpaper.com\/es\/planta-de-nantes\/#webpage","url":"https:\/\/www.norpaper.com\/es\/planta-de-nantes\/","name":"Planta de Nantes - Norpaper","isPartOf":{"@id":"https:\/\/www.norpaper.com\/#website"},"primaryImageOfPage":{"@id":"https:\/\/www.norpaper.com\/es\/planta-de-nantes\/#primaryimage"},"datePublished":"2017-07-03T21:42:13+00:00","dateModified":"2022-06-25T21:55:30+00:00","description":"D\u00e9couvrez le site NorPaper de Nantes, sp\u00e9cialis\u00e9 dans la fabrication de papier pour ondul\u00e9 avec une capacit\u00e9 de production de 77 000 tonnes \/ an.","breadcrumb":{"@id":"https:\/\/www.norpaper.com\/es\/planta-de-nantes\/#breadcrumb"},"inLanguage":"es","potentialAction":[{"@type":"ReadAction","target":["https:\/\/www.norpaper.com\/es\/planta-de-nantes\/"]}]},{"@type":"BreadcrumbList","@id":"https:\/\/www.norpaper.com\/es\/planta-de-nantes\/#breadcrumb","itemListElement":[{"@type":"ListItem","position":1,"name":"Planta de Nantes"}]}]}},"builder_content":"<h2>Planta de Nantes<\/h2>\n<ul> <li id=\"timeline-0\"> 1938 <i><svg aria-hidden=\"true\"><use href=\"#tf-fas-industry\"><\/use><\/svg><\/i> <h2> Fundaci\u00f3n de la empresa <\/h2> Fundaci\u00f3n de la empresa Beghin Say <\/li> <li id=\"timeline-1\"> 1989 <i><svg aria-hidden=\"true\"><use href=\"#tf-fas-industry\"><\/use><\/svg><\/i> <h2> Recuperaci\u00f3n de Otor <\/h2> L\u00edder franc\u00e9s y precursor de White Top Testliner, principalmente orientado para preprint <\/li> <li id=\"timeline-2\"> 2005 <i><svg aria-hidden=\"true\"><use href=\"#tf-fas-money\"><\/use><\/svg><\/i> <h2> Groupo DS Smith <\/h2> Accionista, l\u00edder europeo de papeles y de cart\u00f3n de embalaje <\/li> <li id=\"timeline-3\"> 2015 <i><svg aria-hidden=\"true\"><use href=\"#tf-fas-money\"><\/use><\/svg><\/i> <h2> NorPaper Nantes <\/h2> Adquisici\u00f3n de la empresa por OpenGate Capital bajo el nombre de NorPaper Nantes <\/li> <\/ul>\n<img src=\"https:\/\/www.norpaper.com\/wp-content\/uploads\/2017\/07\/site-nantes.jpg\" title=\"Planta de Nantes\" alt=\"Planta de Nantes\">\n<ul><li style=\"text-align: left;\">Sede: Nantes (Loire Atlantique), Francia<\/li><li style=\"text-align: left;\">Actividad: Fabricaci\u00f3n de papel para ondular<\/li><li>Capacidad de producci\u00f3n: 77.000 toneladas \/ a\u00f1o<\/li><li>Superficie de la sede: 18.000 m\u00b2<\/li><li>Volumen de negocios : 22.5 Millones de euros en 2016<\/li><li>Efectivo: 67 trabajadores<\/li><li>Situaci\u00f3n: Papelera especializada en la fabricaci\u00f3n de WTTL non couch\u00e9 para una aplicaci\u00f3n Preprint, 100% integrada al grupo DSSmith<\/li><\/ul>\n<h3>NUESTRAS DESPULPADORAS DE PAPEL<\/h3>\n<img src=\"https:\/\/www.norpaper.com\/wp-content\/uploads\/2017\/08\/NorPaper_Nantes-6-325x243.jpg\" width=\"325\" height=\"243\" title=\"1 preparaci\u00f3n de pasta cruda\" alt=\"Soporte, l\u00ednea A, capacidad diaria de 155 toneladas \/ d\u00eda\"> <h3> 1 preparaci\u00f3n de pasta cruda <\/h3> Soporte, l\u00ednea A, capacidad diaria de 155 toneladas \/ d\u00eda\n<img src=\"https:\/\/www.norpaper.com\/wp-content\/uploads\/2017\/08\/NorPaper_Nantes-4-325x243.jpg\" width=\"325\" height=\"243\" title=\"1 preparaci\u00f3n para pasta blanca\" alt=\"Blanco , l\u00ednea B, capacidad diaria de 70 toneladas \/ d\u00eda\"> <h3> 1 preparaci\u00f3n para pasta blanca <\/h3> Blanco , l\u00ednea B, capacidad diaria de 70 toneladas \/ d\u00eda\n<h3>NUESTRA MAQUINA Y ACABADO<\/h3>\n<img src=\"https:\/\/www.norpaper.com\/wp-content\/uploads\/2017\/08\/NorPaper_Nantes-8-325x243.jpg\" width=\"325\" height=\"243\" title=\"MAP 1\" alt=\"Ancho \u00f3ptimo 2.80m \u2013 60.000 toneladas\"> <h3> MAP 1 <\/h3> Ancho \u00f3ptimo 2.80m \u2013 60.000 toneladas\n<img src=\"https:\/\/www.norpaper.com\/wp-content\/uploads\/2017\/09\/Bobineuse_Nantes-325x240.jpg\" width=\"325\" height=\"240\" title=\"BOBINADORA\" alt=\"1100 m \/ minutos\"> <h3> BOBINADORA <\/h3> 1100 m \/ minutos","_links":{"self":[{"href":"https:\/\/www.norpaper.com\/es\/wp-json\/wp\/v2\/pages\/1151","targetHints":{"allow":["GET"]}}],"collection":[{"href":"https:\/\/www.norpaper.com\/es\/wp-json\/wp\/v2\/pages"}],"about":[{"href":"https:\/\/www.norpaper.com\/es\/wp-json\/wp\/v2\/types\/page"}],"author":[{"embeddable":true,"href":"https:\/\/www.norpaper.com\/es\/wp-json\/wp\/v2\/users\/1"}],"replies":[{"embeddable":true,"href":"https:\/\/www.norpaper.com\/es\/wp-json\/wp\/v2\/comments?post=1151"}],"version-history":[{"count":7,"href":"https:\/\/www.norpaper.com\/es\/wp-json\/wp\/v2\/pages\/1151\/revisions"}],"predecessor-version":[{"id":1396,"href":"https:\/\/www.norpaper.com\/es\/wp-json\/wp\/v2\/pages\/1151\/revisions\/1396"}],"wp:attachment":[{"href":"https:\/\/www.norpaper.com\/es\/wp-json\/wp\/v2\/media?parent=1151"}],"curies":[{"name":"wp","href":"https:\/\/api.w.org\/{rel}","templated":true}]}}