{"id":1172,"date":"2017-06-14T01:29:33","date_gmt":"2017-06-13T23:29:33","guid":{"rendered":"https:\/\/www.norpaper.com\/calidad\/"},"modified":"2022-06-26T00:42:18","modified_gmt":"2022-06-25T22:42:18","slug":"calidad","status":"publish","type":"page","link":"https:\/\/www.norpaper.com\/es\/calidad\/","title":{"rendered":"Calidad"},"content":{"rendered":"<p><\/p>\r\n\r<!--themify_builder_content-->\n<div id=\"themify_builder_content-1172\" data-postid=\"1172\" class=\"themify_builder_content themify_builder_content-1172 themify_builder tf_clear\">\n    \t<!-- module_row -->\n\t<div  data-desktop-padding=\"6px,6px\" data-css_id=\"mr9q808\" data-lazy=\"1\" class=\"module_row themify_builder_row fullcover fullwidth_row_container tb_mr9q808 tb_first tf_clearfix wow\" data-tf-animation=\"fadeIn\" >\n\t    <div class=\"builder_row_cover tf_abs\"><\/div>\t\t<div class=\"row_inner col_align_top col-count-1 tf_box tf_w tf_rel\">\n\t\t\t<div  data-lazy=\"1\" class=\"module_column tb-column col-full first tb_38x7892 tf_box\">\n\t\t\t    \t        <div class=\"tb-column-inner tf_box tf_w\">\n\t\t    <!-- module text -->\n<div  class=\"module module-text tb_8hbv800    wow\" data-tf-animation=\"fadeInUp\" data-lazy=\"1\">\n        <div  class=\"tb_text_wrap\">\n    <h2>Una voluntad permanente\u2026<\/h2>    <\/div>\n<\/div>\n<!-- \/module text -->\t        <\/div>\n\t    \t<\/div>\n\t\t    <\/div>\n\t    <!-- \/row_inner -->\n\t<\/div>\n\t<!-- \/module_row -->\n\t\t<!-- module_row -->\n\t<div  data-css_id=\"dkxl290\" data-lazy=\"1\" class=\"module_row themify_builder_row fullwidth tb_dkxl290 tf_clearfix\" >\n\t    \t\t<div class=\"row_inner col_align_top col-count-1 tf_box tf_w tf_rel\">\n\t\t\t<div  data-lazy=\"1\" class=\"module_column tb-column col-full first tb_oa11200 tf_box\">\n\t\t\t    \t        <div class=\"tb-column-inner tf_box tf_w\">\n\t\t    <!-- module text -->\n<div  class=\"module module-text tb_ew98060   \" data-lazy=\"1\">\n        <div  class=\"tb_text_wrap\">\n    <h5>NorPaper es una empresa con certificaci\u00f3n ISO 9001 versi\u00f3n 2015, permiti\u00e9ndole instaurar \u00fatiles de evaluaci\u00f3n de la satisfacci\u00f3n de los clientes y de la comunicaci\u00f3n.<\/h5>    <\/div>\n<\/div>\n<!-- \/module text -->\t        <\/div>\n\t    \t<\/div>\n\t\t    <\/div>\n\t    <!-- \/row_inner -->\n\t<\/div>\n\t<!-- \/module_row -->\n\t\t<!-- module_row -->\n\t<div  data-css_id=\"vq7h099\" data-lazy=\"1\" class=\"module_row themify_builder_row fullwidth tb_vq7h099 tf_clearfix\" >\n\t    \t\t<div class=\"row_inner col_align_middle gutter-none col-count-2 tf_box tf_w tf_rel\">\n\t\t\t<div  data-lazy=\"1\" class=\"module_column tb-column col4-2 first tb_q02v092 fullcover tf_box\">\n\t\t\t    \t<\/div>\n\t\t<div  data-lazy=\"1\" class=\"module_column tb-column col4-2 last tb_6sgq991 tf_box\">\n\t\t\t    \t        <div class=\"tb-column-inner tf_box tf_w\">\n\t\t    <!-- module text -->\n<div  class=\"module module-text tb_0jed091   \" data-lazy=\"1\">\n        <div  class=\"tb_text_wrap\">\n    <h3>El esp\u00edritu de calidad<\/h3>\r\n<p>NorPaper Avot-Vall\u00e9e posee un laboratorio eficaz de \u00fatiles de control calibrados. El papel es analizado por operadores competentes y formados que garantizan el respeto de las exigencias de nuestros clientes.<\/p>\r\n    <\/div>\n<\/div>\n<!-- \/module text -->\t        <\/div>\n\t    \t<\/div>\n\t\t    <\/div>\n\t    <!-- \/row_inner -->\n\t<\/div>\n\t<!-- \/module_row -->\n\t\t<!-- module_row -->\n\t<div  data-css_id=\"c0cq291\" data-lazy=\"1\" class=\"module_row themify_builder_row fullwidth tb_c0cq291 tf_clearfix hide-tablet hide-mobile\" >\n\t    \t\t<div class=\"row_inner col_align_middle gutter-none col-count-2 tf_box tf_w tf_rel\">\n\t\t\t<div  data-lazy=\"1\" class=\"module_column tb-column col4-2 first tb_tszb992 tf_box\">\n\t\t\t    \t        <div class=\"tb-column-inner tf_box tf_w\">\n\t\t    <!-- module text -->\n<div  class=\"module module-text tb_ugnm002   \" data-lazy=\"1\">\n        <div  class=\"tb_text_wrap\">\n    <h3>Pol\u00edtica de mejora continua<\/h3>\r\n<p>Pol\u00edtica de mejora continua es el resultado de la implicaci\u00f3n de cada uno de nuestros empleados para mejorar el nivel de calidad y optimizar la productividad. Desde la reflexi\u00f3n a la comunicaci\u00f3n, los grupo de trabajo son creado con este fin.<\/p>\r\n    <\/div>\n<\/div>\n<!-- \/module text -->\t        <\/div>\n\t    \t<\/div>\n\t\t<div  data-lazy=\"1\" class=\"module_column tb-column col4-2 last tb_qgmv020 fullcover tf_box\">\n\t\t\t    \t<\/div>\n\t\t    <\/div>\n\t    <!-- \/row_inner -->\n\t<\/div>\n\t<!-- \/module_row -->\n\t\t<!-- module_row -->\n\t<div  data-css_id=\"322g202\" data-lazy=\"1\" class=\"module_row themify_builder_row fullwidth tb_322g202 tf_clearfix hide-desktop\" >\n\t    \t\t<div class=\"row_inner col_align_middle gutter-none col-count-2 direction-rtl tf_box tf_w tf_rel\"  data-desktop_dir=\"rtl\">\n\t\t\t<div  data-lazy=\"1\" class=\"module_column tb-column col4-2 last tb_whq9902 tf_box\">\n\t\t\t    \t        <div class=\"tb-column-inner tf_box tf_w\">\n\t\t    <!-- module text -->\n<div  class=\"module module-text tb_73az290   \" data-lazy=\"1\">\n        <div  class=\"tb_text_wrap\">\n    <h3>Pol\u00edtica de mejora continua<\/h3>\r\n<p>Pol\u00edtica de mejora continua es el resultado de la implicaci\u00f3n de cada uno de nuestros empleados para mejorar el nivel de calidad y optimizar la productividad. Desde la reflexi\u00f3n a la comunicaci\u00f3n, los grupo de trabajo son creado con este fin.<\/p>\r\n    <\/div>\n<\/div>\n<!-- \/module text -->\t        <\/div>\n\t    \t<\/div>\n\t\t<div  data-lazy=\"1\" class=\"module_column tb-column col4-2 first tb_qszd909 fullcover tf_box\">\n\t\t\t    \t<\/div>\n\t\t    <\/div>\n\t    <!-- \/row_inner -->\n\t<\/div>\n\t<!-- \/module_row -->\n\t\t<!-- module_row -->\n\t<div  data-css_id=\"ibq0390\" data-lazy=\"1\" class=\"module_row themify_builder_row fullwidth tb_ibq0390 tf_clearfix\" >\n\t    \t\t<div class=\"row_inner col_align_middle gutter-none col-count-2 tf_box tf_w tf_rel\">\n\t\t\t<div  data-lazy=\"1\" class=\"module_column tb-column col4-2 first tb_l8sg002 fullcover tf_box\">\n\t\t\t    \t<\/div>\n\t\t<div  data-lazy=\"1\" class=\"module_column tb-column col4-2 last tb_8is7599 tf_box\">\n\t\t\t    \t        <div class=\"tb-column-inner tf_box tf_w\">\n\t\t    <!-- module text -->\n<div  class=\"module module-text tb_nawx337   \" data-lazy=\"1\">\n        <div  class=\"tb_text_wrap\">\n    <h3>Calidad ambiental: pol\u00edtica de \u00ab 5S \u00bb<\/h3>\r\n<p>Mejorar las condiciones de trabajo: seguridad reforzada, eficacidad de intervenci\u00f3n, mejora del espacio de trabajo, limpieza del espacio de trabajo.<\/p>\r\n    <\/div>\n<\/div>\n<!-- \/module text -->\t        <\/div>\n\t    \t<\/div>\n\t\t    <\/div>\n\t    <!-- \/row_inner -->\n\t<\/div>\n\t<!-- \/module_row -->\n\t\t<!-- module_row -->\n\t<div  data-css_id=\"scji209\" data-lazy=\"1\" class=\"module_row themify_builder_row fullwidth tb_scji209 tf_clearfix hide-tablet hide-mobile\" >\n\t    \t\t<div class=\"row_inner col_align_middle gutter-none col-count-2 tf_box tf_w tf_rel\">\n\t\t\t<div  data-lazy=\"1\" class=\"module_column tb-column col4-2 first tb_1kjj992 tf_box\">\n\t\t\t    \t        <div class=\"tb-column-inner tf_box tf_w\">\n\t\t    <!-- module text -->\n<div  class=\"module module-text tb_s6h6009   \" data-lazy=\"1\">\n        <div  class=\"tb_text_wrap\">\n    <h3>Calidad del personal: un valor seguro\u2026<\/h3>\r\n<p>Inscribi\u00e9ndose en un proyecto global de calidad, desarrollamos la formaci\u00f3n profesional con el fin de integrar desde el presente las tecnolog\u00edas de ma\u00f1ana.<\/p>    <\/div>\n<\/div>\n<!-- \/module text -->\t        <\/div>\n\t    \t<\/div>\n\t\t<div  data-lazy=\"1\" class=\"module_column tb-column col4-2 last tb_fesr040 fullcover tf_box\">\n\t\t\t    \t<\/div>\n\t\t    <\/div>\n\t    <!-- \/row_inner -->\n\t<\/div>\n\t<!-- \/module_row -->\n\t\t<!-- module_row -->\n\t<div  data-css_id=\"sez6240\" data-lazy=\"1\" class=\"module_row themify_builder_row fullwidth tb_sez6240 tf_clearfix hide-desktop\" >\n\t    \t\t<div class=\"row_inner col_align_middle gutter-none col-count-2 direction-rtl tf_box tf_w tf_rel\"  data-desktop_dir=\"rtl\">\n\t\t\t<div  data-lazy=\"1\" class=\"module_column tb-column col4-2 last tb_sdzb099 tf_box\">\n\t\t\t    \t        <div class=\"tb-column-inner tf_box tf_w\">\n\t\t    <!-- module text -->\n<div  class=\"module module-text tb_9ytw222   \" data-lazy=\"1\">\n        <div  class=\"tb_text_wrap\">\n    <h3>Calidad del personal: un valor seguro\u2026<\/h3>\r\n<p>Inscribi\u00e9ndose en un proyecto global de calidad, desarrollamos la formaci\u00f3n profesional con el fin de integrar desde el presente las tecnolog\u00edas de ma\u00f1ana.<\/p>    <\/div>\n<\/div>\n<!-- \/module text -->\t        <\/div>\n\t    \t<\/div>\n\t\t<div  data-lazy=\"1\" class=\"module_column tb-column col4-2 first tb_j7s6912 fullcover tf_box\">\n\t\t\t    \t<\/div>\n\t\t    <\/div>\n\t    <!-- \/row_inner -->\n\t<\/div>\n\t<!-- \/module_row -->\n\t<\/div>\n<!--\/themify_builder_content-->","protected":false},"excerpt":{"rendered":"<p>Una voluntad permanente\u2026 NorPaper es una empresa con certificaci\u00f3n ISO 9001 versi\u00f3n 2015, permiti\u00e9ndole instaurar \u00fatiles de evaluaci\u00f3n de la satisfacci\u00f3n de los clientes y de la comunicaci\u00f3n. El esp\u00edritu de calidad NorPaper Avot-Vall\u00e9e posee un laboratorio eficaz de \u00fatiles de control calibrados. El papel es analizado por operadores competentes y formados que garantizan el [&hellip;]<\/p>\n","protected":false},"author":1,"featured_media":0,"parent":0,"menu_order":0,"comment_status":"closed","ping_status":"closed","template":"","meta":{"footnotes":""},"class_list":["post-1172","page","type-page","status-publish","hentry","has-post-title","has-post-date","has-post-category","has-post-tag","has-post-comment","has-post-author",""],"yoast_head":"<!-- This site is optimized with the Yoast SEO plugin v18.9 - https:\/\/yoast.com\/wordpress\/plugins\/seo\/ -->\n<title>NorPaper - Calidad: Una voluntad permanente\u2026<\/title>\n<meta name=\"description\" content=\"NorPaper es una empresa con certificaci\u00f3n ISO 9001, permiti\u00e9ndole instaurar \u00fatiles de evaluaci\u00f3n de la satisfacci\u00f3n de los clientes y de la comunicaci\u00f3n.\" \/>\n<meta name=\"robots\" content=\"index, follow, max-snippet:-1, max-image-preview:large, max-video-preview:-1\" \/>\n<link rel=\"canonical\" href=\"https:\/\/www.norpaper.com\/es\/calidad\/\" \/>\n<meta property=\"og:locale\" content=\"es_ES\" \/>\n<meta property=\"og:type\" content=\"article\" \/>\n<meta property=\"og:title\" content=\"NorPaper - Calidad: Una voluntad permanente\u2026\" \/>\n<meta property=\"og:description\" content=\"NorPaper es una empresa con certificaci\u00f3n ISO 9001, permiti\u00e9ndole instaurar \u00fatiles de evaluaci\u00f3n de la satisfacci\u00f3n de los clientes y de la comunicaci\u00f3n.\" \/>\n<meta property=\"og:url\" content=\"https:\/\/www.norpaper.com\/es\/calidad\/\" \/>\n<meta property=\"og:site_name\" content=\"NorPaper\" \/>\n<meta property=\"article:modified_time\" content=\"2022-06-25T22:42:18+00:00\" \/>\n<meta name=\"twitter:card\" content=\"summary_large_image\" \/>\n<meta name=\"twitter:label1\" content=\"Tiempo de lectura\" \/>\n\t<meta name=\"twitter:data1\" content=\"2 minutos\" \/>\n<script type=\"application\/ld+json\" class=\"yoast-schema-graph\">{\"@context\":\"https:\/\/schema.org\",\"@graph\":[{\"@type\":\"WebSite\",\"@id\":\"https:\/\/www.norpaper.com\/#website\",\"url\":\"https:\/\/www.norpaper.com\/\",\"name\":\"NorPaper\",\"description\":\"Un site utilisant WordPress\",\"potentialAction\":[{\"@type\":\"SearchAction\",\"target\":{\"@type\":\"EntryPoint\",\"urlTemplate\":\"https:\/\/www.norpaper.com\/?s={search_term_string}\"},\"query-input\":\"required name=search_term_string\"}],\"inLanguage\":\"es\"},{\"@type\":\"WebPage\",\"@id\":\"https:\/\/www.norpaper.com\/es\/calidad\/#webpage\",\"url\":\"https:\/\/www.norpaper.com\/es\/calidad\/\",\"name\":\"NorPaper - Calidad: Una voluntad permanente\u2026\",\"isPartOf\":{\"@id\":\"https:\/\/www.norpaper.com\/#website\"},\"datePublished\":\"2017-06-13T23:29:33+00:00\",\"dateModified\":\"2022-06-25T22:42:18+00:00\",\"description\":\"NorPaper es una empresa con certificaci\u00f3n ISO 9001, permiti\u00e9ndole instaurar \u00fatiles de evaluaci\u00f3n de la satisfacci\u00f3n de los clientes y de la comunicaci\u00f3n.\",\"breadcrumb\":{\"@id\":\"https:\/\/www.norpaper.com\/es\/calidad\/#breadcrumb\"},\"inLanguage\":\"es\",\"potentialAction\":[{\"@type\":\"ReadAction\",\"target\":[\"https:\/\/www.norpaper.com\/es\/calidad\/\"]}]},{\"@type\":\"BreadcrumbList\",\"@id\":\"https:\/\/www.norpaper.com\/es\/calidad\/#breadcrumb\",\"itemListElement\":[{\"@type\":\"ListItem\",\"position\":1,\"name\":\"Calidad\"}]}]}<\/script>\n<!-- \/ Yoast SEO plugin. -->","yoast_head_json":{"title":"NorPaper - Calidad: Una voluntad permanente\u2026","description":"NorPaper es una empresa con certificaci\u00f3n ISO 9001, permiti\u00e9ndole instaurar \u00fatiles de evaluaci\u00f3n de la satisfacci\u00f3n de los clientes y de la comunicaci\u00f3n.","robots":{"index":"index","follow":"follow","max-snippet":"max-snippet:-1","max-image-preview":"max-image-preview:large","max-video-preview":"max-video-preview:-1"},"canonical":"https:\/\/www.norpaper.com\/es\/calidad\/","og_locale":"es_ES","og_type":"article","og_title":"NorPaper - Calidad: Una voluntad permanente\u2026","og_description":"NorPaper es una empresa con certificaci\u00f3n ISO 9001, permiti\u00e9ndole instaurar \u00fatiles de evaluaci\u00f3n de la satisfacci\u00f3n de los clientes y de la comunicaci\u00f3n.","og_url":"https:\/\/www.norpaper.com\/es\/calidad\/","og_site_name":"NorPaper","article_modified_time":"2022-06-25T22:42:18+00:00","twitter_card":"summary_large_image","twitter_misc":{"Tiempo de lectura":"2 minutos"},"schema":{"@context":"https:\/\/schema.org","@graph":[{"@type":"WebSite","@id":"https:\/\/www.norpaper.com\/#website","url":"https:\/\/www.norpaper.com\/","name":"NorPaper","description":"Un site utilisant WordPress","potentialAction":[{"@type":"SearchAction","target":{"@type":"EntryPoint","urlTemplate":"https:\/\/www.norpaper.com\/?s={search_term_string}"},"query-input":"required name=search_term_string"}],"inLanguage":"es"},{"@type":"WebPage","@id":"https:\/\/www.norpaper.com\/es\/calidad\/#webpage","url":"https:\/\/www.norpaper.com\/es\/calidad\/","name":"NorPaper - Calidad: Una voluntad permanente\u2026","isPartOf":{"@id":"https:\/\/www.norpaper.com\/#website"},"datePublished":"2017-06-13T23:29:33+00:00","dateModified":"2022-06-25T22:42:18+00:00","description":"NorPaper es una empresa con certificaci\u00f3n ISO 9001, permiti\u00e9ndole instaurar \u00fatiles de evaluaci\u00f3n de la satisfacci\u00f3n de los clientes y de la comunicaci\u00f3n.","breadcrumb":{"@id":"https:\/\/www.norpaper.com\/es\/calidad\/#breadcrumb"},"inLanguage":"es","potentialAction":[{"@type":"ReadAction","target":["https:\/\/www.norpaper.com\/es\/calidad\/"]}]},{"@type":"BreadcrumbList","@id":"https:\/\/www.norpaper.com\/es\/calidad\/#breadcrumb","itemListElement":[{"@type":"ListItem","position":1,"name":"Calidad"}]}]}},"builder_content":"<h2>Una voluntad permanente\u2026<\/h2>\n<h5>NorPaper es una empresa con certificaci\u00f3n ISO 9001 versi\u00f3n 2015, permiti\u00e9ndole instaurar \u00fatiles de evaluaci\u00f3n de la satisfacci\u00f3n de los clientes y de la comunicaci\u00f3n.<\/h5>\n<h3>El esp\u00edritu de calidad<\/h3>\n<p>NorPaper Avot-Vall\u00e9e posee un laboratorio eficaz de \u00fatiles de control calibrados. El papel es analizado por operadores competentes y formados que garantizan el respeto de las exigencias de nuestros clientes.<\/p>\n<h3>Pol\u00edtica de mejora continua<\/h3>\n<p>Pol\u00edtica de mejora continua es el resultado de la implicaci\u00f3n de cada uno de nuestros empleados para mejorar el nivel de calidad y optimizar la productividad. Desde la reflexi\u00f3n a la comunicaci\u00f3n, los grupo de trabajo son creado con este fin.<\/p>\n<h3>Pol\u00edtica de mejora continua<\/h3>\n<p>Pol\u00edtica de mejora continua es el resultado de la implicaci\u00f3n de cada uno de nuestros empleados para mejorar el nivel de calidad y optimizar la productividad. Desde la reflexi\u00f3n a la comunicaci\u00f3n, los grupo de trabajo son creado con este fin.<\/p>\n<h3>Calidad ambiental: pol\u00edtica de \u00ab 5S \u00bb<\/h3>\n<p>Mejorar las condiciones de trabajo: seguridad reforzada, eficacidad de intervenci\u00f3n, mejora del espacio de trabajo, limpieza del espacio de trabajo.<\/p>\n<h3>Calidad del personal: un valor seguro\u2026<\/h3>\n<p>Inscribi\u00e9ndose en un proyecto global de calidad, desarrollamos la formaci\u00f3n profesional con el fin de integrar desde el presente las tecnolog\u00edas de ma\u00f1ana.<\/p>\n<h3>Calidad del personal: un valor seguro\u2026<\/h3>\n<p>Inscribi\u00e9ndose en un proyecto global de calidad, desarrollamos la formaci\u00f3n profesional con el fin de integrar desde el presente las tecnolog\u00edas de ma\u00f1ana.<\/p>","_links":{"self":[{"href":"https:\/\/www.norpaper.com\/es\/wp-json\/wp\/v2\/pages\/1172","targetHints":{"allow":["GET"]}}],"collection":[{"href":"https:\/\/www.norpaper.com\/es\/wp-json\/wp\/v2\/pages"}],"about":[{"href":"https:\/\/www.norpaper.com\/es\/wp-json\/wp\/v2\/types\/page"}],"author":[{"embeddable":true,"href":"https:\/\/www.norpaper.com\/es\/wp-json\/wp\/v2\/users\/1"}],"replies":[{"embeddable":true,"href":"https:\/\/www.norpaper.com\/es\/wp-json\/wp\/v2\/comments?post=1172"}],"version-history":[{"count":9,"href":"https:\/\/www.norpaper.com\/es\/wp-json\/wp\/v2\/pages\/1172\/revisions"}],"predecessor-version":[{"id":1440,"href":"https:\/\/www.norpaper.com\/es\/wp-json\/wp\/v2\/pages\/1172\/revisions\/1440"}],"wp:attachment":[{"href":"https:\/\/www.norpaper.com\/es\/wp-json\/wp\/v2\/media?parent=1172"}],"curies":[{"name":"wp","href":"https:\/\/api.w.org\/{rel}","templated":true}]}}