{"id":1180,"date":"2017-06-12T23:00:09","date_gmt":"2017-06-12T21:00:09","guid":{"rendered":"https:\/\/www.norpaper.com\/contratacion\/"},"modified":"2025-03-04T20:52:57","modified_gmt":"2025-03-04T19:52:57","slug":"contratacion","status":"publish","type":"page","link":"https:\/\/www.norpaper.com\/es\/contratacion\/","title":{"rendered":"Contrataci\u00f3n"},"content":{"rendered":"<p><\/p>\r\n\r<!--themify_builder_content-->\n<div id=\"themify_builder_content-1180\" data-postid=\"1180\" class=\"themify_builder_content themify_builder_content-1180 themify_builder tf_clear\">\n    \t<!-- module_row -->\n\t<div  data-desktop-padding=\"6%,6%\" data-css_id=\"64d9061\" data-lazy=\"1\" class=\"module_row themify_builder_row fullcover fullwidth_row_container tb_64d9061 tb_first tf_clearfix wow\" data-tf-animation=\"fadeIn\" >\n\t    <div class=\"builder_row_cover tf_abs\"><\/div>\t\t<div class=\"row_inner col_align_top col-count-1 tf_box tf_w tf_rel\">\n\t\t\t<div  data-lazy=\"1\" class=\"module_column tb-column col-full first tb_nc4k171 tf_box\">\n\t\t\t    \t        <div class=\"tb-column-inner tf_box tf_w\">\n\t\t    <!-- module text -->\n<div  class=\"module module-text tb_4z9q772    wow\" data-tf-animation=\"fadeInUp\" data-lazy=\"1\">\n        <div  class=\"tb_text_wrap\">\n    <h2>FORMAR PARTE DE NORPAPER<\/h2>    <\/div>\n<\/div>\n<!-- \/module text -->\t        <\/div>\n\t    \t<\/div>\n\t\t    <\/div>\n\t    <!-- \/row_inner -->\n\t<\/div>\n\t<!-- \/module_row -->\n\t\t<!-- module_row -->\n\t<div  data-lazy=\"1\" class=\"module_row themify_builder_row tb_j072170 tf_clearfix\" >\n\t    \t\t<div class=\"row_inner col_align_top col-count-1 tf_box tf_w tf_rel\">\n\t\t\t<div  data-lazy=\"1\" class=\"module_column tb-column col-full first tb_tkj4977 tf_box\">\n\t\t\t    \t        <div class=\"tb-column-inner tf_box tf_w\">\n\t\t    <!-- module text -->\n<div  class=\"module module-text tb_btsl007   \" data-lazy=\"1\">\n        <div  class=\"tb_text_wrap\">\n    <h2 style=\"text-align: center;\">NUESTRA VISION<\/h2>\r\n<p>NorPaper tiene como objetivo ser l\u00edder europeo en la producci\u00f3n de testliner blanco. Esperamos seguir creciendo, pero nuestro fuerza es nuestra experiencia, la competencia y el esp\u00edritu de equipo de nuestros trabajadores.<\/p>\r\n    <\/div>\n<\/div>\n<!-- \/module text -->\t        <\/div>\n\t    \t<\/div>\n\t\t    <\/div>\n\t    <!-- \/row_inner -->\n\t<\/div>\n\t<!-- \/module_row -->\n\t\t<!-- module_row -->\n\t<div  data-css_id=\"oi4c081\" data-lazy=\"1\" class=\"module_row themify_builder_row fullwidth tb_oi4c081 tf_clearfix\" >\n\t    \t\t<div class=\"row_inner col_align_middle gutter-none col-count-2 tf_box tf_w tf_rel\">\n\t\t\t<div  data-lazy=\"1\" class=\"module_column tb-column col4-2 first tb_94re070 fullcover tf_box\">\n\t\t\t    \t<\/div>\n\t\t<div  data-lazy=\"1\" class=\"module_column tb-column col4-2 last tb_qieo170 tf_box\">\n\t\t\t    \t        <div class=\"tb-column-inner tf_box tf_w\">\n\t\t    <!-- module text -->\n<div  class=\"module module-text tb_u70k792   \" data-lazy=\"1\">\n        <div  class=\"tb_text_wrap\">\n    <h3 style=\"text-align: left;\">Una empresa de tama\u00f1o humano<\/h3>\r\n<p style=\"text-align: left;\">NorPaper le propone una carrera estimulantes en un espacio de trabajo exigente y din\u00e1mico, que acompa\u00f1a los trabajadores a formarse a lo largo de su carrera profesional, motivando en desarrollo personal a trav\u00e9s del reconocimiento de sus m\u00faltiples capacidades, y\/o promoviendo la movilidad interna\u2026 La abertura de nuestra empresa, estimulante y respetuosa, es una formidable ventaja para atraer y mantener nuestros trabajadores. Estrechamente unido al \u00e9xito de la empresa, el respeto es la base de nuestra filosof\u00eda.<\/p>\r\n    <\/div>\n<\/div>\n<!-- \/module text -->\t        <\/div>\n\t    \t<\/div>\n\t\t    <\/div>\n\t    <!-- \/row_inner -->\n\t<\/div>\n\t<!-- \/module_row -->\n\t\t<!-- module_row -->\n\t<div  data-css_id=\"misg720\" data-lazy=\"1\" class=\"module_row themify_builder_row fullwidth tb_misg720 tf_clearfix hide-tablet hide-mobile\" >\n\t    \t\t<div class=\"row_inner col_align_middle gutter-none col-count-2 tf_box tf_w tf_rel\">\n\t\t\t<div  data-lazy=\"1\" class=\"module_column tb-column col4-2 first tb_39da222 tf_box\">\n\t\t\t    \t        <div class=\"tb-column-inner tf_box tf_w\">\n\t\t    <!-- module text -->\n<div  class=\"module module-text tb_cu7m070   \" data-lazy=\"1\">\n        <div  class=\"tb_text_wrap\">\n    <h3>Nuestros Valores<\/h3><p>RESPETO ESP\u00cdRITU DE EQUIPO \u2013 CAPACIDAD DE ADAPTACI\u00d3N \u2013 INICIATIVA \u2013 COMUNICACI\u00d3N<\/p><p>NorPaper representa estos valores cada d\u00eda. Los trabajador construyen el \u00e9xito de la empresa, y eso formar parte del orgullo de NorPaper.<\/p>    <\/div>\n<\/div>\n<!-- \/module text -->\t        <\/div>\n\t    \t<\/div>\n\t\t<div  data-lazy=\"1\" class=\"module_column tb-column col4-2 last tb_ectg077 fullcover tf_box\">\n\t\t\t    \t<\/div>\n\t\t    <\/div>\n\t    <!-- \/row_inner -->\n\t<\/div>\n\t<!-- \/module_row -->\n\t\t<!-- module_row -->\n\t<div  data-css_id=\"ziui901\" data-lazy=\"1\" class=\"module_row themify_builder_row fullwidth tb_ziui901 tf_clearfix hide-desktop\" >\n\t    \t\t<div class=\"row_inner col_align_middle gutter-none col-count-2 direction-rtl tf_box tf_w tf_rel\"  data-desktop_dir=\"rtl\">\n\t\t\t<div  data-lazy=\"1\" class=\"module_column tb-column col4-2 last tb_0o7p801 tf_box\">\n\t\t\t    \t        <div class=\"tb-column-inner tf_box tf_w\">\n\t\t    <!-- module text -->\n<div  class=\"module module-text tb_ntq6377   \" data-lazy=\"1\">\n        <div  class=\"tb_text_wrap\">\n    <h3>Nuestros Valores<\/h3><p>RESPETO ESP\u00cdRITU DE EQUIPO \u2013 CAPACIDAD DE ADAPTACI\u00d3N \u2013 INICIATIVA \u2013 COMUNICACI\u00d3N<\/p><p>NorPaper representa estos valores cada d\u00eda. Los trabajador construyen el \u00e9xito de la empresa, y eso formar parte del orgullo de NorPaper.<\/p>    <\/div>\n<\/div>\n<!-- \/module text -->\t        <\/div>\n\t    \t<\/div>\n\t\t<div  data-lazy=\"1\" class=\"module_column tb-column col4-2 first tb_9466100 fullcover tf_box\">\n\t\t\t    \t<\/div>\n\t\t    <\/div>\n\t    <!-- \/row_inner -->\n\t<\/div>\n\t<!-- \/module_row -->\n\t\t<!-- module_row -->\n\t<div  data-css_id=\"bbpe307\" data-lazy=\"1\" class=\"module_row themify_builder_row fullwidth tb_bbpe307 tf_clearfix\" >\n\t    \t\t<div class=\"row_inner col_align_middle gutter-none col-count-2 tf_box tf_w tf_rel\">\n\t\t\t<div  data-lazy=\"1\" class=\"module_column tb-column col4-2 first tb_mrun005 fullcover tf_box\">\n\t\t\t    \t<\/div>\n\t\t<div  data-lazy=\"1\" class=\"module_column tb-column col4-2 last tb_9giu001 tf_box\">\n\t\t\t    \t        <div class=\"tb-column-inner tf_box tf_w\">\n\t\t    <!-- module text -->\n<div  class=\"module module-text tb_kmyo701   \" data-lazy=\"1\">\n        <div  class=\"tb_text_wrap\">\n    <h3>Salud \/ Seguridad<\/h3>\r\n<p>Conocer los riesgos y procurar el respeto de la integridad f\u00edsica y moral de nuestros trabajadores, es una preocupaci\u00f3n cotidiana y nuestra prioridad absoluta. La gesti\u00f3n y la prevenci\u00f3n de riesgos es el centro de nuestra pol\u00edtica de \u00absalud-seguridad\u00bb.<\/p>\r\n    <\/div>\n<\/div>\n<!-- \/module text -->\t        <\/div>\n\t    \t<\/div>\n\t\t    <\/div>\n\t    <!-- \/row_inner -->\n\t<\/div>\n\t<!-- \/module_row -->\n\t\t<!-- module_row -->\n\t<div  data-lazy=\"1\" class=\"module_row themify_builder_row tb_m4y1319 tf_clearfix\" >\n\t    \t\t<div class=\"row_inner col_align_top col-count-1 tf_box tf_w tf_rel\">\n\t\t\t<div  data-lazy=\"1\" class=\"module_column tb-column col-full first tb_9fau100 tf_box\">\n\t\t\t    \t        <div class=\"tb-column-inner tf_box tf_w\">\n\t\t    <!-- module text -->\n<div  class=\"module module-text tb_khyw371   \" data-lazy=\"1\">\n        <div  class=\"tb_text_wrap\">\n    <h2 style=\"text-align: center;\">NUESTRAS PROFESIONES EN VIDEO<\/h2>    <\/div>\n<\/div>\n<!-- \/module text -->\t<div  data-lazy=\"1\" class=\"module_subrow themify_builder_sub_row tb_omya774 tf_w tf_clearfix\">\n\t    \t\t<div class=\"subrow_inner col_align_top col-count-1 tf_box tf_w\">\n\t\t\t<div  data-lazy=\"1\" class=\"sub_column module_column tf_box col-full first tb_c482176\"> \n\t    \t    \t        <div class=\"tb-column-inner tf_box tf_w\">\n\t\t    <!-- module video -->\n<div  class=\"module module-video tb_b154070 video-top  \" data-lazy=\"1\" data-url=\"https:\/\/www.youtube.com\/watch?v=7Vf0t9seTaA\">\n    \t\t\t\t<div class=\"video-wrap-outer\">\n\t\t\t<div class=\"video-wrap tf_rel tf_overflow\">\n\t\t\t\t\t\t\t<\/div>\n\t\t\t<!-- \/video-wrap -->\n\t\t<\/div>\n\t\t<!-- \/video-wrap-outer -->\n\t\t\t\t\t<div class=\"video-content\">\n\t\t\t\t\t\t\t\t\t<h3 class=\"video-title\">\n\t\t\t\t\t\t\t\t\t\t\t\t\tPromoci\u00f3n a trav\u00e9s de YouTube de la industria de papeles y de cart\u00f3n\t\t\t\t\t\t\t\t\t\t\t<\/h3>\n\t\t\t\t\n\t\t\t\t\t\t\t\t\t<div class=\"video-caption tb_text_wrap\">\n\t\t\t\t\t\tAFIFOR, organizaci\u00f3n profesional que tiene por objetivo promover formaciones del sector papel\/cart\u00f3n, realiz\u00f3 con un youtubero un video sobre las innovaciones de los productos.\t\t\t\t\t<\/div>\n\t\t\t\t\t<!-- \/video-caption -->\n\t\t\t\t\t\t\t<\/div>\n\t\t\t<!-- \/video-content -->\n\t\t\t<\/div>\n\t        <\/div>\n\t    \t<\/div>\n\t\t    <\/div>\n\t<\/div><!-- \/themify_builder_sub_row -->\n\t\t        <\/div>\n\t    \t<\/div>\n\t\t    <\/div>\n\t    <!-- \/row_inner -->\n\t<\/div>\n\t<!-- \/module_row -->\n\t\t<!-- module_row -->\n\t<div  data-anchor=\"formulaire-candidature\" data-lazy=\"1\" class=\"module_row themify_builder_row repeat tb_has_section tb_section-formulaire-candidature tb_ajwh188 tf_clearfix\" >\n\t    \t\t<div class=\"row_inner col_align_top col-count-1 tf_box tf_w tf_rel\">\n\t\t\t<div  data-lazy=\"1\" class=\"module_column tb-column col-full first tb_j0se188 tf_box\">\n\t\t\t    \t        <div class=\"tb-column-inner tf_box tf_w\">\n\t\t    <!-- module text -->\n<div  class=\"module module-text tb_fbii188   \" data-lazy=\"1\">\n        <div  class=\"tb_text_wrap\">\n    <h2 style=\"text-align: center;\">APPLICATION FORM<\/h2>\n    <\/div>\n<\/div>\n<!-- \/module text --><!-- module text -->\n<div  class=\"module module-text tb_gvbc189   \" data-lazy=\"1\">\n        <div  class=\"tb_text_wrap\">\n    <p style=\"text-align: center;\">Are you looking for an internship ? Would you like to submit an unsolicited application or apply for a job vacancy ?<\/p>\n<p>Please fill in the form below and click on the \u201cSend\u201d button. We will be happy to call you back as soon as possible:<\/p>\n    <\/div>\n<\/div>\n<!-- \/module text --><!-- module contact -->\n<div  id=\"tb_uav5189\" class=\"module module-contact tb_uav5189 contact-style2 \" data-lazy=\"1\">\n    \n\t<form action=\"https:\/\/www.norpaper.com\/wp-admin\/admin-ajax.php\"\n\t\tclass=\"builder-contact\"\n\t\tid=\"tb_uav5189-form\"\n\t\tmethod=\"post\"\n\t\tdata-post-id=\"1180\"\n\t\tdata-element-id=\"uav5189\"\n\t\tdata-orig-id=\"1180\"\n\t>\n    <div class=\"contact-message\"><\/div>\n\t<div class=\"builder-contact-fields tf_rel\">\n\t\t    \t\t    <div class=\"builder-contact-field builder-contact-field-name builder-contact-text-field\">\n\t\t\t    <label class=\"control-label\" for=\"tb_uav5189-contact-name\"><span class=\"tb-label-span\">Name <\/span><span class=\"required\">*<\/span><\/label>\n\t\t\t    <div class=\"control-input tf_rel\">\n\t\t\t\t    \t\t\t\t\t    <input type=\"text\" name=\"contact-name\" placeholder=\"\" id=\"tb_uav5189-contact-name\" value=\"\" class=\"form-control\" required>\n\t\t\t\t    \t\t\t\t    \t\t\t    <\/div>\n\t\t<\/div>\n\t    \n\t\t    \t\t    \t\t    <div class=\"builder-contact-field builder-contact-field-extra builder-contact-text-field\">\n\t\t\t\t<label class=\"control-label\" for=\"field_extra_tb_uav5189_0\">\n\t\t\t\t\tFirstname\t\t\t\t\t\t\t\t\t\t\t<input type=\"hidden\" name=\"field_extra_name_0\" value=\"Firstname\">\n\t\t\t\t\t\t\t\t\t<\/label>\n\t\t\t\t<div class=\"control-input tf_rel\">\n\t\t\t\t\t\t\t\t\t\t\t<input type=\"text\" name=\"field_extra_0\" id=\"field_extra_tb_uav5189_0\" placeholder=\"\" class=\"form-control\">\n\t\t\t\t\t\n\t\t\t\t\t\t\t\t\t<\/div>\n\t\t    <\/div>\n\t    \n\t\t    \t\t    <div class=\"builder-contact-field builder-contact-field-email builder-contact-text-field\">\n\t\t\t    <label class=\"control-label\" for=\"tb_uav5189-contact-email\"><span class=\"tb-label-span\">Email <\/span><span class=\"required\">*<\/span><\/label>\n\t\t\t    <div class=\"control-input tf_rel\">\n\t\t\t\t    \t\t\t\t\t    <input type=\"text\" name=\"contact-email\" placeholder=\"\" id=\"tb_uav5189-contact-email\" value=\"\" class=\"form-control\" required>\n\t\t\t\t    \t\t\t\t    \t\t\t    <\/div>\n\t\t<\/div>\n\t    \n\t\t    \t\t    <div class=\"builder-contact-field builder-contact-field-subject builder-contact-text-field\">\n\t\t\t    <label class=\"control-label\" for=\"tb_uav5189-contact-subject\"><span class=\"tb-label-span\">Subject <\/span><span class=\"required\">*<\/span><\/label>\n\t\t\t    <div class=\"control-input tf_rel\">\n\t\t\t\t    \t\t\t\t\t    <input type=\"text\" name=\"contact-subject\" placeholder=\"\" id=\"tb_uav5189-contact-subject\" value=\"\" class=\"form-control\" required>\n\t\t\t\t    \t\t\t\t    \t\t\t    <\/div>\n\t\t<\/div>\n\t    \n\t\t    \t\t    <div class=\"builder-contact-field builder-contact-field-message builder-contact-textarea-field\">\n\t\t\t    <label class=\"control-label\" for=\"tb_uav5189-contact-message\"><span class=\"tb-label-span\">Message <\/span><span class=\"required\">*<\/span><\/label>\n\t\t\t    <div class=\"control-input tf_rel\">\n\t\t\t\t    \t\t\t\t\t    <textarea name=\"contact-message\" placeholder=\"\" id=\"tb_uav5189-contact-message\" class=\"form-control\" required><\/textarea>\n\t\t\t\t    \t\t\t\t    \t\t\t    <\/div>\n\t\t<\/div>\n\t    \n\t\t    \t\t    \t\t    <div class=\"builder-contact-field builder-contact-field-extra builder-contact-upload-field\">\n\t\t\t\t<label class=\"control-label\" for=\"field_extra_tb_uav5189_1\">\n\t\t\t\t\tLetter of motivation\t\t\t\t\t\t\t\t\t\t\t<input type=\"hidden\" name=\"field_extra_name_1\" value=\"Letter of motivation\">\n\t\t\t\t\t\t\t\t\t<\/label>\n\t\t\t\t<div class=\"control-input tf_rel\">\n\t\t\t\t\t\t\t\t\t\t\t<input type=\"file\" name=\"field_extra_1\" id=\"field_extra_tb_uav5189_1\" placeholder=\" \" class=\"form-control\">\n\t\t\t\t\t\n\t\t\t\t\t\t\t\t\t<\/div>\n\t\t    <\/div>\n\t    \n\t\t    \t\t    \t\t    <div class=\"builder-contact-field builder-contact-field-extra builder-contact-upload-field\">\n\t\t\t\t<label class=\"control-label\" for=\"field_extra_tb_uav5189_2\">\n\t\t\t\t\tCurriculum vitae (CV)\t\t\t\t\t\t\t\t\t\t\t<input type=\"hidden\" name=\"field_extra_name_2\" value=\"Curriculum vitae (CV)\">\n\t\t\t\t\t\t\t\t\t\t\t<span class=\"required\">*<\/span>\n\t\t\t\t\t\t\t\t\t<\/label>\n\t\t\t\t<div class=\"control-input tf_rel\">\n\t\t\t\t\t\t\t\t\t\t\t<input type=\"file\" name=\"field_extra_2\" id=\"field_extra_tb_uav5189_2\" placeholder=\" \" class=\"form-control\" required>\n\t\t\t\t\t\n\t\t\t\t\t\t\t\t\t<\/div>\n\t\t    <\/div>\n\t    \n\t\t    \n\t\t\n\t\t\n\t    \t    <div class=\"builder-contact-field builder-contact-field-send control-input tf_textl tf_clear tf_rel\">\n\t\t\t<button type=\"submit\" class=\"btn btn-primary\"><span class=\"tf_loader\"><\/span>Send<\/button>\n\t    <\/div>\n\t<\/div>\n    <\/form>\n\n    <\/div>\n<!-- \/module contact -->\n\t        <\/div>\n\t    \t<\/div>\n\t\t    <\/div>\n\t    <!-- \/row_inner -->\n\t<\/div>\n\t<!-- \/module_row -->\n\t<\/div>\n<!--\/themify_builder_content-->","protected":false},"excerpt":{"rendered":"<p>FORMAR PARTE DE NORPAPER NUESTRA VISION NorPaper tiene como objetivo ser l\u00edder europeo en la producci\u00f3n de testliner blanco. Esperamos seguir creciendo, pero nuestro fuerza es nuestra experiencia, la competencia y el esp\u00edritu de equipo de nuestros trabajadores. Una empresa de tama\u00f1o humano NorPaper le propone una carrera estimulantes en un espacio de trabajo exigente [&hellip;]<\/p>\n","protected":false},"author":1,"featured_media":0,"parent":0,"menu_order":0,"comment_status":"closed","ping_status":"closed","template":"","meta":{"footnotes":""},"class_list":["post-1180","page","type-page","status-publish","hentry","has-post-title","has-post-date","has-post-category","has-post-tag","has-post-comment","has-post-author",""],"yoast_head":"<!-- This site is optimized with the Yoast SEO plugin v18.9 - https:\/\/yoast.com\/wordpress\/plugins\/seo\/ -->\n<title>NorPaper - Trabaja con nosotros: Formar parte de Norpaper<\/title>\n<meta name=\"description\" content=\"Descubre la pol\u00edtica de contrataci\u00f3n (tama\u00f1o de empresa, valores, salud y seguridad) y las diferentes ofertas de empleo de NorPaper ...\" \/>\n<meta name=\"robots\" content=\"index, follow, max-snippet:-1, max-image-preview:large, max-video-preview:-1\" \/>\n<link rel=\"canonical\" href=\"https:\/\/www.norpaper.com\/es\/contratacion\/\" \/>\n<meta property=\"og:locale\" content=\"es_ES\" \/>\n<meta property=\"og:type\" content=\"article\" \/>\n<meta property=\"og:title\" content=\"NorPaper - Trabaja con nosotros: Formar parte de Norpaper\" \/>\n<meta property=\"og:description\" content=\"Descubre la pol\u00edtica de contrataci\u00f3n (tama\u00f1o de empresa, valores, salud y seguridad) y las diferentes ofertas de empleo de NorPaper ...\" \/>\n<meta property=\"og:url\" content=\"https:\/\/www.norpaper.com\/es\/contratacion\/\" \/>\n<meta property=\"og:site_name\" content=\"NorPaper\" \/>\n<meta property=\"article:modified_time\" content=\"2025-03-04T19:52:57+00:00\" \/>\n<meta name=\"twitter:card\" content=\"summary_large_image\" \/>\n<meta name=\"twitter:label1\" content=\"Tiempo de lectura\" \/>\n\t<meta name=\"twitter:data1\" content=\"2 minutos\" \/>\n<script type=\"application\/ld+json\" class=\"yoast-schema-graph\">{\"@context\":\"https:\/\/schema.org\",\"@graph\":[{\"@type\":\"WebSite\",\"@id\":\"https:\/\/www.norpaper.com\/#website\",\"url\":\"https:\/\/www.norpaper.com\/\",\"name\":\"NorPaper\",\"description\":\"Un site utilisant WordPress\",\"potentialAction\":[{\"@type\":\"SearchAction\",\"target\":{\"@type\":\"EntryPoint\",\"urlTemplate\":\"https:\/\/www.norpaper.com\/?s={search_term_string}\"},\"query-input\":\"required name=search_term_string\"}],\"inLanguage\":\"es\"},{\"@type\":\"WebPage\",\"@id\":\"https:\/\/www.norpaper.com\/es\/contratacion\/#webpage\",\"url\":\"https:\/\/www.norpaper.com\/es\/contratacion\/\",\"name\":\"NorPaper - Trabaja con nosotros: Formar parte de Norpaper\",\"isPartOf\":{\"@id\":\"https:\/\/www.norpaper.com\/#website\"},\"datePublished\":\"2017-06-12T21:00:09+00:00\",\"dateModified\":\"2025-03-04T19:52:57+00:00\",\"description\":\"Descubre la pol\u00edtica de contrataci\u00f3n (tama\u00f1o de empresa, valores, salud y seguridad) y las diferentes ofertas de empleo de NorPaper ...\",\"breadcrumb\":{\"@id\":\"https:\/\/www.norpaper.com\/es\/contratacion\/#breadcrumb\"},\"inLanguage\":\"es\",\"potentialAction\":[{\"@type\":\"ReadAction\",\"target\":[\"https:\/\/www.norpaper.com\/es\/contratacion\/\"]}]},{\"@type\":\"BreadcrumbList\",\"@id\":\"https:\/\/www.norpaper.com\/es\/contratacion\/#breadcrumb\",\"itemListElement\":[{\"@type\":\"ListItem\",\"position\":1,\"name\":\"Contrataci\u00f3n\"}]}]}<\/script>\n<!-- \/ Yoast SEO plugin. -->","yoast_head_json":{"title":"NorPaper - Trabaja con nosotros: Formar parte de Norpaper","description":"Descubre la pol\u00edtica de contrataci\u00f3n (tama\u00f1o de empresa, valores, salud y seguridad) y las diferentes ofertas de empleo de NorPaper ...","robots":{"index":"index","follow":"follow","max-snippet":"max-snippet:-1","max-image-preview":"max-image-preview:large","max-video-preview":"max-video-preview:-1"},"canonical":"https:\/\/www.norpaper.com\/es\/contratacion\/","og_locale":"es_ES","og_type":"article","og_title":"NorPaper - Trabaja con nosotros: Formar parte de Norpaper","og_description":"Descubre la pol\u00edtica de contrataci\u00f3n (tama\u00f1o de empresa, valores, salud y seguridad) y las diferentes ofertas de empleo de NorPaper ...","og_url":"https:\/\/www.norpaper.com\/es\/contratacion\/","og_site_name":"NorPaper","article_modified_time":"2025-03-04T19:52:57+00:00","twitter_card":"summary_large_image","twitter_misc":{"Tiempo de lectura":"2 minutos"},"schema":{"@context":"https:\/\/schema.org","@graph":[{"@type":"WebSite","@id":"https:\/\/www.norpaper.com\/#website","url":"https:\/\/www.norpaper.com\/","name":"NorPaper","description":"Un site utilisant WordPress","potentialAction":[{"@type":"SearchAction","target":{"@type":"EntryPoint","urlTemplate":"https:\/\/www.norpaper.com\/?s={search_term_string}"},"query-input":"required name=search_term_string"}],"inLanguage":"es"},{"@type":"WebPage","@id":"https:\/\/www.norpaper.com\/es\/contratacion\/#webpage","url":"https:\/\/www.norpaper.com\/es\/contratacion\/","name":"NorPaper - Trabaja con nosotros: Formar parte de Norpaper","isPartOf":{"@id":"https:\/\/www.norpaper.com\/#website"},"datePublished":"2017-06-12T21:00:09+00:00","dateModified":"2025-03-04T19:52:57+00:00","description":"Descubre la pol\u00edtica de contrataci\u00f3n (tama\u00f1o de empresa, valores, salud y seguridad) y las diferentes ofertas de empleo de NorPaper ...","breadcrumb":{"@id":"https:\/\/www.norpaper.com\/es\/contratacion\/#breadcrumb"},"inLanguage":"es","potentialAction":[{"@type":"ReadAction","target":["https:\/\/www.norpaper.com\/es\/contratacion\/"]}]},{"@type":"BreadcrumbList","@id":"https:\/\/www.norpaper.com\/es\/contratacion\/#breadcrumb","itemListElement":[{"@type":"ListItem","position":1,"name":"Contrataci\u00f3n"}]}]}},"builder_content":"<h2>FORMAR PARTE DE NORPAPER<\/h2>\n<h2 style=\"text-align: center;\">NUESTRA VISION<\/h2>\n<p>NorPaper tiene como objetivo ser l\u00edder europeo en la producci\u00f3n de testliner blanco. Esperamos seguir creciendo, pero nuestro fuerza es nuestra experiencia, la competencia y el esp\u00edritu de equipo de nuestros trabajadores.<\/p>\n<h3 style=\"text-align: left;\">Una empresa de tama\u00f1o humano<\/h3>\n<p style=\"text-align: left;\">NorPaper le propone una carrera estimulantes en un espacio de trabajo exigente y din\u00e1mico, que acompa\u00f1a los trabajadores a formarse a lo largo de su carrera profesional, motivando en desarrollo personal a trav\u00e9s del reconocimiento de sus m\u00faltiples capacidades, y\/o promoviendo la movilidad interna\u2026 La abertura de nuestra empresa, estimulante y respetuosa, es una formidable ventaja para atraer y mantener nuestros trabajadores. Estrechamente unido al \u00e9xito de la empresa, el respeto es la base de nuestra filosof\u00eda.<\/p>\n<h3>Nuestros Valores<\/h3><p>RESPETO ESP\u00cdRITU DE EQUIPO \u2013 CAPACIDAD DE ADAPTACI\u00d3N \u2013 INICIATIVA \u2013 COMUNICACI\u00d3N<\/p><p>NorPaper representa estos valores cada d\u00eda. Los trabajador construyen el \u00e9xito de la empresa, y eso formar parte del orgullo de NorPaper.<\/p>\n<h3>Nuestros Valores<\/h3><p>RESPETO ESP\u00cdRITU DE EQUIPO \u2013 CAPACIDAD DE ADAPTACI\u00d3N \u2013 INICIATIVA \u2013 COMUNICACI\u00d3N<\/p><p>NorPaper representa estos valores cada d\u00eda. Los trabajador construyen el \u00e9xito de la empresa, y eso formar parte del orgullo de NorPaper.<\/p>\n<h3>Salud \/ Seguridad<\/h3>\n<p>Conocer los riesgos y procurar el respeto de la integridad f\u00edsica y moral de nuestros trabajadores, es una preocupaci\u00f3n cotidiana y nuestra prioridad absoluta. La gesti\u00f3n y la prevenci\u00f3n de riesgos es el centro de nuestra pol\u00edtica de \u00absalud-seguridad\u00bb.<\/p>\n<h2 style=\"text-align: center;\">NUESTRAS PROFESIONES EN VIDEO<\/h2>\n<h3> Promoci\u00f3n a trav\u00e9s de YouTube de la industria de papeles y de cart\u00f3n <\/h3> AFIFOR, organizaci\u00f3n profesional que tiene por objetivo promover formaciones del sector papel\/cart\u00f3n, realiz\u00f3 con un youtubero un video sobre las innovaciones de los productos.\n<h2 style=\"text-align: center;\">APPLICATION FORM<\/h2>\n<p style=\"text-align: center;\">Are you looking for an internship ? Would you like to submit an unsolicited application or apply for a job vacancy ?<\/p> <p>Please fill in the form below and click on the \u201cSend\u201d button. We will be happy to call you back as soon as possible:<\/p>\n<form action=\"https:\/\/www.norpaper.com\/wp-admin\/admin-ajax.php\" class=\"builder-contact\" id=\"tb_uav5189-form\" method=\"post\" data-post-id=\"0\" data-element-id=\"uav5189\" data-orig-id=\"1180\" > <label for=\"tb_uav5189-contact-name\">Name *<\/label> <input type=\"text\" name=\"contact-name\" placeholder=\"\" id=\"tb_uav5189-contact-name\" value=\"\" required> <label for=\"field_extra_tb_uav5189_0\"> Firstname <input type=\"hidden\" name=\"field_extra_name_0\" value=\"Firstname\"> <\/label> <input type=\"text\" name=\"field_extra_0\" id=\"field_extra_tb_uav5189_0\" placeholder=\"\"> <label for=\"tb_uav5189-contact-email\">Email *<\/label> <input type=\"text\" name=\"contact-email\" placeholder=\"\" id=\"tb_uav5189-contact-email\" value=\"\" required> <label for=\"tb_uav5189-contact-subject\">Subject *<\/label> <input type=\"text\" name=\"contact-subject\" placeholder=\"\" id=\"tb_uav5189-contact-subject\" value=\"\" required> <label for=\"tb_uav5189-contact-message\">Message *<\/label> <textarea name=\"contact-message\" placeholder=\"\" id=\"tb_uav5189-contact-message\" required><\/textarea> <label for=\"field_extra_tb_uav5189_1\"> Letter of motivation <input type=\"hidden\" name=\"field_extra_name_1\" value=\"Letter of motivation\"> <\/label> <input type=\"file\" name=\"field_extra_1\" id=\"field_extra_tb_uav5189_1\" placeholder=\" \"> <label for=\"field_extra_tb_uav5189_2\"> Curriculum vitae (CV) <input type=\"hidden\" name=\"field_extra_name_2\" value=\"Curriculum vitae (CV)\"> * <\/label> <input type=\"file\" name=\"field_extra_2\" id=\"field_extra_tb_uav5189_2\" placeholder=\" \" required> <button type=\"submit\">Send<\/button> <\/form>","_links":{"self":[{"href":"https:\/\/www.norpaper.com\/es\/wp-json\/wp\/v2\/pages\/1180","targetHints":{"allow":["GET"]}}],"collection":[{"href":"https:\/\/www.norpaper.com\/es\/wp-json\/wp\/v2\/pages"}],"about":[{"href":"https:\/\/www.norpaper.com\/es\/wp-json\/wp\/v2\/types\/page"}],"author":[{"embeddable":true,"href":"https:\/\/www.norpaper.com\/es\/wp-json\/wp\/v2\/users\/1"}],"replies":[{"embeddable":true,"href":"https:\/\/www.norpaper.com\/es\/wp-json\/wp\/v2\/comments?post=1180"}],"version-history":[{"count":11,"href":"https:\/\/www.norpaper.com\/es\/wp-json\/wp\/v2\/pages\/1180\/revisions"}],"predecessor-version":[{"id":1900,"href":"https:\/\/www.norpaper.com\/es\/wp-json\/wp\/v2\/pages\/1180\/revisions\/1900"}],"wp:attachment":[{"href":"https:\/\/www.norpaper.com\/es\/wp-json\/wp\/v2\/media?parent=1180"}],"curies":[{"name":"wp","href":"https:\/\/api.w.org\/{rel}","templated":true}]}}