{"id":1360,"date":"2017-05-23T17:48:27","date_gmt":"2017-05-23T15:48:27","guid":{"rendered":"https:\/\/www.norpaper.com\/contactenos\/"},"modified":"2025-03-04T21:12:06","modified_gmt":"2025-03-04T20:12:06","slug":"contactenos","status":"publish","type":"page","link":"https:\/\/www.norpaper.com\/es\/contactenos\/","title":{"rendered":"Cont\u00e1ctenos"},"content":{"rendered":"<!--themify_builder_content-->\n<div id=\"themify_builder_content-1360\" data-postid=\"1360\" class=\"themify_builder_content themify_builder_content-1360 themify_builder tf_clear\">\n    \t<!-- module_row -->\n\t<div  data-css_id=\"8ffk278\" data-lazy=\"1\" class=\"module_row themify_builder_row fullcover fullwidth_row_container tb_8ffk278 tb_first tf_clearfix wow\" data-tf-animation=\"fadeIn\" >\n\t    <div class=\"builder_row_cover tf_abs\"><\/div>\t\t<div class=\"row_inner col_align_top col-count-1 tf_box tf_w tf_rel\">\n\t\t\t<div  data-lazy=\"1\" class=\"module_column tb-column col-full first tb_1mgl281 tf_box\">\n\t\t\t    \t        <div class=\"tb-column-inner tf_box tf_w\">\n\t\t    <!-- module text -->\n<div  class=\"module module-text tb_xqa0281    wow\" data-tf-animation=\"fadeInUp\" data-lazy=\"1\">\n        <div  class=\"tb_text_wrap\">\n    <h2>Cont\u00e1ctenos !<\/h2>    <\/div>\n<\/div>\n<!-- \/module text -->\t        <\/div>\n\t    \t<\/div>\n\t\t    <\/div>\n\t    <!-- \/row_inner -->\n\t<\/div>\n\t<!-- \/module_row -->\n\t\t<!-- module_row -->\n\t<div  data-lazy=\"1\" class=\"module_row themify_builder_row tb_l53y278 tf_clearfix\" >\n\t    \t\t<div class=\"row_inner col_align_top col-count-3 tf_box tf_w tf_rel\">\n\t\t\t<div  data-lazy=\"1\" class=\"module_column tb-column col3-1 first tb_4vro282 tf_box\">\n\t\t\t    \t        <div class=\"tb-column-inner tf_box tf_w\">\n\t\t    <!-- module icon -->\n<div  class=\"module module-icon tb_728o283  xlarge none icon_horizontal \" data-lazy=\"1\">\n    \t    <div class=\"module-icon-item tf_inline_b\">\n\t\t\t\t\t\t\t\t\t\t\t\t\t\t\t\t\t<em class=\"ui tf_vmiddle tf_textc tf_box \"><svg  aria-hidden=\"true\" class=\"tf_fa tf-far-map-marker\"><use href=\"#tf-far-map-marker\"><\/use><\/svg><\/em>\n\t\t\t\t\t\t\t\t\t\t\t\t\t\t\t\t    <\/div>\n\t<\/div>\n<!-- \/module icon -->\n<!-- module text -->\n<div  class=\"module module-text tb_m2g5283   \" data-lazy=\"1\">\n        <div  class=\"tb_text_wrap\">\n    <p>71 Rue Jean Jaur\u00e8s<br \/> BP 33049 Blendecques<br \/> 62501 SAINT-OMER CEDEX<\/p>    <\/div>\n<\/div>\n<!-- \/module text -->\t        <\/div>\n\t    \t<\/div>\n\t\t<div  data-lazy=\"1\" class=\"module_column tb-column col3-1 middle tb_dqf9283 tf_box\">\n\t\t\t    \t        <div class=\"tb-column-inner tf_box tf_w\">\n\t\t    <!-- module icon -->\n<div  class=\"module module-icon tb_lxjd283  xlarge none icon_horizontal \" data-lazy=\"1\">\n    \t    <div class=\"module-icon-item tf_inline_b\">\n\t\t\t\t\t\t\t\t\t\t\t\t\t\t\t\t\t<em class=\"ui tf_vmiddle tf_textc tf_box \"><svg  aria-hidden=\"true\" class=\"tf_fa tf-fas-phone\"><use href=\"#tf-fas-phone\"><\/use><\/svg><\/em>\n\t\t\t\t\t\t\t\t\t\t\t\t\t\t\t\t    <\/div>\n\t<\/div>\n<!-- \/module icon -->\n<!-- module text -->\n<div  class=\"module module-text tb_83bc283   \" data-lazy=\"1\">\n        <div  class=\"tb_text_wrap\">\n    <p>Tel. +33 (0)3 21 98 77 00<br \/> Fax. +33 (0)3 21 98 77 29<\/p>    <\/div>\n<\/div>\n<!-- \/module text -->\t        <\/div>\n\t    \t<\/div>\n\t\t<div  data-lazy=\"1\" class=\"module_column tb-column col3-1 last tb_ecjp283 tf_box\">\n\t\t\t    \t        <div class=\"tb-column-inner tf_box tf_w\">\n\t\t    <!-- module icon -->\n<div  class=\"module module-icon tb_z1qj283  xlarge none icon_horizontal \" data-lazy=\"1\">\n    \t    <div class=\"module-icon-item tf_inline_b\">\n\t\t\t\t\t\t\t\t\t\t\t\t\t\t\t\t\t<em class=\"ui tf_vmiddle tf_textc tf_box \"><svg  aria-hidden=\"true\" class=\"tf_fa tf-ti-email\"><use href=\"#tf-ti-email\"><\/use><\/svg><\/em>\n\t\t\t\t\t\t\t\t\t\t\t\t\t\t\t\t    <\/div>\n\t<\/div>\n<!-- \/module icon -->\n<!-- module text -->\n<div  class=\"module module-text tb_oc0u284   \" data-lazy=\"1\">\n        <div  class=\"tb_text_wrap\">\n    contact@norpaper.com    <\/div>\n<\/div>\n<!-- \/module text -->\t        <\/div>\n\t    \t<\/div>\n\t\t    <\/div>\n\t    <!-- \/row_inner -->\n\t<\/div>\n\t<!-- \/module_row -->\n\t\t<!-- module_row -->\n\t<div  data-anchor=\"formulaire\" data-lazy=\"1\" class=\"module_row themify_builder_row tb_has_section tb_section-formulaire tb_b2bq278 tf_clearfix\" >\n\t    \t\t<div class=\"row_inner col_align_top col-count-1 tf_box tf_w tf_rel\">\n\t\t\t<div  data-lazy=\"1\" class=\"module_column tb-column col-full first tb_9yhs284 tf_box\">\n\t\t\t    \t        <div class=\"tb-column-inner tf_box tf_w\">\n\t\t    <!-- module text -->\n<div  class=\"module module-text tb_9i2o284   \" data-lazy=\"1\">\n        <div  class=\"tb_text_wrap\">\n    <h3>Cont\u00e1ctenos !<\/h3>\r\n<p style=\"text-align: left;\">Por favor, rellene el formulario de contacto, le responderemos en la mayor brevedad posible.<\/p>\r\n    <\/div>\n<\/div>\n<!-- \/module text --><!-- module contact -->\n<div  id=\"tb_gorx284\" class=\"module module-contact tb_gorx284 contact-style1 \" data-lazy=\"1\">\n    \n\t<form action=\"https:\/\/www.norpaper.com\/wp-admin\/admin-ajax.php\"\n\t\tclass=\"builder-contact\"\n\t\tid=\"tb_gorx284-form\"\n\t\tmethod=\"post\"\n\t\tdata-post-id=\"1360\"\n\t\tdata-element-id=\"gorx284\"\n\t\tdata-orig-id=\"1360\"\n\t>\n    <div class=\"contact-message\"><\/div>\n\t<div class=\"builder-contact-fields tf_rel\">\n\t\t    \t\t    <div class=\"builder-contact-field builder-contact-field-name builder-contact-text-field\">\n\t\t\t    <label class=\"control-label\" for=\"tb_gorx284-contact-name\"><span class=\"tb-label-span\">Apellido <\/span><\/label>\n\t\t\t    <div class=\"control-input tf_rel\">\n\t\t\t\t    \t\t\t\t\t    <input type=\"text\" name=\"contact-name\" placeholder=\"\" id=\"tb_gorx284-contact-name\" value=\"\" class=\"form-control\" >\n\t\t\t\t    \t\t\t\t    \t\t\t    <\/div>\n\t\t<\/div>\n\t    \n\t\t    \t\t    <div class=\"builder-contact-field builder-contact-field-email builder-contact-text-field\">\n\t\t\t    <label class=\"control-label\" for=\"tb_gorx284-contact-email\"><span class=\"tb-label-span\">Email <\/span><\/label>\n\t\t\t    <div class=\"control-input tf_rel\">\n\t\t\t\t    \t\t\t\t\t    <input type=\"text\" name=\"contact-email\" placeholder=\"\" id=\"tb_gorx284-contact-email\" value=\"\" class=\"form-control\" >\n\t\t\t\t    \t\t\t\t    \t\t\t    <\/div>\n\t\t<\/div>\n\t    \n\t\t    \t\t    <div class=\"builder-contact-field builder-contact-field-subject builder-contact-text-field\">\n\t\t\t    <label class=\"control-label\" for=\"tb_gorx284-contact-subject\"><span class=\"tb-label-span\">Asunto <\/span><\/label>\n\t\t\t    <div class=\"control-input tf_rel\">\n\t\t\t\t    \t\t\t\t\t    <input type=\"text\" name=\"contact-subject\" placeholder=\"\" id=\"tb_gorx284-contact-subject\" value=\"\" class=\"form-control\" >\n\t\t\t\t    \t\t\t\t    \t\t\t    <\/div>\n\t\t<\/div>\n\t    \n\t\t    \t\t    <div class=\"builder-contact-field builder-contact-field-message builder-contact-textarea-field\">\n\t\t\t    <label class=\"control-label\" for=\"tb_gorx284-contact-message\"><span class=\"tb-label-span\">Mensaje <\/span><span class=\"required\">*<\/span><\/label>\n\t\t\t    <div class=\"control-input tf_rel\">\n\t\t\t\t    \t\t\t\t\t    <textarea name=\"contact-message\" placeholder=\"\" id=\"tb_gorx284-contact-message\" class=\"form-control\" required><\/textarea>\n\t\t\t\t    \t\t\t\t    \t\t\t    <\/div>\n\t\t<\/div>\n\t    \n\t\t    \t\t<div class=\"builder-contact-field builder-contact-field-sendcopy\">\n\t\t    <div class=\"control-label\">\n\t\t\t\t<div class=\"control-input tf_rel\">\n\t\t\t\t\t<label class=\"send-copy\">\n\t\t\t\t\t\t<input type=\"checkbox\" name=\"contact-sendcopy\" id=\"tb_gorx284-sendcopy\" value=\"1\">\n\t\t\t\t\t\t<span>Recibir una copia<\/span>\n\t\t\t\t\t<\/label>\n\t\t\t\t<\/div>\n\t\t    <\/div>\n\t\t<\/div>\n\t    \n\t\t\n\t\t\n\t    \t    <div class=\"builder-contact-field builder-contact-field-send control-input tf_textl tf_clear tf_rel\">\n\t\t\t<button type=\"submit\" class=\"btn btn-primary\"><span class=\"tf_loader\"><\/span>Enviar<\/button>\n\t    <\/div>\n\t<\/div>\n    <\/form>\n\n    <\/div>\n<!-- \/module contact -->\n\t        <\/div>\n\t    \t<\/div>\n\t\t    <\/div>\n\t    <!-- \/row_inner -->\n\t<\/div>\n\t<!-- \/module_row -->\n\t\t<!-- module_row -->\n\t<div  data-css_id=\"mm8y278\" data-lazy=\"1\" class=\"module_row themify_builder_row fullwidth tb_mm8y278 tf_clearfix\" >\n\t    \t\t<div class=\"row_inner col_align_top col-count-1 tf_box tf_w tf_rel\">\n\t\t\t<div  data-lazy=\"1\" class=\"module_column tb-column col-full first tb_8f5v284 tf_box\">\n\t\t\t    \t        <div class=\"tb-column-inner tf_box tf_w\">\n\t\t    <!-- module maps pro -->\n<div  id=\"tb_ams1284\" class=\"module module-maps-pro tb_ams1284  tf_lazy\" data-zoom=\"5\" data-type=\"TERRAIN\" data-address=\"Av. des Champs-\u00c9lys\u00e9es, 75008 Paris\" data-width=\"100\" data-height=\"450\" data-scrollwheel=\"disable\" data-draggable=\"enable\" data-disable_map_ui=\"no\" data-polyline=\"no\" data-geodesic=\"yes\" data-polylineStroke=\"2\" data-polylineColor=\"ff0000_1\" data-trigger=\"click\" data-style_map_json=\"[{&quot;featureType&quot;:&quot;all&quot;,&quot;elementType&quot;:&quot;all&quot;,&quot;stylers&quot;:[{&quot;invert_lightness&quot;:true},{&quot;saturation&quot;:10},{&quot;lightness&quot;:30},{&quot;gamma&quot;:0.5},{&quot;hue&quot;:&quot;#435158&quot;}]}]\" data-lazy=\"1\">\n    \n    \t<div class=\"maps-pro-canvas-container\">\n\t    <div class=\"maps-pro-canvas map-container\" style=\"width:100%;height:450px\">\n\t    <\/div>\n\t<\/div>\n\n\t<div class=\"maps-pro-markers tf_hide\">\n\t    \t\t<div class=\"maps-pro-marker\" data-address=\"50.7155363,2.2767498000000614\" data-image=\"https:\/\/www.norpaper.com\/wp-content\/uploads\/2017\/06\/favicon.png\">\n\t\t    Planta de Blendecques\t\t<\/div>\n\t    \t\t<div class=\"maps-pro-marker\" data-address=\"47.1998245,-1.5501365000000078\" data-image=\"https:\/\/www.norpaper.com\/wp-content\/uploads\/2017\/06\/favicon.png\">\n\t\t    Planta de Nantes\t\t<\/div>\n\t    \t<\/div>\n\n    \n<\/div>\n<!-- \/module maps pro -->\n\t        <\/div>\n\t    \t<\/div>\n\t\t    <\/div>\n\t    <!-- \/row_inner -->\n\t<\/div>\n\t<!-- \/module_row -->\n\t\t<!-- module_row -->\n\t<div  data-lazy=\"1\" class=\"module_row themify_builder_row tb_2atn317 tf_clearfix\" >\n\t    \t\t<div class=\"row_inner col_align_top col-count-1 tf_box tf_w tf_rel\">\n\t\t\t<div  data-lazy=\"1\" class=\"module_column tb-column col-full first tb_vvbh318 tf_box\">\n\t\t\t    \t        <div class=\"tb-column-inner tf_box tf_w\">\n\t\t    \t<div  data-lazy=\"1\" class=\"module_subrow themify_builder_sub_row tb_in4r318 tf_w tf_clearfix\">\n\t    \t\t<div class=\"subrow_inner col_align_top col-count-3 tf_box tf_w\">\n\t\t\t<div  data-lazy=\"1\" class=\"sub_column module_column tf_box col3-1 first tb_jog4318 fullcover\" > \n\t    \t    \t        <div class=\"tb-column-inner tf_box tf_w\">\n\t\t    <!-- module image -->\n<div  class=\"module module-image tb_ls4a318   image-full-overlay auto_fullwidth tf_mw\" data-lazy=\"1\">\n        <div class=\"image-wrap tf_rel tf_mw\">\n\t\t    <a href=\"#formulaire\"\n\t       \t       >\n\t\t   \t\t<img loading=\"lazy\" decoding=\"async\" src=\"https:\/\/www.norpaper.com\/wp-content\/uploads\/2017\/08\/contact_norpaper-300x300.jpg\" width=\"300\" height=\"300\" title=\"FORMULARIO\" alt=\"P\u00f3ngase en contacto con nosotros a trav\u00e9s de nuestro formulario de contacto.\">\t    <\/a>\n\t\n\t\t<\/div>\n\t<!-- \/image-wrap -->\n    \n    \t<div class=\"image-content tf_overflow\">\n\t    \t\t\t<h3 class=\"image-title\">\n\t\t\t\t\t\t\t\t\t<a href=\"#formulaire\" \n\t\t\t\t\t   \t\t\t\t\t   >\n\t\t\t\t\t\t   FORMULARIO\t\t\t\t\t<\/a>\n\t\t\t\t\t\t\t<\/h3>\n\t    \n\t    \t\t<div class=\"image-caption tb_text_wrap\">\n\t\t    P\u00f3ngase en contacto con nosotros a trav\u00e9s de nuestro formulario de contacto.\t    <\/div>\n\t    <!-- \/image-caption -->\n\t    \t<\/div>\n\t<!-- \/image-content -->\n    \t<\/div>\n<!-- \/module image -->\t        <\/div>\n\t    \t<\/div>\n\t\t<div  data-lazy=\"1\" class=\"sub_column module_column tf_box col3-1 middle tb_se7p318 fullcover\" > \n\t    \t    \t        <div class=\"tb-column-inner tf_box tf_w\">\n\t\t    <!-- module image -->\n<div  class=\"module module-image tb_z8xf318   image-full-overlay auto_fullwidth tf_mw\" data-lazy=\"1\">\n        <div class=\"image-wrap tf_rel tf_mw\">\n\t\t    <a href=\"https:\/\/www.norpaper.com\/contact\/interlocuteurs\/\"\n\t       \t       >\n\t\t   \t\t<img loading=\"lazy\" decoding=\"async\" src=\"https:\/\/www.norpaper.com\/wp-content\/uploads\/2017\/08\/interlocuteurs_norpaper-300x300.jpg\" width=\"300\" height=\"300\" title=\"PUNTO DE CONTACTO\" alt=\"Desea ponerse en contacto con uno de nuestros especialistas? Todos nuestros especialistas figuran en nuestro directorio.\">\t    <\/a>\n\t\n\t\t<\/div>\n\t<!-- \/image-wrap -->\n    \n    \t<div class=\"image-content tf_overflow\">\n\t    \t\t\t<h3 class=\"image-title\">\n\t\t\t\t\t\t\t\t\t<a href=\"https:\/\/www.norpaper.com\/contact\/interlocuteurs\/\" \n\t\t\t\t\t   \t\t\t\t\t   >\n\t\t\t\t\t\t   PUNTO DE CONTACTO\t\t\t\t\t<\/a>\n\t\t\t\t\t\t\t<\/h3>\n\t    \n\t    \t\t<div class=\"image-caption tb_text_wrap\">\n\t\t    Desea ponerse en contacto con uno de nuestros especialistas? Todos nuestros especialistas figuran en nuestro directorio.\t    <\/div>\n\t    <!-- \/image-caption -->\n\t    \t<\/div>\n\t<!-- \/image-content -->\n    \t<\/div>\n<!-- \/module image -->\t        <\/div>\n\t    \t<\/div>\n\t\t<div  data-lazy=\"1\" class=\"sub_column module_column tf_box col3-1 last tb_xzt6318 fullcover\" > \n\t    \t    \t        <div class=\"tb-column-inner tf_box tf_w\">\n\t\t    <!-- module image -->\n<div  class=\"module module-image tb_72n6318   image-full-overlay auto_fullwidth tf_mw\" data-lazy=\"1\">\n        <div class=\"image-wrap tf_rel tf_mw\">\n\t\t    <a href=\"https:\/\/www.norpaper.com\/es\/contratacion\/\"\n\t       \t       >\n\t\t   \t\t<img loading=\"lazy\" decoding=\"async\" src=\"https:\/\/www.norpaper.com\/wp-content\/uploads\/2017\/08\/recrutement_norpaper-300x300.jpg\" width=\"300\" height=\"300\" title=\"CONTRATACI\u00d3N\" alt=\"Enviar una solicitud espont\u00e1nea.\">\t    <\/a>\n\t\n\t\t<\/div>\n\t<!-- \/image-wrap -->\n    \n    \t<div class=\"image-content tf_overflow\">\n\t    \t\t\t<h3 class=\"image-title\">\n\t\t\t\t\t\t\t\t\t<a href=\"https:\/\/www.norpaper.com\/es\/contratacion\/\" \n\t\t\t\t\t   \t\t\t\t\t   >\n\t\t\t\t\t\t   CONTRATACI\u00d3N\t\t\t\t\t<\/a>\n\t\t\t\t\t\t\t<\/h3>\n\t    \n\t    \t\t<div class=\"image-caption tb_text_wrap\">\n\t\t    Enviar una solicitud espont\u00e1nea.\t    <\/div>\n\t    <!-- \/image-caption -->\n\t    \t<\/div>\n\t<!-- \/image-content -->\n    \t<\/div>\n<!-- \/module image -->\t        <\/div>\n\t    \t<\/div>\n\t\t    <\/div>\n\t<\/div><!-- \/themify_builder_sub_row -->\n\t\t        <\/div>\n\t    \t<\/div>\n\t\t    <\/div>\n\t    <!-- \/row_inner -->\n\t<\/div>\n\t<!-- \/module_row -->\n\t<\/div>\n<!--\/themify_builder_content-->","protected":false},"excerpt":{"rendered":"<p>Cont\u00e1ctenos ! 71 Rue Jean Jaur\u00e8s BP 33049 Blendecques 62501 SAINT-OMER CEDEX Tel. +33 (0)3 21 98 77 00 Fax. +33 (0)3 21 98 77 29 contact@norpaper.com Cont\u00e1ctenos ! Por favor, rellene el formulario de contacto, le responderemos en la mayor brevedad posible. Apellido Email Asunto Mensaje * Recibir una copia Enviar Planta de Blendecques [&hellip;]<\/p>\n","protected":false},"author":1,"featured_media":0,"parent":0,"menu_order":0,"comment_status":"closed","ping_status":"closed","template":"","meta":{"footnotes":""},"class_list":["post-1360","page","type-page","status-publish","hentry","has-post-title","has-post-date","has-post-category","has-post-tag","has-post-comment","has-post-author",""],"yoast_head":"<!-- This site is optimized with the Yoast SEO plugin v18.9 - https:\/\/yoast.com\/wordpress\/plugins\/seo\/ -->\n<title>NorPaper - Cont\u00e1ctenos !<\/title>\n<meta name=\"robots\" content=\"index, follow, max-snippet:-1, max-image-preview:large, max-video-preview:-1\" \/>\n<link rel=\"canonical\" href=\"https:\/\/www.norpaper.com\/es\/contactenos\/\" \/>\n<meta property=\"og:locale\" content=\"es_ES\" \/>\n<meta property=\"og:type\" content=\"article\" \/>\n<meta property=\"og:title\" content=\"NorPaper - Cont\u00e1ctenos !\" \/>\n<meta property=\"og:description\" content=\"Cont\u00e1ctenos ! 71 Rue Jean Jaur\u00e8s BP 33049 Blendecques 62501 SAINT-OMER CEDEX Tel. +33 (0)3 21 98 77 00 Fax. +33 (0)3 21 98 77 29 contact@norpaper.com Cont\u00e1ctenos ! Por favor, rellene el formulario de contacto, le responderemos en la mayor brevedad posible. Apellido Email Asunto Mensaje * Recibir una copia Enviar Planta de Blendecques [&hellip;]\" \/>\n<meta property=\"og:url\" content=\"https:\/\/www.norpaper.com\/es\/contactenos\/\" \/>\n<meta property=\"og:site_name\" content=\"NorPaper\" \/>\n<meta property=\"article:modified_time\" content=\"2025-03-04T20:12:06+00:00\" \/>\n<meta name=\"twitter:card\" content=\"summary_large_image\" \/>\n<script type=\"application\/ld+json\" class=\"yoast-schema-graph\">{\"@context\":\"https:\/\/schema.org\",\"@graph\":[{\"@type\":\"WebSite\",\"@id\":\"https:\/\/www.norpaper.com\/#website\",\"url\":\"https:\/\/www.norpaper.com\/\",\"name\":\"NorPaper\",\"description\":\"Un site utilisant WordPress\",\"potentialAction\":[{\"@type\":\"SearchAction\",\"target\":{\"@type\":\"EntryPoint\",\"urlTemplate\":\"https:\/\/www.norpaper.com\/?s={search_term_string}\"},\"query-input\":\"required name=search_term_string\"}],\"inLanguage\":\"es\"},{\"@type\":\"ImageObject\",\"inLanguage\":\"es\",\"@id\":\"https:\/\/www.norpaper.com\/es\/contactenos\/#primaryimage\",\"url\":\"https:\/\/www.norpaper.com\/wp-content\/uploads\/2017\/08\/contact_norpaper-300x300.jpg\",\"contentUrl\":\"https:\/\/www.norpaper.com\/wp-content\/uploads\/2017\/08\/contact_norpaper-300x300.jpg\"},{\"@type\":\"WebPage\",\"@id\":\"https:\/\/www.norpaper.com\/es\/contactenos\/#webpage\",\"url\":\"https:\/\/www.norpaper.com\/es\/contactenos\/\",\"name\":\"NorPaper - Cont\u00e1ctenos !\",\"isPartOf\":{\"@id\":\"https:\/\/www.norpaper.com\/#website\"},\"primaryImageOfPage\":{\"@id\":\"https:\/\/www.norpaper.com\/es\/contactenos\/#primaryimage\"},\"datePublished\":\"2017-05-23T15:48:27+00:00\",\"dateModified\":\"2025-03-04T20:12:06+00:00\",\"breadcrumb\":{\"@id\":\"https:\/\/www.norpaper.com\/es\/contactenos\/#breadcrumb\"},\"inLanguage\":\"es\",\"potentialAction\":[{\"@type\":\"ReadAction\",\"target\":[\"https:\/\/www.norpaper.com\/es\/contactenos\/\"]}]},{\"@type\":\"BreadcrumbList\",\"@id\":\"https:\/\/www.norpaper.com\/es\/contactenos\/#breadcrumb\",\"itemListElement\":[{\"@type\":\"ListItem\",\"position\":1,\"name\":\"Cont\u00e1ctenos\"}]}]}<\/script>\n<!-- \/ Yoast SEO plugin. -->","yoast_head_json":{"title":"NorPaper - Cont\u00e1ctenos !","robots":{"index":"index","follow":"follow","max-snippet":"max-snippet:-1","max-image-preview":"max-image-preview:large","max-video-preview":"max-video-preview:-1"},"canonical":"https:\/\/www.norpaper.com\/es\/contactenos\/","og_locale":"es_ES","og_type":"article","og_title":"NorPaper - Cont\u00e1ctenos !","og_description":"Cont\u00e1ctenos ! 71 Rue Jean Jaur\u00e8s BP 33049 Blendecques 62501 SAINT-OMER CEDEX Tel. +33 (0)3 21 98 77 00 Fax. +33 (0)3 21 98 77 29 contact@norpaper.com Cont\u00e1ctenos ! Por favor, rellene el formulario de contacto, le responderemos en la mayor brevedad posible. Apellido Email Asunto Mensaje * Recibir una copia Enviar Planta de Blendecques [&hellip;]","og_url":"https:\/\/www.norpaper.com\/es\/contactenos\/","og_site_name":"NorPaper","article_modified_time":"2025-03-04T20:12:06+00:00","twitter_card":"summary_large_image","schema":{"@context":"https:\/\/schema.org","@graph":[{"@type":"WebSite","@id":"https:\/\/www.norpaper.com\/#website","url":"https:\/\/www.norpaper.com\/","name":"NorPaper","description":"Un site utilisant WordPress","potentialAction":[{"@type":"SearchAction","target":{"@type":"EntryPoint","urlTemplate":"https:\/\/www.norpaper.com\/?s={search_term_string}"},"query-input":"required name=search_term_string"}],"inLanguage":"es"},{"@type":"ImageObject","inLanguage":"es","@id":"https:\/\/www.norpaper.com\/es\/contactenos\/#primaryimage","url":"https:\/\/www.norpaper.com\/wp-content\/uploads\/2017\/08\/contact_norpaper-300x300.jpg","contentUrl":"https:\/\/www.norpaper.com\/wp-content\/uploads\/2017\/08\/contact_norpaper-300x300.jpg"},{"@type":"WebPage","@id":"https:\/\/www.norpaper.com\/es\/contactenos\/#webpage","url":"https:\/\/www.norpaper.com\/es\/contactenos\/","name":"NorPaper - Cont\u00e1ctenos !","isPartOf":{"@id":"https:\/\/www.norpaper.com\/#website"},"primaryImageOfPage":{"@id":"https:\/\/www.norpaper.com\/es\/contactenos\/#primaryimage"},"datePublished":"2017-05-23T15:48:27+00:00","dateModified":"2025-03-04T20:12:06+00:00","breadcrumb":{"@id":"https:\/\/www.norpaper.com\/es\/contactenos\/#breadcrumb"},"inLanguage":"es","potentialAction":[{"@type":"ReadAction","target":["https:\/\/www.norpaper.com\/es\/contactenos\/"]}]},{"@type":"BreadcrumbList","@id":"https:\/\/www.norpaper.com\/es\/contactenos\/#breadcrumb","itemListElement":[{"@type":"ListItem","position":1,"name":"Cont\u00e1ctenos"}]}]}},"builder_content":"<h2>Cont\u00e1ctenos !<\/h2>\n<em><svg aria-hidden=\"true\"><use href=\"#tf-far-map-marker\"><\/use><\/svg><\/em>\n<p>71 Rue Jean Jaur\u00e8s<br \/> BP 33049 Blendecques<br \/> 62501 SAINT-OMER CEDEX<\/p>\n<em><svg aria-hidden=\"true\"><use href=\"#tf-fas-phone\"><\/use><\/svg><\/em>\n<p>Tel. +33 (0)3 21 98 77 00<br \/> Fax. +33 (0)3 21 98 77 29<\/p>\n<em><svg aria-hidden=\"true\"><use href=\"#tf-ti-email\"><\/use><\/svg><\/em>\ncontact@norpaper.com\n<h3>Cont\u00e1ctenos !<\/h3>\n<p style=\"text-align: left;\">Por favor, rellene el formulario de contacto, le responderemos en la mayor brevedad posible.<\/p>\n<form action=\"https:\/\/www.norpaper.com\/wp-admin\/admin-ajax.php\" class=\"builder-contact\" id=\"tb_gorx284-form\" method=\"post\" data-post-id=\"0\" data-element-id=\"gorx284\" data-orig-id=\"1360\" > <label for=\"tb_gorx284-contact-name\">Apellido <\/label> <input type=\"text\" name=\"contact-name\" placeholder=\"\" id=\"tb_gorx284-contact-name\" value=\"\" > <label for=\"tb_gorx284-contact-email\">Email <\/label> <input type=\"text\" name=\"contact-email\" placeholder=\"\" id=\"tb_gorx284-contact-email\" value=\"\" > <label for=\"tb_gorx284-contact-subject\">Asunto <\/label> <input type=\"text\" name=\"contact-subject\" placeholder=\"\" id=\"tb_gorx284-contact-subject\" value=\"\" > <label for=\"tb_gorx284-contact-message\">Mensaje *<\/label> <textarea name=\"contact-message\" placeholder=\"\" id=\"tb_gorx284-contact-message\" required><\/textarea> <label> <input type=\"checkbox\" name=\"contact-sendcopy\" id=\"tb_gorx284-sendcopy\" value=\"1\"> Recibir una copia <\/label> <button type=\"submit\">Enviar<\/button> <\/form>\nPlanta de Blendecques Planta de Nantes\n<a href=\"#formulaire\" > <img src=\"https:\/\/www.norpaper.com\/wp-content\/uploads\/2017\/08\/contact_norpaper-300x300.jpg\" width=\"300\" height=\"300\" title=\"FORMULARIO\" alt=\"P\u00f3ngase en contacto con nosotros a trav\u00e9s de nuestro formulario de contacto.\"> <\/a> <h3> <a href=\"#formulaire\" > FORMULARIO <\/a> <\/h3> P\u00f3ngase en contacto con nosotros a trav\u00e9s de nuestro formulario de contacto.\n<a href=\"https:\/\/www.norpaper.com\/contact\/interlocuteurs\/\" > <img src=\"https:\/\/www.norpaper.com\/wp-content\/uploads\/2017\/08\/interlocuteurs_norpaper-300x300.jpg\" width=\"300\" height=\"300\" title=\"PUNTO DE CONTACTO\" alt=\"Desea ponerse en contacto con uno de nuestros especialistas? Todos nuestros especialistas figuran en nuestro directorio.\"> <\/a> <h3> <a href=\"https:\/\/www.norpaper.com\/contact\/interlocuteurs\/\" > PUNTO DE CONTACTO <\/a> <\/h3> Desea ponerse en contacto con uno de nuestros especialistas? Todos nuestros especialistas figuran en nuestro directorio.\n<a href=\"https:\/\/www.norpaper.com\/es\/contratacion\/\" > <img src=\"https:\/\/www.norpaper.com\/wp-content\/uploads\/2017\/08\/recrutement_norpaper-300x300.jpg\" width=\"300\" height=\"300\" title=\"CONTRATACI\u00d3N\" alt=\"Enviar una solicitud espont\u00e1nea.\"> <\/a> <h3> <a href=\"https:\/\/www.norpaper.com\/es\/contratacion\/\" > CONTRATACI\u00d3N <\/a> <\/h3> Enviar una solicitud espont\u00e1nea.","_links":{"self":[{"href":"https:\/\/www.norpaper.com\/es\/wp-json\/wp\/v2\/pages\/1360","targetHints":{"allow":["GET"]}}],"collection":[{"href":"https:\/\/www.norpaper.com\/es\/wp-json\/wp\/v2\/pages"}],"about":[{"href":"https:\/\/www.norpaper.com\/es\/wp-json\/wp\/v2\/types\/page"}],"author":[{"embeddable":true,"href":"https:\/\/www.norpaper.com\/es\/wp-json\/wp\/v2\/users\/1"}],"replies":[{"embeddable":true,"href":"https:\/\/www.norpaper.com\/es\/wp-json\/wp\/v2\/comments?post=1360"}],"version-history":[{"count":3,"href":"https:\/\/www.norpaper.com\/es\/wp-json\/wp\/v2\/pages\/1360\/revisions"}],"predecessor-version":[{"id":1910,"href":"https:\/\/www.norpaper.com\/es\/wp-json\/wp\/v2\/pages\/1360\/revisions\/1910"}],"wp:attachment":[{"href":"https:\/\/www.norpaper.com\/es\/wp-json\/wp\/v2\/media?parent=1360"}],"curies":[{"name":"wp","href":"https:\/\/api.w.org\/{rel}","templated":true}]}}