{"id":949,"date":"2017-06-12T22:39:27","date_gmt":"2017-06-12T20:39:27","guid":{"rendered":"https:\/\/www.norpaper.com\/desarrollo-sostenible\/"},"modified":"2022-06-26T00:42:22","modified_gmt":"2022-06-25T22:42:22","slug":"desarrollo-sostenible","status":"publish","type":"page","link":"https:\/\/www.norpaper.com\/es\/desarrollo-sostenible\/","title":{"rendered":"Desarrollo sostenible"},"content":{"rendered":"<p><\/p>\r\n\r<!--themify_builder_content-->\n<div id=\"themify_builder_content-949\" data-postid=\"949\" class=\"themify_builder_content themify_builder_content-949 themify_builder tf_clear\">\n    \t<!-- module_row -->\n\t<div  data-desktop-padding=\"6px,6px\" data-css_id=\"wfl0811\" data-lazy=\"1\" class=\"module_row themify_builder_row fullcover fullwidth_row_container tb_wfl0811 tb_first tf_clearfix wow\" data-tf-animation=\"fadeIn\" >\n\t    <div class=\"builder_row_cover tf_abs\"><\/div>\t\t<div class=\"row_inner col_align_top col-count-1 tf_box tf_w tf_rel\">\n\t\t\t<div  data-lazy=\"1\" class=\"module_column tb-column col-full first tb_clq2303 tf_box\">\n\t\t\t    \t        <div class=\"tb-column-inner tf_box tf_w\">\n\t\t    <!-- module text -->\n<div  class=\"module module-text tb_2izo432    wow\" data-tf-animation=\"fadeInUp\" data-lazy=\"1\">\n        <div  class=\"tb_text_wrap\">\n    <h2>Un planeta que proteger\u2026<\/h2>    <\/div>\n<\/div>\n<!-- \/module text -->\t        <\/div>\n\t    \t<\/div>\n\t\t    <\/div>\n\t    <!-- \/row_inner -->\n\t<\/div>\n\t<!-- \/module_row -->\n\t\t<!-- module_row -->\n\t<div  data-lazy=\"1\" class=\"module_row themify_builder_row tb_83fl403 tf_clearfix\" >\n\t    \t\t<div class=\"row_inner col_align_top col-count-1 tf_box tf_w tf_rel\">\n\t\t\t<div  data-lazy=\"1\" class=\"module_column tb-column col-full first tb_xo2x414 tf_box\">\n\t\t\t    \t        <div class=\"tb-column-inner tf_box tf_w\">\n\t\t    <!-- module text -->\n<div  class=\"module module-text tb_afoy331   \" data-lazy=\"1\">\n        <div  class=\"tb_text_wrap\">\n    <h5>El respeto del medio ambiente es una de la mayores preocupaciones de NorPaper.<\/h5><h5> <\/h5><h5>La empresa, fiel a su \u00e9tica ecologista, invierte constantemente en la protecci\u00f3n de la naturaleza.<\/h5><h5> <\/h5><h5>NorPaper desarrolla y aplica procesos que favorecen la utilizaci\u00f3n de materiales reciclados y la reducci\u00f3n de la fuente de emisiones residuales en una perspectiva de preservaci\u00f3n continua del medioambiente :<\/h5>    <\/div>\n<\/div>\n<!-- \/module text -->\t        <\/div>\n\t    \t<\/div>\n\t\t    <\/div>\n\t    <!-- \/row_inner -->\n\t<\/div>\n\t<!-- \/module_row -->\n\t\t<!-- module_row -->\n\t<div  data-css_id=\"zuwl433\" data-lazy=\"1\" class=\"module_row themify_builder_row fullwidth tb_zuwl433 tf_clearfix\" >\n\t    \t\t<div class=\"row_inner col_align_middle gutter-none col-count-2 tf_box tf_w tf_rel\">\n\t\t\t<div  data-lazy=\"1\" class=\"module_column tb-column col4-2 first tb_v9jp010 fullcover tf_box\">\n\t\t\t    \t<\/div>\n\t\t<div  data-lazy=\"1\" class=\"module_column tb-column col4-2 last tb_3nhi104 tf_box\">\n\t\t\t    \t        <div class=\"tb-column-inner tf_box tf_w\">\n\t\t    <!-- module text -->\n<div  class=\"module module-text tb_nuvb114   \" data-lazy=\"1\">\n        <div  class=\"tb_text_wrap\">\n    <h3>El reciclaje<\/h3>\r\n<p>NorPaper elabora productos compuestos al 100% de fibras de recuperaci\u00f3n a partir de la industria de reciclaje: El papel puede ser reciclado hasta 8 veces !<\/p>\r\n    <\/div>\n<\/div>\n<!-- \/module text -->\t        <\/div>\n\t    \t<\/div>\n\t\t    <\/div>\n\t    <!-- \/row_inner -->\n\t<\/div>\n\t<!-- \/module_row -->\n\t\t<!-- module_row -->\n\t<div  data-css_id=\"strc305\" data-lazy=\"1\" class=\"module_row themify_builder_row fullwidth tb_strc305 tf_clearfix hide-tablet hide-mobile\" >\n\t    \t\t<div class=\"row_inner col_align_middle gutter-none col-count-2 tf_box tf_w tf_rel\">\n\t\t\t<div  data-lazy=\"1\" class=\"module_column tb-column col4-2 first tb_9jei315 tf_box\">\n\t\t\t    \t        <div class=\"tb-column-inner tf_box tf_w\">\n\t\t    <!-- module text -->\n<div  class=\"module module-text tb_g0bk410   \" data-lazy=\"1\">\n        <div  class=\"tb_text_wrap\">\n    <h3>La estaci\u00f3n de depuraci\u00f3n<\/h3>\r\n<p>La planta de Blendecques est\u00e1 equipada de una estaci\u00f3n de tratamiento del agua fisicoqu\u00edmica y biol\u00f3gica de una capacidad de 65000 m3. Los lodos biol\u00f3gicos extra\u00eddos son expandidos, conforme \u00e0 la legislaci\u00f3n en vigor. El agua tratada por la estaci\u00f3n debe ser conforme a las normas establecidas por la administraci\u00f3n, por tanto la calidad del agua es analizada cada d\u00eda.<\/p>\r\n    <\/div>\n<\/div>\n<!-- \/module text -->\t        <\/div>\n\t    \t<\/div>\n\t\t<div  data-lazy=\"1\" class=\"module_column tb-column col4-2 last tb_pgx4500 fullcover tf_box\">\n\t\t\t    \t<\/div>\n\t\t    <\/div>\n\t    <!-- \/row_inner -->\n\t<\/div>\n\t<!-- \/module_row -->\n\t\t<!-- module_row -->\n\t<div  data-css_id=\"fbq3051\" data-lazy=\"1\" class=\"module_row themify_builder_row fullwidth tb_fbq3051 tf_clearfix hide-desktop\" >\n\t    \t\t<div class=\"row_inner col_align_middle gutter-none col-count-2 direction-rtl tf_box tf_w tf_rel\"  data-desktop_dir=\"rtl\">\n\t\t\t<div  data-lazy=\"1\" class=\"module_column tb-column col4-2 last tb_q0y4166 tf_box\">\n\t\t\t    \t        <div class=\"tb-column-inner tf_box tf_w\">\n\t\t    <!-- module text -->\n<div  class=\"module module-text tb_ergl416   \" data-lazy=\"1\">\n        <div  class=\"tb_text_wrap\">\n    <h3>La estaci\u00f3n de depuraci\u00f3n<\/h3>\r\n<p>La planta de Blendecques est\u00e1 equipada de una estaci\u00f3n de tratamiento del agua fisicoqu\u00edmica y biol\u00f3gica de una capacidad de 65000 m3. Los lodos biol\u00f3gicos extra\u00eddos son expandidos, conforme \u00e0 la legislaci\u00f3n en vigor. El agua tratada por la estaci\u00f3n debe ser conforme a las normas establecidas por la administraci\u00f3n, por tanto la calidad del agua es analizada cada d\u00eda.<\/p>    <\/div>\n<\/div>\n<!-- \/module text -->\t        <\/div>\n\t    \t<\/div>\n\t\t<div  data-lazy=\"1\" class=\"module_column tb-column col4-2 first tb_08b8601 fullcover tf_box\">\n\t\t\t    \t<\/div>\n\t\t    <\/div>\n\t    <!-- \/row_inner -->\n\t<\/div>\n\t<!-- \/module_row -->\n\t\t<!-- module_row -->\n\t<div  data-css_id=\"mn7y711\" data-lazy=\"1\" class=\"module_row themify_builder_row fullwidth tb_mn7y711 tf_clearfix\" >\n\t    \t\t<div class=\"row_inner col_align_middle gutter-none col-count-2 tf_box tf_w tf_rel\">\n\t\t\t<div  data-lazy=\"1\" class=\"module_column tb-column col4-2 first tb_10kv324 fullcover tf_box\">\n\t\t\t    \t<\/div>\n\t\t<div  data-lazy=\"1\" class=\"module_column tb-column col4-2 last tb_mlyp403 tf_box\">\n\t\t\t    \t        <div class=\"tb-column-inner tf_box tf_w\">\n\t\t    <!-- module text -->\n<div  class=\"module module-text tb_n56t747   \" data-lazy=\"1\">\n        <div  class=\"tb_text_wrap\">\n    <h3>Reducci\u00f3n del consumo de agua<\/h3>\r\n<p>La fabricaci\u00f3n del papel necesita de una cantidad importante de agua. En los \u00faltimos 20 a\u00f1os, NorPaper Avot-Vall\u00e9e redujo en 40% la recuperaci\u00f3n del agua de la capa fre\u00e1tica, al mismo tiempo la producci\u00f3n aument\u00f3 en 60%. Esto muestra el fuerte compromiso de la compa\u00f1\u00eda de reducir el impacto medioambiental gracias a inversiones espec\u00edficas y consecuentes (cerca de 2 millones de euros para el cierre de circuitos de agua).<\/p>\r\n    <\/div>\n<\/div>\n<!-- \/module text -->\t        <\/div>\n\t    \t<\/div>\n\t\t    <\/div>\n\t    <!-- \/row_inner -->\n\t<\/div>\n\t<!-- \/module_row -->\n\t\t<!-- module_row -->\n\t<div  data-css_id=\"nrv6701\" data-lazy=\"1\" class=\"module_row themify_builder_row fullwidth tb_nrv6701 tf_clearfix hide-tablet hide-mobile\" >\n\t    \t\t<div class=\"row_inner col_align_middle gutter-none col-count-2 tf_box tf_w tf_rel\">\n\t\t\t<div  data-lazy=\"1\" class=\"module_column tb-column col4-2 first tb_nwnj311 tf_box\">\n\t\t\t    \t        <div class=\"tb-column-inner tf_box tf_w\">\n\t\t    <!-- module text -->\n<div  class=\"module module-text tb_i9g6008   \" data-lazy=\"1\">\n        <div  class=\"tb_text_wrap\">\n    <h3>Congerecaci\u00f3n<\/h3>\r\n<p>NorPaper Blendecques se compromete en la cogeneraci\u00f3n con una turbina a gas que produce 11 MWH el\u00e9ctricos y de la cual las emisiones de gases sirven a producir vapor ( con la ayuda de la caldera de recuperaci\u00f3n) para el secado del papel. Esta t\u00e9cnica tiene un impacto directo en la lucha contra los efectos invernaderos gracias a la gesti\u00f3n de nuestra energ\u00eda y ante nuestras necesidades energ\u00e9ticas.<\/p>\r\n    <\/div>\n<\/div>\n<!-- \/module text -->\t        <\/div>\n\t    \t<\/div>\n\t\t<div  data-lazy=\"1\" class=\"module_column tb-column col4-2 last tb_8592184 fullcover tf_box\">\n\t\t\t    \t<\/div>\n\t\t    <\/div>\n\t    <!-- \/row_inner -->\n\t<\/div>\n\t<!-- \/module_row -->\n\t\t<!-- module_row -->\n\t<div  data-css_id=\"wddn000\" data-lazy=\"1\" class=\"module_row themify_builder_row fullwidth tb_wddn000 tf_clearfix hide-desktop\" >\n\t    \t\t<div class=\"row_inner col_align_middle gutter-none col-count-2 direction-rtl tf_box tf_w tf_rel\"  data-desktop_dir=\"rtl\">\n\t\t\t<div  data-lazy=\"1\" class=\"module_column tb-column col4-2 last tb_1w96019 tf_box\">\n\t\t\t    \t        <div class=\"tb-column-inner tf_box tf_w\">\n\t\t    <!-- module text -->\n<div  class=\"module module-text tb_mkbr193   \" data-lazy=\"1\">\n        <div  class=\"tb_text_wrap\">\n    <h3>Congerecaci\u00f3n<\/h3>\r\n<p>NorPaper Blendecques se compromete en la cogeneraci\u00f3n con una turbina a gas que produce 11 MWH el\u00e9ctricos y de la cual las emisiones de gases sirven a producir vapor ( con la ayuda de la caldera de recuperaci\u00f3n) para el secado del papel. Esta t\u00e9cnica tiene un impacto directo en la lucha contra los efectos invernaderos gracias a la gesti\u00f3n de nuestra energ\u00eda y ante nuestras necesidades energ\u00e9ticas.<\/p>\r\n\r\n    <\/div>\n<\/div>\n<!-- \/module text -->\t        <\/div>\n\t    \t<\/div>\n\t\t<div  data-lazy=\"1\" class=\"module_column tb-column col4-2 first tb_6ypu301 fullcover tf_box\">\n\t\t\t    \t<\/div>\n\t\t    <\/div>\n\t    <!-- \/row_inner -->\n\t<\/div>\n\t<!-- \/module_row -->\n\t\t<!-- module_row -->\n\t<div  data-css_id=\"4urj340\" data-lazy=\"1\" class=\"module_row themify_builder_row fullwidth tb_4urj340 tf_clearfix\" >\n\t    \t\t<div class=\"row_inner col_align_middle gutter-none col-count-2 direction-rtl tf_box tf_w tf_rel\"  data-desktop_dir=\"rtl\">\n\t\t\t<div  data-lazy=\"1\" class=\"module_column tb-column col4-2 last tb_kpvz100 tf_box\">\n\t\t\t    \t        <div class=\"tb-column-inner tf_box tf_w\">\n\t\t    <!-- module text -->\n<div  class=\"module module-text tb_dyhw200   \" data-lazy=\"1\">\n        <div  class=\"tb_text_wrap\">\n    <h3>Certificaci\u00f3n FSC\u00ae<\/h3>\r\n<p>Desde una perspectiva medioambiental y social, NorPaper ha querido desarrollar la validaci\u00f3n de la certificaci\u00f3n FSC \u00ae que garantiza la gesti\u00f3n forestal responsable.<br>\r\n<\/br>N\u00famero de licencia:<\/p>\r\n<ul>\r\n<li>NorPaper Valle de Avot: FSC-C105184<\/li>\r\n<li>NorPaper Nantes: FSC-C128335<\/li>\r\n<\/ul>\r\n    <\/div>\n<\/div>\n<!-- \/module text -->\t        <\/div>\n\t    \t<\/div>\n\t\t<div  data-lazy=\"1\" class=\"module_column tb-column col4-2 first tb_rtq6300 fullcover tf_box\">\n\t\t\t    \t<\/div>\n\t\t    <\/div>\n\t    <!-- \/row_inner -->\n\t<\/div>\n\t<!-- \/module_row -->\n\t<\/div>\n<!--\/themify_builder_content-->","protected":false},"excerpt":{"rendered":"<p>Un planeta que proteger\u2026 El respeto del medio ambiente es una de la mayores preocupaciones de NorPaper. La empresa, fiel a su \u00e9tica ecologista, invierte constantemente en la protecci\u00f3n de la naturaleza. NorPaper desarrolla y aplica procesos que favorecen la utilizaci\u00f3n de materiales reciclados y la reducci\u00f3n de la fuente de emisiones residuales en una [&hellip;]<\/p>\n","protected":false},"author":1,"featured_media":0,"parent":0,"menu_order":0,"comment_status":"closed","ping_status":"closed","template":"","meta":{"footnotes":""},"class_list":["post-949","page","type-page","status-publish","hentry","has-post-title","has-post-date","has-post-category","has-post-tag","has-post-comment","has-post-author",""],"yoast_head":"<!-- This site is optimized with the Yoast SEO plugin v18.9 - https:\/\/yoast.com\/wordpress\/plugins\/seo\/ -->\n<title>NorPaper - Desarrollo sostenible: Un planeta que proteja\u2026<\/title>\n<meta name=\"description\" content=\"El respeto por el medio ambiente es una de las principales preocupaciones de NorPaper. La empresa invierte constantemente en la protecci\u00f3n del medio ambiente natural.\" \/>\n<meta name=\"robots\" content=\"index, follow, max-snippet:-1, max-image-preview:large, max-video-preview:-1\" \/>\n<link rel=\"canonical\" href=\"https:\/\/www.norpaper.com\/es\/desarrollo-sostenible\/\" \/>\n<meta property=\"og:locale\" content=\"es_ES\" \/>\n<meta property=\"og:type\" content=\"article\" \/>\n<meta property=\"og:title\" content=\"NorPaper - Desarrollo sostenible: Un planeta que proteja\u2026\" \/>\n<meta property=\"og:description\" content=\"El respeto por el medio ambiente es una de las principales preocupaciones de NorPaper. La empresa invierte constantemente en la protecci\u00f3n del medio ambiente natural.\" \/>\n<meta property=\"og:url\" content=\"https:\/\/www.norpaper.com\/es\/desarrollo-sostenible\/\" \/>\n<meta property=\"og:site_name\" content=\"NorPaper\" \/>\n<meta property=\"article:modified_time\" content=\"2022-06-25T22:42:22+00:00\" \/>\n<meta name=\"twitter:card\" content=\"summary_large_image\" \/>\n<meta name=\"twitter:label1\" content=\"Tiempo de lectura\" \/>\n\t<meta name=\"twitter:data1\" content=\"3 minutos\" \/>\n<script type=\"application\/ld+json\" class=\"yoast-schema-graph\">{\"@context\":\"https:\/\/schema.org\",\"@graph\":[{\"@type\":\"WebSite\",\"@id\":\"https:\/\/www.norpaper.com\/#website\",\"url\":\"https:\/\/www.norpaper.com\/\",\"name\":\"NorPaper\",\"description\":\"Un site utilisant WordPress\",\"potentialAction\":[{\"@type\":\"SearchAction\",\"target\":{\"@type\":\"EntryPoint\",\"urlTemplate\":\"https:\/\/www.norpaper.com\/?s={search_term_string}\"},\"query-input\":\"required name=search_term_string\"}],\"inLanguage\":\"es\"},{\"@type\":\"WebPage\",\"@id\":\"https:\/\/www.norpaper.com\/es\/desarrollo-sostenible\/#webpage\",\"url\":\"https:\/\/www.norpaper.com\/es\/desarrollo-sostenible\/\",\"name\":\"NorPaper - Desarrollo sostenible: Un planeta que proteja\u2026\",\"isPartOf\":{\"@id\":\"https:\/\/www.norpaper.com\/#website\"},\"datePublished\":\"2017-06-12T20:39:27+00:00\",\"dateModified\":\"2022-06-25T22:42:22+00:00\",\"description\":\"El respeto por el medio ambiente es una de las principales preocupaciones de NorPaper. La empresa invierte constantemente en la protecci\u00f3n del medio ambiente natural.\",\"breadcrumb\":{\"@id\":\"https:\/\/www.norpaper.com\/es\/desarrollo-sostenible\/#breadcrumb\"},\"inLanguage\":\"es\",\"potentialAction\":[{\"@type\":\"ReadAction\",\"target\":[\"https:\/\/www.norpaper.com\/es\/desarrollo-sostenible\/\"]}]},{\"@type\":\"BreadcrumbList\",\"@id\":\"https:\/\/www.norpaper.com\/es\/desarrollo-sostenible\/#breadcrumb\",\"itemListElement\":[{\"@type\":\"ListItem\",\"position\":1,\"name\":\"Desarrollo sostenible\"}]}]}<\/script>\n<!-- \/ Yoast SEO plugin. -->","yoast_head_json":{"title":"NorPaper - Desarrollo sostenible: Un planeta que proteja\u2026","description":"El respeto por el medio ambiente es una de las principales preocupaciones de NorPaper. La empresa invierte constantemente en la protecci\u00f3n del medio ambiente natural.","robots":{"index":"index","follow":"follow","max-snippet":"max-snippet:-1","max-image-preview":"max-image-preview:large","max-video-preview":"max-video-preview:-1"},"canonical":"https:\/\/www.norpaper.com\/es\/desarrollo-sostenible\/","og_locale":"es_ES","og_type":"article","og_title":"NorPaper - Desarrollo sostenible: Un planeta que proteja\u2026","og_description":"El respeto por el medio ambiente es una de las principales preocupaciones de NorPaper. La empresa invierte constantemente en la protecci\u00f3n del medio ambiente natural.","og_url":"https:\/\/www.norpaper.com\/es\/desarrollo-sostenible\/","og_site_name":"NorPaper","article_modified_time":"2022-06-25T22:42:22+00:00","twitter_card":"summary_large_image","twitter_misc":{"Tiempo de lectura":"3 minutos"},"schema":{"@context":"https:\/\/schema.org","@graph":[{"@type":"WebSite","@id":"https:\/\/www.norpaper.com\/#website","url":"https:\/\/www.norpaper.com\/","name":"NorPaper","description":"Un site utilisant WordPress","potentialAction":[{"@type":"SearchAction","target":{"@type":"EntryPoint","urlTemplate":"https:\/\/www.norpaper.com\/?s={search_term_string}"},"query-input":"required name=search_term_string"}],"inLanguage":"es"},{"@type":"WebPage","@id":"https:\/\/www.norpaper.com\/es\/desarrollo-sostenible\/#webpage","url":"https:\/\/www.norpaper.com\/es\/desarrollo-sostenible\/","name":"NorPaper - Desarrollo sostenible: Un planeta que proteja\u2026","isPartOf":{"@id":"https:\/\/www.norpaper.com\/#website"},"datePublished":"2017-06-12T20:39:27+00:00","dateModified":"2022-06-25T22:42:22+00:00","description":"El respeto por el medio ambiente es una de las principales preocupaciones de NorPaper. La empresa invierte constantemente en la protecci\u00f3n del medio ambiente natural.","breadcrumb":{"@id":"https:\/\/www.norpaper.com\/es\/desarrollo-sostenible\/#breadcrumb"},"inLanguage":"es","potentialAction":[{"@type":"ReadAction","target":["https:\/\/www.norpaper.com\/es\/desarrollo-sostenible\/"]}]},{"@type":"BreadcrumbList","@id":"https:\/\/www.norpaper.com\/es\/desarrollo-sostenible\/#breadcrumb","itemListElement":[{"@type":"ListItem","position":1,"name":"Desarrollo sostenible"}]}]}},"builder_content":"<h2>Un planeta que proteger\u2026<\/h2>\n<h5>El respeto del medio ambiente es una de la mayores preocupaciones de NorPaper.<\/h5><h5> <\/h5><h5>La empresa, fiel a su \u00e9tica ecologista, invierte constantemente en la protecci\u00f3n de la naturaleza.<\/h5><h5> <\/h5><h5>NorPaper desarrolla y aplica procesos que favorecen la utilizaci\u00f3n de materiales reciclados y la reducci\u00f3n de la fuente de emisiones residuales en una perspectiva de preservaci\u00f3n continua del medioambiente :<\/h5>\n<h3>El reciclaje<\/h3>\n<p>NorPaper elabora productos compuestos al 100% de fibras de recuperaci\u00f3n a partir de la industria de reciclaje: El papel puede ser reciclado hasta 8 veces !<\/p>\n<h3>La estaci\u00f3n de depuraci\u00f3n<\/h3>\n<p>La planta de Blendecques est\u00e1 equipada de una estaci\u00f3n de tratamiento del agua fisicoqu\u00edmica y biol\u00f3gica de una capacidad de 65000 m3. Los lodos biol\u00f3gicos extra\u00eddos son expandidos, conforme \u00e0 la legislaci\u00f3n en vigor. El agua tratada por la estaci\u00f3n debe ser conforme a las normas establecidas por la administraci\u00f3n, por tanto la calidad del agua es analizada cada d\u00eda.<\/p>\n<h3>La estaci\u00f3n de depuraci\u00f3n<\/h3>\n<p>La planta de Blendecques est\u00e1 equipada de una estaci\u00f3n de tratamiento del agua fisicoqu\u00edmica y biol\u00f3gica de una capacidad de 65000 m3. Los lodos biol\u00f3gicos extra\u00eddos son expandidos, conforme \u00e0 la legislaci\u00f3n en vigor. El agua tratada por la estaci\u00f3n debe ser conforme a las normas establecidas por la administraci\u00f3n, por tanto la calidad del agua es analizada cada d\u00eda.<\/p>\n<h3>Reducci\u00f3n del consumo de agua<\/h3>\n<p>La fabricaci\u00f3n del papel necesita de una cantidad importante de agua. En los \u00faltimos 20 a\u00f1os, NorPaper Avot-Vall\u00e9e redujo en 40% la recuperaci\u00f3n del agua de la capa fre\u00e1tica, al mismo tiempo la producci\u00f3n aument\u00f3 en 60%. Esto muestra el fuerte compromiso de la compa\u00f1\u00eda de reducir el impacto medioambiental gracias a inversiones espec\u00edficas y consecuentes (cerca de 2 millones de euros para el cierre de circuitos de agua).<\/p>\n<h3>Congerecaci\u00f3n<\/h3>\n<p>NorPaper Blendecques se compromete en la cogeneraci\u00f3n con una turbina a gas que produce 11 MWH el\u00e9ctricos y de la cual las emisiones de gases sirven a producir vapor ( con la ayuda de la caldera de recuperaci\u00f3n) para el secado del papel. Esta t\u00e9cnica tiene un impacto directo en la lucha contra los efectos invernaderos gracias a la gesti\u00f3n de nuestra energ\u00eda y ante nuestras necesidades energ\u00e9ticas.<\/p>\n<h3>Congerecaci\u00f3n<\/h3>\n<p>NorPaper Blendecques se compromete en la cogeneraci\u00f3n con una turbina a gas que produce 11 MWH el\u00e9ctricos y de la cual las emisiones de gases sirven a producir vapor ( con la ayuda de la caldera de recuperaci\u00f3n) para el secado del papel. Esta t\u00e9cnica tiene un impacto directo en la lucha contra los efectos invernaderos gracias a la gesti\u00f3n de nuestra energ\u00eda y ante nuestras necesidades energ\u00e9ticas.<\/p>\n<h3>Certificaci\u00f3n FSC\u00ae<\/h3>\n<p>Desde una perspectiva medioambiental y social, NorPaper ha querido desarrollar la validaci\u00f3n de la certificaci\u00f3n FSC \u00ae que garantiza la gesti\u00f3n forestal responsable.<br>\n<\/br>N\u00famero de licencia:<\/p>\n<ul>\n<li>NorPaper Valle de Avot: FSC-C105184<\/li>\n<li>NorPaper Nantes: FSC-C128335<\/li>\n<\/ul>","_links":{"self":[{"href":"https:\/\/www.norpaper.com\/es\/wp-json\/wp\/v2\/pages\/949","targetHints":{"allow":["GET"]}}],"collection":[{"href":"https:\/\/www.norpaper.com\/es\/wp-json\/wp\/v2\/pages"}],"about":[{"href":"https:\/\/www.norpaper.com\/es\/wp-json\/wp\/v2\/types\/page"}],"author":[{"embeddable":true,"href":"https:\/\/www.norpaper.com\/es\/wp-json\/wp\/v2\/users\/1"}],"replies":[{"embeddable":true,"href":"https:\/\/www.norpaper.com\/es\/wp-json\/wp\/v2\/comments?post=949"}],"version-history":[{"count":8,"href":"https:\/\/www.norpaper.com\/es\/wp-json\/wp\/v2\/pages\/949\/revisions"}],"predecessor-version":[{"id":1441,"href":"https:\/\/www.norpaper.com\/es\/wp-json\/wp\/v2\/pages\/949\/revisions\/1441"}],"wp:attachment":[{"href":"https:\/\/www.norpaper.com\/es\/wp-json\/wp\/v2\/media?parent=949"}],"curies":[{"name":"wp","href":"https:\/\/api.w.org\/{rel}","templated":true}]}}